{"id":107,"date":"2015-01-17T14:33:52","date_gmt":"2015-01-17T13:33:52","guid":{"rendered":"http:\/\/test.hsv-ovenhausen.de\/hsv-neu\/?page_id=107"},"modified":"2015-07-01T16:05:51","modified_gmt":"2015-07-01T14:05:51","slug":"projekte","status":"publish","type":"page","link":"\/?page_id=107","title":{"rendered":"Projekte"},"content":{"rendered":"<p><strong><a id=\"top\"><\/a>Projekte und Initiativen des Heimat- und Sch\u00fctzenvereins Ovenhausen der Jahre 2000 &#8211; 2010<\/strong><\/p>\n<p>Die von der Generalversammlung am 22.01.2000 beschlossene Vereinssatzung legt die Ziele und die Aufgaben des Vereins schwerpunktm\u00e4\u00dfig fest:<\/p>\n<ul>\n<li>Erhalt, F\u00f6rderung und Weiterentwicklung der heimatlichen Kultur, des \u00f6rtlichen Brauchtums und des Sch\u00fctzenwesens<\/li>\n<li><a href=\"http:\/\/www.elferrat-ovenhausen.de\/\" target=\"_blank\">s\u00e4mtliche Karnevalsaktivit\u00e4ten<\/a><\/li>\n<li><a href=\"http:\/\/test.hsv-ovenhausen.de\/hsv-neu\/?page_id=29\" target=\"_blank\">Aus\u00fcbung des Schie\u00dfsportes<\/a><\/li>\n<li>\u00dcbernahme der Aufgaben des Fremdenverkehrs nach Aufl\u00f6sung des hiesigen Verkehrsvereines<\/li>\n<li>Initiativen zum Umwelt- und Naturschutz.<\/li>\n<\/ul>\n<p>Eine intensive Nachwuchs- und Jugendf\u00f6rderung und das Engagement im Rahmen der lokalen Agenda 21 runden das Vereinsprofil der letzten Jahre ab. Hierbei steht der Erhalt und die nachhaltige Weiterentwicklung unserer d\u00f6rflichen Strukturen und Eigenarten an oberster Stelle. Der Tradition verbunden, aber Neuerungen gegen\u00fcber aufgeschlossen, haben wir in den letzten Jahren versucht, uns f\u00fcr unserer Ortschaft einzubringen und unseren historischen und kulturellen Aufgaben innerhalb der Ovenh\u00e4user Vereinsgemeinschaft gerecht zu werden.<br \/>\nOhne Anspruch auf Vollz\u00e4hligkeit soll die folgende Auflistung einen Eindruck der vielschichtigen Vereinsaktivit\u00e4ten der letzten Jahre vermitteln. Hierf\u00fcr gilt unserer besonderer Dank allen Spendern, G\u00f6nnern, Freunden, F\u00f6rderern und uneigenn\u00fctzigen Helfern, die diese Leistungsbilanz mit erm\u00f6glicht haben.<\/p>\n<p><strong>Festaktivit\u00e4ten<\/strong><\/p>\n<ul>\n<li>2000 Sch\u00fctzenfest unter der Regentschaft des K\u00f6nigspaares Friedhelm und Gudrun Rode<\/li>\n<li>2003 Sch\u00fctzenfest unter der Regentschaft des K\u00f6nigspaares Martin und Rita Otto<\/li>\n<li>2005 Heimatfest unter der Regentschaft des K\u00f6nigspaares Josef und Regina Hesse<\/li>\n<li>2007 Sch\u00fctzenfest unter der Regentschaft des K\u00f6nigspaares Wolfgang Ma\u00dfmann und Ilse Flanagan<\/li>\n<li>2009 Sch\u00fctzen- und S\u00e4ngerfest<\/li>\n<li>2010 Sch\u00fctzenfest unter der Regentschaft des K\u00f6nigspaares Ansgar und Petra W\u00f6stefeld<\/li>\n<\/ul>\n<p>Somit hat unser Verein im Schnitt alle 2 Jahre f\u00fcr die Ortschaft ein Fest organisiert und durchgef\u00fchrt. Dies erfolgt in Absprache mit den anderen \u00f6rtlichen Vereinen, die sich ebenfalls stark engagieren.<\/p>\n<p><strong>Aktivit\u00e4ten des Elferrates im Heimat- und Sch\u00fctzenverein<\/strong><\/p>\n<p>Dank des Engagements des Elferates im Heimat- und Sch\u00fctzenverein ist Ovenhausen die Karnevalshochburg im Stadtbereich H\u00f6xter. Gemeinsam mit dem Kinderkarneval, dem Seniorenkarneval und dem Frauenkarneval der Kfd hat sich in unserer Ortschaft eine ganz besondere Karnevalstradition seit mehr als 60 Jahren gebildet, die gerade in den letzten Jahren st\u00e4ndig weiterentwickelt und optimiert wurde. Besondere Schwerpunkte waren die Karnevalsumz\u00fcge 1999 und 2009 mit mehr als 20 Festwagen aus Ovenhausen und den umliegenden Ortschaften und die Verlagerung der Karnevalsaktivit\u00e4ten ins beheizte Festzelt am Dreiort. Der Mut unserer Karnevalisten, die Karnevalsveranstaltungen seit dem Jahre 2000 in einem beheizten Festzelt am Dreiort durchzuf\u00fchren, wurde belohnt. Kartenvorverkauf und die M\u00f6glichkeit von Platzreservierungen wurden von vielen Karnevalsjecken aus nah und fern dankbar angenommen. Ovenhausen hat sich gerade in den letzten Jahren in die erste Liga der Karnevalsaktivit\u00e4ten auf Kreisebene gespielt und braucht den Vergleich mit den Karnevalshochburgen in Steinheim, Nieheim, Bad Driburg und Beverungen mit Sicherheit nicht zu scheuen. Die grandiosen B\u00fcttenabende bleiben bei allen Karnevalsjecken in lebhafter Erinnerung. Auch der musikalische Fr\u00fchschoppen hat sich bereits fest etabliert und geh\u00f6rt zum festen Bestandteil des hiesigen Karnevalsprogramms.<\/p>\n<p><a name=\"top\"><\/a>nach oben<\/p>\n<p><strong>Schie\u00dfsportaktivit\u00e4ten<\/strong><br \/>\nDie Schie\u00dfgruppe im Heimat- und Sch\u00fctzenverein setzt die guten Traditionen und Erfolge im Rahmen des Schie\u00dfsportes auch in den letzten Jahren fort. Durch Eigeninitiative und in vielen Stunden freiwilliger Eigenleistung ist es den Aktiven der Schie\u00dfsportgruppe gelungen, den eigentlichen Schie\u00dfstand in unserem Sch\u00fctzenhaus in einen hervorragenden Zustand zu versetzen. Die Beschaffung neuer Waffen, die Ausstattung mit neuen M\u00f6beln und die komplette Renovierung seien an dieser Stelle nur beispielhaft genannt. Sehr erfolgreich hat sich das St. Michaels-Pokalschie\u00dfen entwickelt, an dem zuletzt mehr als 20 Gastvereine\/Gastmannschaften teilnahmen. Zu hoffen bleibt, dass die Nachwuchsarbeit dazu f\u00fchrt, dass in K\u00fcrze weitere Mannschaften zu Schie\u00dfsportwettk\u00e4mpfen angemeldet werden k\u00f6nnen.<\/p>\n<p><a name=\"top\"><\/a>nach oben<\/p>\n<p><strong>Initiativen zur Umwelt und Natur sowie im Bereich der lokalen AGENDA 21<\/strong><br \/>\nDer Heimat- und Sch\u00fctzenverein war im Jahr 2000\/2001 in 2 Arbeitsgruppen zur lokalen<br \/>\nAgenda 21 im Stadtbereich H\u00f6xter vertreten. Hieraus und in Zusammenarbeit mit Prof. Dr. Bernd Gerken und seiner Familie sind eine Reihe von Aktivit\u00e4ten entstanden, die unser Engagement f\u00fcr Umwelt- und Naturschutz dokumentieren sollen:<\/p>\n<ul>\n<li>Insgesamt bisher mehrere Exkursionen zu Flora und Fauna in Ovenhausen und Umgebung<\/li>\n<li>Kinderspielnachmittage ebenfalls zu Umwelt- und Naturschutzthemen<\/li>\n<li>Fahrt zum Hutewaldprojekt im Solling<\/li>\n<li>Vorstellung des Projektes \u201eKinder der Zukunft\u201c im Rahmen einer Vortragsveranstaltung<\/li>\n<li>Mitwirkung bei den Dorfputzaktionen der Ovenh\u00e4user Vereinsgemeinschaft<\/li>\n<li>Bau eines Wasserspielplatzes f\u00fcr Kinder am Grubebach<\/li>\n<\/ul>\n<p>Dar\u00fcber hinaus bildete die in Zusammenarbeit mit Elmar Pollmann gestartete Streuobstwieseninitiative einen weiteren Schwerpunkt. Elmar Pollmann hatte als Konsequenz aus dem lokalen Agenda 21-Prozess zugesagt, mehrere 100 Obstb\u00e4ume kostenlos zu ziehen. Dank seiner Initiative und mit Unterst\u00fctzung der unteren Landschaftsbeh\u00f6rde konnten bisher ann\u00e4hernd 1000 Obstb\u00e4ume gratis zur Verf\u00fcgung gestellt werden.<\/p>\n<p><a name=\"top\"><\/a>nach oben<\/p>\n<p><strong>Initiativen zur Nachwuchs- und Jugendf\u00f6rderung<\/strong><br \/>\nDie Vereinsf\u00fchrung bem\u00fcht sich intensiv, Jugendliche unserer Ortschaft als Sch\u00fctzennachwuchs zu gewinnen. Hierbei \u00fcbernehmen das Offizierkorps, die Schie\u00dfgruppe und der Elferat besondere Verantwortung. Verschiedene Aktivit\u00e4ten, wie z. B. Neubelebung des<br \/>\nOsterfeuers, Einsammeln der ausgedienten Weihnachtsb\u00e4ume, Durchf\u00fchrung von Jugendfeten, Angebot von regelm\u00e4\u00dfigen Trainingsabenden im Sch\u00fctzenhaus, Einf\u00fchrung des Jahresanschie\u00dfens, aber auch regelm\u00e4\u00dfiges Training des Karnevalsnachwuchses, haben dazu beigetragen, dass sich sehr viele Jugendliche dem Verein verbunden f\u00fchlen.<\/p>\n<p><a name=\"top\"><\/a>nach oben<\/p>\n<p><strong>\u00dcbernahme der Aufgaben des ehemaligen Verkehrsvereins<\/strong><br \/>\nNach Aufl\u00f6sung des hiesigen Verkehrsvereins hat der Heimat- und Sch\u00fctzenverein dessen Aufgaben \u00fcbernommen. Beispielhaft seien an Projekten genannt:<\/p>\n<ul>\n<li>Renovierung des Torbogens am K\u00fckenbrunnen und eines Bildstockes am Heiligenberg<\/li>\n<li>Aus- und Neubeschilderung der gesamten \u00f6rtlichen Wanderwege mit Eichentafeln und Edelstahlschildern<\/li>\n<li>Herausgabe einer neuen Wanderkarte<\/li>\n<li>Nachdruck der Postkarte mit der Luftaufnahme von Ovenhausen<\/li>\n<li>Renovierung der Eschenbergh\u00fctte<\/li>\n<li>Mitwirkung bei der Erneuerung der Ortseingangsschilder.<\/li>\n<\/ul>\n<p><a name=\"top\"><\/a>nach oben<\/p>\n<p><strong>Internetauftritt, Presse- und \u00d6ffentlichkeitsarbeit<\/strong><br \/>\nDie Aktivit\u00e4ten des Vereins werden durch eine intensive Presse- und \u00d6ffentlichkeitsarbeit, aber auch durch eine ansprechende Internetpr\u00e4sentation dargestellt. Hierbei spiegelt der Internetauftritt die Vereinsstruktur und die Vereinsaktivit\u00e4ten wider und wird st\u00e4ndig aktualisiert. Die Anzahl der Zugriffe und der Nachfragen zeigt, wie bedeutend dieses Informationsmittel gerade in den letzten Jahren geworden ist.<\/p>\n<p><a name=\"top\"><\/a>nach oben<\/p>\n<p><strong>Weitere Projekte und Initiativen f\u00fcr unsere Ortschaft<\/strong><\/p>\n<ul>\n<li>Herausgabe des Redegeldbuches und der Dorfchronik zum Heimatfest 1995<\/li>\n<li>Anschluss des Sch\u00fctzenhauses und des Festplatzes an die Kanalisation, Neuverlegung aller Versorgungsleitungen zum Sch\u00fctzenhaus<\/li>\n<li>Renovierung des Sch\u00fctzenhauses, u. a. mit Fu\u00dfbodenheizung, Gasanschluss, Brennwertkessel, Erneuerung des Schie\u00dfstandes<\/li>\n<li>neue Getr\u00e4nkek\u00fchlung, Beschaffung von Stehtischen, Erneuerung des Au\u00dfenanstriches<\/li>\n<li>Silvesterball 1999\/2000<\/li>\n<li>Neuauflage des Osterfeuers am Dreiort<\/li>\n<li>Neu-\/Umgestaltung des Ehrenmals zur Dorfgeschichte im Bergwinkel<\/li>\n<li>Historischer Markt im Bergwinkel im Rahmen des Sch\u00fctzenfestes 2000<\/li>\n<li>Pflasterarbeiten im Schafstall<\/li>\n<li>Durchf\u00fchrung von Vortragsveranstaltungen zu aktuellen und kulturhistorischen Themen<\/li>\n<li>Unterst\u00fctzung des Landschaftsverbandes bei der Translozierung des Hauses Uhlmann zum Freilichtmuseum Detmold<\/li>\n<li>Mitwirkung bei der Errichtung des Gedenksteines f\u00fcr die ehemaligen j\u00fcdischen Mitb\u00fcrger<\/li>\n<li>Info Tafel Haus Uhlmann<\/li>\n<li>Beitritt zum Verein \u201eRegionalmarketing\u201c<\/li>\n<li>Durchf\u00fchrung der Sammlung Kriegsgr\u00e4berf\u00fcrsorge<\/li>\n<li>Befestigung von 500 m\u00b2 Fl\u00e4che des Festplatzes am Dreiort mit Recyclingmaterial<\/li>\n<li>Bau eines Fu\u00dfweges zum Schie\u00dfstand entlang der Landesstra\u00dfe 755<\/li>\n<li>\u00dcbernahme\/Anpachtung des gesamten Schafstalls f\u00fcr Zwecke der Ortschaft und der \u00f6rtlichen Vereine<\/li>\n<li>Erneuerung des Au\u00dfenanstriches des Toilettengeb\u00e4udes am Festplatz<\/li>\n<li>Instandsetzungsarbeiten am Schafstall einschlie\u00dflich Erneuerung der gesamten Dachverschalung<\/li>\n<li>Einbau einer Edelstahlrinne in der Herrentoilette einschl. Innenanstrich<\/li>\n<li>Vorbereitung von insgesamt 3 Buchprojekten f\u00fcr das Heimatfest 2005 (100 Jahre Ovenhausen in Bildern; Dorfchronik 1995 bis 2004; Heimatbuch)<\/li>\n<li>Befestigung Festplatz f\u00fcr Zeltaufstellung<\/li>\n<li>Ausstellung \u201eHeimatlicht\u201c im Pfarrheim des heimischen K\u00fcnstlers Wolfgang G\u00f6llner<\/li>\n<li>Er\u00f6ffnungsgala Schlosstheater F\u00fcrstenberg mit 700 Zuh\u00f6rern beim Heimatfest 2005<\/li>\n<li>Knobelturniere im Sch\u00fctzenhaus<\/li>\n<li>Anbau Sch\u00fczenhaus und Fertigstellung der Au\u00dfenanlagen<\/li>\n<li>Auftritt des &#8222;Happy Music Sound Orchestra&#8220; beim Fest 2007<\/li>\n<li>Auftritt Schlosstheater F\u00fcrstenberg beim Sch\u00fctzen- und S\u00e4ngerfest 2009<\/li>\n<li>mehrere Wanderungen mit Willi Weber zu Fluren und Geschehnissen in und um Ovenhausen<\/li>\n<li>Vorbereitung eines Buches mit Wanderkarte zu Willi Webers Flurnamenprojekt<\/li>\n<li>Erg\u00e4nzung des j\u00fcdischen Gedenksteins um die Namen der deportierten und ermordeten ehemaligen j\u00fcdischen Mitb\u00fcrger.<\/li>\n<\/ul>\n<p>Neben diesen Aktivit\u00e4ten f\u00fchren wir folgende allj\u00e4hrliche Routineveranstaltungen durch:<\/p>\n<ul>\n<li>Jahreshauptversammlung<\/li>\n<li>Seniorennachmittag<\/li>\n<li>St. Michaels-Pokalschie\u00dfen<\/li>\n<li>Festakt zum Volkstrauertag<\/li>\n<li>Adventswanderung zum Heiligenberg am 1. Advent<\/li>\n<li>Veranstaltungen\/Besprechungen von Offizierskorps, Schie\u00dfgruppe, Elferat und Thekenmannschaft<\/li>\n<li>monatliche Sitzungen im Rahmen des erweiterten Vorstandskreises im Sch\u00fctzenhaus.<\/li>\n<\/ul>\n<p><a name=\"top\"><\/a>nach oben<\/p>\n<p>Der Heimat- und Sch\u00fctzenverein Ovenhausen dankt allen ganz herzlich, die diese Leistungsbilanz m\u00f6glich gemacht haben.<\/p>\n","protected":false},"excerpt":{"rendered":"<p>Projekte und Initiativen des Heimat- und Sch\u00fctzenvereins Ovenhausen der Jahre 2000 &#8211; 2010 Die von der Generalversammlung am 22.01.2000 beschlossene Vereinssatzung legt die Ziele und die Aufgaben des Vereins schwerpunktm\u00e4\u00dfig fest: Erhalt, F\u00f6rderung und Weiterentwicklung der heimatlichen Kultur, des \u00f6rtlichen&hellip; <\/p>\n","protected":false},"author":9,"featured_media":0,"parent":0,"menu_order":0,"comment_status":"closed","ping_status":"open","template":"","meta":{"jetpack_post_was_ever_published":false,"footnotes":""},"class_list":["post-107","page","type-page","status-publish","hentry"],"jetpack_sharing_enabled":true,"jetpack_shortlink":"https:\/\/wp.me\/P7qpVN-1J","jetpack-related-posts":[{"id":6,"url":"\/?page_id=6","url_meta":{"origin":107,"position":0},"title":"Geschichte","author":"Sebastian Werpup","date":"3. Juni 2014","format":false,"excerpt":"Der Heimat- und Sch\u00fctzenverein Ovenhausen von 1575 e.V. kann als Tr\u00e4ger des traditionellen Sch\u00fctzenwesens in unserem Dorf auf eine mehr als 400- j\u00e4hrige Vereinsgeschichte stolz sein. Im Laufe der Vereinsgeschichte hat sich sein Aufgabenspektrum st\u00e4ndig weiterentwickelt, so das derzeit neben dem Sch\u00fctzenbrauchtum und dem Schie\u00dfsport s\u00e4mtliche Karnevalsaktivit\u00e4ten, die Belange des\u2026","rel":"","context":"\u00c4hnlicher Beitrag","block_context":{"text":"\u00c4hnlicher Beitrag","link":""},"img":{"alt_text":"","src":"","width":0,"height":0},"classes":[]},{"id":2752,"url":"\/?page_id=2752","url_meta":{"origin":107,"position":1},"title":"Vogelschie\u00dfstand","author":"Sebastian Werpup","date":"19. Mai 2018","format":false,"excerpt":"Erneuerung des Vogelschie\u00dfstandes (Juni 2016) Um auch weiterhin das K\u00f6nigsschie\u00dfen auf einen Vogel ausrichten zu k\u00f6nnen waren wir Aufgrund neuer Richtlinien gezwungen unseren Vogelschie\u00dfstand auf den neusten Stand der Gesetzlichen Vorgaben umzur\u00fcsten damit wir eine erneute Abnahme bekommen. Die Umr\u00fcstung war mit recht viel Arbeit verbunden, denn es mussten folgende\u2026","rel":"","context":"\u00c4hnlicher Beitrag","block_context":{"text":"\u00c4hnlicher Beitrag","link":""},"img":{"alt_text":"","src":"https:\/\/i0.wp.com\/hsv-ovenhausen.de\/hsv-neu\/wp-content\/uploads\/2016\/04\/P3040007.jpg?fit=1024%2C767&resize=350%2C200","width":350,"height":200,"srcset":"https:\/\/i0.wp.com\/hsv-ovenhausen.de\/hsv-neu\/wp-content\/uploads\/2016\/04\/P3040007.jpg?fit=1024%2C767&resize=350%2C200 1x, https:\/\/i0.wp.com\/hsv-ovenhausen.de\/hsv-neu\/wp-content\/uploads\/2016\/04\/P3040007.jpg?fit=1024%2C767&resize=525%2C300 1.5x, https:\/\/i0.wp.com\/hsv-ovenhausen.de\/hsv-neu\/wp-content\/uploads\/2016\/04\/P3040007.jpg?fit=1024%2C767&resize=700%2C400 2x"},"classes":[]},{"id":2750,"url":"\/?page_id=2750","url_meta":{"origin":107,"position":2},"title":"Erneuerung der Zaunanlage","author":"Sebastian Werpup","date":"19. Mai 2018","format":false,"excerpt":"Erneuerung der Zaunanlage (April 2016) \u00a0 Da der alte Zaun der die KK-Bahnen sicherte mit den Jahren doch sehr marode geworden war wurde ein neuer Zaun aufgestellt um auch weiterhin einen gesicherten Schie\u00dfbetrieb erm\u00f6glichen zu k\u00f6nnen. Dies war mit viel Arbeit verbunden da der alte Zaun \u00fcber die Jahre stark\u2026","rel":"","context":"\u00c4hnlicher Beitrag","block_context":{"text":"\u00c4hnlicher Beitrag","link":""},"img":{"alt_text":"","src":"https:\/\/i0.wp.com\/hsv-ovenhausen.de\/hsv-neu\/wp-content\/uploads\/2016\/04\/img-20160416-wa0007-300x225.jpg?resize=350%2C200","width":350,"height":200},"classes":[]},{"id":4150,"url":"\/?page_id=4150","url_meta":{"origin":107,"position":3},"title":"Heimatfest 2025","author":"Matthias Gorzolka","date":"1. Juli 2025","format":false,"excerpt":"Liebe G\u00e4ste aus Nah und Fern, liebe Ovenh\u00e4userinnen und Ovenh\u00e4user sowie Freundinnen und Freunde des Sch\u00fctzenwesens,der Heimat- und Sch\u00fctzenverein Ovenhausen freut sich, Sie alle zum 11. Gro\u00dfen Heimatfest in Ovenhausen begr\u00fc\u00dfen zu d\u00fcrfen. Alle zehn Jahre feiern wir unsere Heimat, das Dorf und das Sch\u00fctzenwesen mit einem gro\u00dfen Fest der\u2026","rel":"","context":"\u00c4hnlicher Beitrag","block_context":{"text":"\u00c4hnlicher Beitrag","link":""},"img":{"alt_text":"","src":"https:\/\/i0.wp.com\/hsv-ovenhausen.de\/hsv-neu\/wp-content\/uploads\/2025\/07\/PLAKAT_Heimatfest_2025_A2_Ansicht-scaled.jpg?resize=350%2C200","width":350,"height":200,"srcset":"https:\/\/i0.wp.com\/hsv-ovenhausen.de\/hsv-neu\/wp-content\/uploads\/2025\/07\/PLAKAT_Heimatfest_2025_A2_Ansicht-scaled.jpg?resize=350%2C200 1x, https:\/\/i0.wp.com\/hsv-ovenhausen.de\/hsv-neu\/wp-content\/uploads\/2025\/07\/PLAKAT_Heimatfest_2025_A2_Ansicht-scaled.jpg?resize=525%2C300 1.5x, https:\/\/i0.wp.com\/hsv-ovenhausen.de\/hsv-neu\/wp-content\/uploads\/2025\/07\/PLAKAT_Heimatfest_2025_A2_Ansicht-scaled.jpg?resize=700%2C400 2x, https:\/\/i0.wp.com\/hsv-ovenhausen.de\/hsv-neu\/wp-content\/uploads\/2025\/07\/PLAKAT_Heimatfest_2025_A2_Ansicht-scaled.jpg?resize=1050%2C600 3x, https:\/\/i0.wp.com\/hsv-ovenhausen.de\/hsv-neu\/wp-content\/uploads\/2025\/07\/PLAKAT_Heimatfest_2025_A2_Ansicht-scaled.jpg?resize=1400%2C800 4x"},"classes":[]},{"id":29,"url":"\/?page_id=29","url_meta":{"origin":107,"position":4},"title":"Schie\u00dfsport (alte Seite)","author":"Martin Bahr","date":"12. August 2014","format":false,"excerpt":"Spitzenreiter in der Leistungsklasse - HSV holt Top-Platzierungen und Titel Ob Luftgewehr oder Kleinkaliber \u2013 die Sportsch\u00fctzen des HSV Ovenhausen sind im Kreis H\u00f6xter die treffsichersten. Sogar auf Bundesebene hat es f\u00fcr einen Sportler im Oktober Grund zum Jubeln gegeben. Bei der Deutschen Meisterschaft in Hannover landete Ewald Hanke mit\u2026","rel":"","context":"\u00c4hnlicher Beitrag","block_context":{"text":"\u00c4hnlicher Beitrag","link":""},"img":{"alt_text":"Mit Kleinkaliber und Luftgewehr auf Titeljagd. Das sind die f\u00fcnf Sch\u00fctzen (von links): Ewald Hanke, Bernward Mutter, Martin Bahr, J\u00fcrgen Todt und Markus B\u00f6melburg. Der HSV Ovenhausen belegt in der Leistungsklasse Rang eins. Foto: Oliver Temme","src":"https:\/\/i0.wp.com\/test.hsv-ovenhausen.de\/hsv-neu\/wp-content\/uploads\/2014\/08\/Schiessgruppe.jpg?resize=350%2C200","width":350,"height":200},"classes":[]},{"id":4,"url":"\/?page_id=4","url_meta":{"origin":107,"position":5},"title":"Der Verein","author":"Christoph Klocke","date":"3. Juni 2014","format":false,"excerpt":"Der Heimat- und Sch\u00fctzenverein Ovenhausen von 1575 e.V. kann als Tr\u00e4ger des traditionellen Sch\u00fctzenwesens in unserem Dorf auf eine mehr als 400- j\u00e4hrige Vereinsgeschichte stolz sein und ist mit seinen rund 450 Mitgliedern auch einer der gr\u00f6\u00dften \u00f6rtlichen Vereine. Im Laufe der Vereinsgeschichte hat sich sein Aufgabenspektrum st\u00e4ndig weiterentwickelt, so\u2026","rel":"","context":"\u00c4hnlicher Beitrag","block_context":{"text":"\u00c4hnlicher Beitrag","link":""},"img":{"alt_text":"","src":"","width":0,"height":0},"classes":[]}],"_links":{"self":[{"href":"\/index.php?rest_route=\/wp\/v2\/pages\/107","targetHints":{"allow":["GET"]}}],"collection":[{"href":"\/index.php?rest_route=\/wp\/v2\/pages"}],"about":[{"href":"\/index.php?rest_route=\/wp\/v2\/types\/page"}],"author":[{"embeddable":true,"href":"\/index.php?rest_route=\/wp\/v2\/users\/9"}],"replies":[{"embeddable":true,"href":"\/index.php?rest_route=%2Fwp%2Fv2%2Fcomments&post=107"}],"version-history":[{"count":0,"href":"\/index.php?rest_route=\/wp\/v2\/pages\/107\/revisions"}],"wp:attachment":[{"href":"\/index.php?rest_route=%2Fwp%2Fv2%2Fmedia&parent=107"}],"curies":[{"name":"wp","href":"https:\/\/api.w.org\/{rel}","templated":true}]}}