{"id":111,"date":"2015-01-17T14:34:17","date_gmt":"2015-01-17T13:34:17","guid":{"rendered":"http:\/\/test.hsv-ovenhausen.de\/hsv-neu\/?page_id=111"},"modified":"2024-03-13T19:44:16","modified_gmt":"2024-03-13T18:44:16","slug":"downloads","status":"publish","type":"page","link":"\/?page_id=111","title":{"rendered":"Downloads"},"content":{"rendered":"<p><a href=\"http:\/\/hsv-ovenhausen.de\/hsv-neu\/wp-content\/uploads\/2024\/03\/Beitrittserklaerung_Aenderungsmitteilung.pdf\" target=\"_blank\" rel=\"noopener\">Beitrittserkl\u00e4rung zum Heimat- u. Sch\u00fctzenverein Ovenhausen<\/a><\/p>\n<p><a href=\"http:\/\/hsv-ovenhausen.de\/hsv-neu\/wp-content\/uploads\/2024\/03\/Mietvertrag-Schuetzenhaus_Rev5.pdf\" target=\"_blank\" rel=\"noopener\">Mietvertrag Sch\u00fctzenhaus<\/a><\/p>\n<p><a href=\"http:\/\/hsv-ovenhausen.de\/hsv-neu\/wp-content\/uploads\/2024\/03\/Hausordnung.pdf\" target=\"_blank\" rel=\"noopener\">Hausordnung Sch\u00fctzenhaus<\/a><\/p>\n<p><a href=\"http:\/\/hsv-ovenhausen.de\/hsv-neu\/wp-content\/uploads\/2017\/12\/Satzung-HSV_24.10.17.pdf\" target=\"_blank\" rel=\"noopener\">Satzung des HSV Ovenhausen<\/a><\/p>\n<p><a href=\"http:\/\/hsv-ovenhausen.de\/hsv-neu\/wp-content\/uploads\/2024\/03\/Zustaendigkeit-Offiziere-2023.pdf\" target=\"_blank\" rel=\"noopener\">Zust\u00e4ndigkeiten Offizierskorps des HSV Ovenhausen<\/a><\/p>\n","protected":false},"excerpt":{"rendered":"<p>Beitrittserkl\u00e4rung zum Heimat- u. Sch\u00fctzenverein Ovenhausen Mietvertrag Sch\u00fctzenhaus Hausordnung Sch\u00fctzenhaus Satzung des HSV Ovenhausen Zust\u00e4ndigkeiten Offizierskorps des HSV Ovenhausen<\/p>\n","protected":false},"author":9,"featured_media":0,"parent":0,"menu_order":0,"comment_status":"closed","ping_status":"open","template":"","meta":{"jetpack_post_was_ever_published":false,"footnotes":""},"class_list":["post-111","page","type-page","status-publish","hentry"],"jetpack_sharing_enabled":true,"jetpack_shortlink":"https:\/\/wp.me\/P7qpVN-1N","jetpack-related-posts":[{"id":2,"url":"\/?page_id=2","url_meta":{"origin":111,"position":0},"title":"Vermietung Sch\u00fctzenhaus","author":"Sebastian Werpup","date":"7. April 2014","format":false,"excerpt":"Die Vermietungen werden von Herrn Josef K\u00f6ster verwaltet. Mit ihm haben Sie einen kompetenten Ansprechpartner in allen Fragen rund um den Schie\u00dfstand und die Vermietung. F\u00fcr die erste Kontaktaufnahme bitten wir sie eine Anfrage an folgende E-Mail Adresse zu senden: schiessstandovenhausen@hsv-ovenhausen.de Herr K\u00f6ster wird sich dann mit Ihnen in Verbindung\u2026","rel":"","context":"\u00c4hnlicher Beitrag","block_context":{"text":"\u00c4hnlicher Beitrag","link":""},"img":{"alt_text":"Sch\u00fctzenhaus Blick vom Parkplatz","src":"https:\/\/i0.wp.com\/hsv-ovenhausen.de\/hsv-neu\/wp-content\/uploads\/2021\/01\/Schiessstand_010.jpg?resize=350%2C200","width":350,"height":200,"srcset":"https:\/\/i0.wp.com\/hsv-ovenhausen.de\/hsv-neu\/wp-content\/uploads\/2021\/01\/Schiessstand_010.jpg?resize=350%2C200 1x, https:\/\/i0.wp.com\/hsv-ovenhausen.de\/hsv-neu\/wp-content\/uploads\/2021\/01\/Schiessstand_010.jpg?resize=525%2C300 1.5x, https:\/\/i0.wp.com\/hsv-ovenhausen.de\/hsv-neu\/wp-content\/uploads\/2021\/01\/Schiessstand_010.jpg?resize=700%2C400 2x"},"classes":[]},{"id":6,"url":"\/?page_id=6","url_meta":{"origin":111,"position":1},"title":"Geschichte","author":"Sebastian Werpup","date":"3. Juni 2014","format":false,"excerpt":"Der Heimat- und Sch\u00fctzenverein Ovenhausen von 1575 e.V. kann als Tr\u00e4ger des traditionellen Sch\u00fctzenwesens in unserem Dorf auf eine mehr als 400- j\u00e4hrige Vereinsgeschichte stolz sein. Im Laufe der Vereinsgeschichte hat sich sein Aufgabenspektrum st\u00e4ndig weiterentwickelt, so das derzeit neben dem Sch\u00fctzenbrauchtum und dem Schie\u00dfsport s\u00e4mtliche Karnevalsaktivit\u00e4ten, die Belange des\u2026","rel":"","context":"\u00c4hnlicher Beitrag","block_context":{"text":"\u00c4hnlicher Beitrag","link":""},"img":{"alt_text":"","src":"","width":0,"height":0},"classes":[]},{"id":4096,"url":"\/?page_id=4096","url_meta":{"origin":111,"position":2},"title":"Offiziere","author":"Matthias Gorzolka","date":"26. Mai 2025","format":false,"excerpt":"Das Offizierskorps besteht aus \u00fcber 30 Mitgliedern und repr\u00e4sentiert den Verein auf Festen in der Umgebung sowie im eigenen Dorf. Wir unterst\u00fctzen Arbeiten am Sch\u00fctzenhaus und die Vorbereitung des Sch\u00fctzenfestes sowie die Durchf\u00fchrung des Osterfeuers. Die Offiziere sind jederzeit Ansprechpartner in Vereinsfragen. Die F\u00fchrung des Offizierkorps Leitende Offiziere - Klaus\u2026","rel":"","context":"\u00c4hnlicher Beitrag","block_context":{"text":"\u00c4hnlicher Beitrag","link":""},"img":{"alt_text":"","src":"https:\/\/i0.wp.com\/hsv-ovenhausen.de\/hsv-neu\/wp-content\/uploads\/2025\/05\/Offizierkorps-1-scaled-e1748286833961.jpg?fit=1200%2C402&resize=350%2C200","width":350,"height":200,"srcset":"https:\/\/i0.wp.com\/hsv-ovenhausen.de\/hsv-neu\/wp-content\/uploads\/2025\/05\/Offizierkorps-1-scaled-e1748286833961.jpg?fit=1200%2C402&resize=350%2C200 1x, https:\/\/i0.wp.com\/hsv-ovenhausen.de\/hsv-neu\/wp-content\/uploads\/2025\/05\/Offizierkorps-1-scaled-e1748286833961.jpg?fit=1200%2C402&resize=525%2C300 1.5x, https:\/\/i0.wp.com\/hsv-ovenhausen.de\/hsv-neu\/wp-content\/uploads\/2025\/05\/Offizierkorps-1-scaled-e1748286833961.jpg?fit=1200%2C402&resize=700%2C400 2x, https:\/\/i0.wp.com\/hsv-ovenhausen.de\/hsv-neu\/wp-content\/uploads\/2025\/05\/Offizierkorps-1-scaled-e1748286833961.jpg?fit=1200%2C402&resize=1050%2C600 3x"},"classes":[]},{"id":107,"url":"\/?page_id=107","url_meta":{"origin":111,"position":3},"title":"Projekte","author":"Sebastian Werpup","date":"17. Januar 2015","format":false,"excerpt":"Projekte und Initiativen des Heimat- und Sch\u00fctzenvereins Ovenhausen der Jahre 2000 - 2010 Die von der Generalversammlung am 22.01.2000 beschlossene Vereinssatzung legt die Ziele und die Aufgaben des Vereins schwerpunktm\u00e4\u00dfig fest: Erhalt, F\u00f6rderung und Weiterentwicklung der heimatlichen Kultur, des \u00f6rtlichen Brauchtums und des Sch\u00fctzenwesens s\u00e4mtliche Karnevalsaktivit\u00e4ten Aus\u00fcbung des Schie\u00dfsportes \u00dcbernahme\u2026","rel":"","context":"\u00c4hnlicher Beitrag","block_context":{"text":"\u00c4hnlicher Beitrag","link":""},"img":{"alt_text":"","src":"","width":0,"height":0},"classes":[]},{"id":2537,"url":"\/?page_id=2537","url_meta":{"origin":111,"position":4},"title":"2017","author":"Martin Bahr","date":"6. Januar 2017","format":false,"excerpt":"Nach dem gro\u00dfen Erfolg beim LG, \u00fcberlie\u00dfen die \u201eSenioren A\u201c des HSV Ovenhausen nichts dem Zufall. Konzentriert mit tollen Ergebnissen wurde auch dieser Wettbewerb KK 50 Meter gewonnen und der Kreismeistertitel 2017, wie bereits im letzten Jahr, \u00a0gesichert. In Beller wurde die Disziplin KK 50 Meter geschossen 1 - HSV\u2026","rel":"","context":"\u00c4hnlicher Beitrag","block_context":{"text":"\u00c4hnlicher Beitrag","link":""},"img":{"alt_text":"","src":"https:\/\/i0.wp.com\/hsv-ovenhausen.de\/hsv-neu\/wp-content\/uploads\/2017\/01\/DSC_6684_pp-4-1-300x200.jpg?resize=350%2C200","width":350,"height":200},"classes":[]},{"id":2532,"url":"\/?page_id=2532","url_meta":{"origin":111,"position":5},"title":"2017","author":"Martin Bahr","date":"6. Januar 2017","format":false,"excerpt":"Die \u201eSenioren A\u201c \u00a0des HSV Ovenhausen siegen souver\u00e4n bei den Kreismeisterschaften 2017 In L\u00fcgeneder wurde die Disziplin LG 10 Meter ausgetragen 1 - HSV Ovenhausen e.V. \u00a0mit \u00a0\u00a0\u00a0\u00a0\u00a0\u00a0\u00a0\u00a0\u00a0\u00a0\u00a0\u00a0\u00a0\u00a0\u00a0\u00a0\u00a0 897 Ring 2 - BSV Brakel e.V 1 . mit\u00a0\u00a0\u00a0\u00a0\u00a0\u00a0\u00a0\u00a0\u00a0\u00a0\u00a0\u00a0\u00a0\u00a0\u00a0\u00a0\u00a0\u00a0\u00a0\u00a0\u00a0\u00a0\u00a0\u00a0\u00a0\u00a0 890 Ring 3 - BSV Brakel e.V. 2 mit\u00a0\u00a0\u00a0\u00a0\u00a0\u00a0\u00a0\u00a0\u00a0\u00a0\u00a0\u00a0\u00a0\u00a0\u00a0\u00a0\u00a0\u00a0\u00a0\u00a0\u00a0\u00a0\u00a0\u00a0\u00a0\u00a0\u00a0 887 Ring 4\u2026","rel":"","context":"\u00c4hnlicher Beitrag","block_context":{"text":"\u00c4hnlicher Beitrag","link":""},"img":{"alt_text":"","src":"https:\/\/i0.wp.com\/hsv-ovenhausen.de\/hsv-neu\/wp-content\/uploads\/2017\/01\/DSC_6684_pp-4-300x200.jpg?resize=350%2C200","width":350,"height":200},"classes":[]}],"_links":{"self":[{"href":"\/index.php?rest_route=\/wp\/v2\/pages\/111","targetHints":{"allow":["GET"]}}],"collection":[{"href":"\/index.php?rest_route=\/wp\/v2\/pages"}],"about":[{"href":"\/index.php?rest_route=\/wp\/v2\/types\/page"}],"author":[{"embeddable":true,"href":"\/index.php?rest_route=\/wp\/v2\/users\/9"}],"replies":[{"embeddable":true,"href":"\/index.php?rest_route=%2Fwp%2Fv2%2Fcomments&post=111"}],"version-history":[{"count":16,"href":"\/index.php?rest_route=\/wp\/v2\/pages\/111\/revisions"}],"predecessor-version":[{"id":3906,"href":"\/index.php?rest_route=\/wp\/v2\/pages\/111\/revisions\/3906"}],"wp:attachment":[{"href":"\/index.php?rest_route=%2Fwp%2Fv2%2Fmedia&parent=111"}],"curies":[{"name":"wp","href":"https:\/\/api.w.org\/{rel}","templated":true}]}}