{"id":113,"date":"2015-01-17T14:34:58","date_gmt":"2015-01-17T13:34:58","guid":{"rendered":"http:\/\/test.hsv-ovenhausen.de\/hsv-neu\/?page_id=113"},"modified":"2025-07-01T18:45:32","modified_gmt":"2025-07-01T16:45:32","slug":"links","status":"publish","type":"page","link":"\/?page_id=113","title":{"rendered":"Links"},"content":{"rendered":"\n<p><a href=\"http:\/\/www.ovenhausen-digital.de\" target=\"_blank\" rel=\"noopener\">Ortschaft Ovenhausen<\/a><\/p>\n\n\n\n<ul class=\"wp-block-list\">\n<li><a href=\"http:\/\/www.blaskapelle-ovenhausen.de\" target=\"_blank\" rel=\"noopener\">Blaskapelle Ovenhausen<\/a><\/li>\n\n\n\n<li><a href=\"http:\/\/www.feuerwehr-hoexter.de\/einheiten\/ovenhausen\" target=\"_blank\" rel=\"noopener\">L\u00f6schgruppe Ovenhausen<\/a><\/li>\n\n\n\n<li><a href=\"https:\/\/ovenhausen-digital.de\/vereinsseiten\/tennisverein\/\" target=\"_blank\" rel=\"noreferrer noopener\">TC 86 Ovenhausen<\/a><\/li>\n\n\n\n<li><a href=\"http:\/\/www.tus-ovenhausen.de\" target=\"_blank\" rel=\"noopener\">TuS Ovenhausen<\/a><\/li>\n\n\n\n<li><a href=\"https:\/\/ovenhausen-digital.de\/vereinsseiten\/ovenhaeuser-musikanten\/\" target=\"_blank\" rel=\"noreferrer noopener\">Ovenh\u00e4user Musikanten<\/a><\/li>\n<\/ul>\n\n\n\n<p><a href=\"http:\/\/www.wsb1861.de\" target=\"_blank\" rel=\"noopener\">Westf\u00e4lischer Sch\u00fctzenbund<\/a><\/p>\n","protected":false},"excerpt":{"rendered":"<p>Ortschaft Ovenhausen Westf\u00e4lischer Sch\u00fctzenbund<\/p>\n","protected":false},"author":9,"featured_media":0,"parent":0,"menu_order":0,"comment_status":"closed","ping_status":"open","template":"","meta":{"jetpack_post_was_ever_published":false,"footnotes":""},"class_list":["post-113","page","type-page","status-publish","hentry"],"jetpack_sharing_enabled":true,"jetpack_shortlink":"https:\/\/wp.me\/P7qpVN-1P","jetpack-related-posts":[{"id":4150,"url":"\/?page_id=4150","url_meta":{"origin":113,"position":0},"title":"Heimatfest 2025","author":"Matthias Gorzolka","date":"1. Juli 2025","format":false,"excerpt":"Liebe G\u00e4ste aus Nah und Fern, liebe Ovenh\u00e4userinnen und Ovenh\u00e4user sowie Freundinnen und Freunde des Sch\u00fctzenwesens,der Heimat- und Sch\u00fctzenverein Ovenhausen freut sich, Sie alle zum 11. Gro\u00dfen Heimatfest in Ovenhausen begr\u00fc\u00dfen zu d\u00fcrfen. Alle zehn Jahre feiern wir unsere Heimat, das Dorf und das Sch\u00fctzenwesen mit einem gro\u00dfen Fest der\u2026","rel":"","context":"\u00c4hnlicher Beitrag","block_context":{"text":"\u00c4hnlicher Beitrag","link":""},"img":{"alt_text":"","src":"https:\/\/i0.wp.com\/hsv-ovenhausen.de\/hsv-neu\/wp-content\/uploads\/2025\/07\/PLAKAT_Heimatfest_2025_A2_Ansicht-scaled.jpg?resize=350%2C200","width":350,"height":200,"srcset":"https:\/\/i0.wp.com\/hsv-ovenhausen.de\/hsv-neu\/wp-content\/uploads\/2025\/07\/PLAKAT_Heimatfest_2025_A2_Ansicht-scaled.jpg?resize=350%2C200 1x, https:\/\/i0.wp.com\/hsv-ovenhausen.de\/hsv-neu\/wp-content\/uploads\/2025\/07\/PLAKAT_Heimatfest_2025_A2_Ansicht-scaled.jpg?resize=525%2C300 1.5x, https:\/\/i0.wp.com\/hsv-ovenhausen.de\/hsv-neu\/wp-content\/uploads\/2025\/07\/PLAKAT_Heimatfest_2025_A2_Ansicht-scaled.jpg?resize=700%2C400 2x, https:\/\/i0.wp.com\/hsv-ovenhausen.de\/hsv-neu\/wp-content\/uploads\/2025\/07\/PLAKAT_Heimatfest_2025_A2_Ansicht-scaled.jpg?resize=1050%2C600 3x, https:\/\/i0.wp.com\/hsv-ovenhausen.de\/hsv-neu\/wp-content\/uploads\/2025\/07\/PLAKAT_Heimatfest_2025_A2_Ansicht-scaled.jpg?resize=1400%2C800 4x"},"classes":[]},{"id":29,"url":"\/?page_id=29","url_meta":{"origin":113,"position":1},"title":"Schie\u00dfsport (alte Seite)","author":"Martin Bahr","date":"12. August 2014","format":false,"excerpt":"Spitzenreiter in der Leistungsklasse - HSV holt Top-Platzierungen und Titel Ob Luftgewehr oder Kleinkaliber \u2013 die Sportsch\u00fctzen des HSV Ovenhausen sind im Kreis H\u00f6xter die treffsichersten. Sogar auf Bundesebene hat es f\u00fcr einen Sportler im Oktober Grund zum Jubeln gegeben. Bei der Deutschen Meisterschaft in Hannover landete Ewald Hanke mit\u2026","rel":"","context":"\u00c4hnlicher Beitrag","block_context":{"text":"\u00c4hnlicher Beitrag","link":""},"img":{"alt_text":"Mit Kleinkaliber und Luftgewehr auf Titeljagd. Das sind die f\u00fcnf Sch\u00fctzen (von links): Ewald Hanke, Bernward Mutter, Martin Bahr, J\u00fcrgen Todt und Markus B\u00f6melburg. Der HSV Ovenhausen belegt in der Leistungsklasse Rang eins. Foto: Oliver Temme","src":"https:\/\/i0.wp.com\/test.hsv-ovenhausen.de\/hsv-neu\/wp-content\/uploads\/2014\/08\/Schiessgruppe.jpg?resize=350%2C200","width":350,"height":200},"classes":[]},{"id":2537,"url":"\/?page_id=2537","url_meta":{"origin":113,"position":2},"title":"2017","author":"Martin Bahr","date":"6. Januar 2017","format":false,"excerpt":"Nach dem gro\u00dfen Erfolg beim LG, \u00fcberlie\u00dfen die \u201eSenioren A\u201c des HSV Ovenhausen nichts dem Zufall. Konzentriert mit tollen Ergebnissen wurde auch dieser Wettbewerb KK 50 Meter gewonnen und der Kreismeistertitel 2017, wie bereits im letzten Jahr, \u00a0gesichert. In Beller wurde die Disziplin KK 50 Meter geschossen 1 - HSV\u2026","rel":"","context":"\u00c4hnlicher Beitrag","block_context":{"text":"\u00c4hnlicher Beitrag","link":""},"img":{"alt_text":"","src":"https:\/\/i0.wp.com\/hsv-ovenhausen.de\/hsv-neu\/wp-content\/uploads\/2017\/01\/DSC_6684_pp-4-1-300x200.jpg?resize=350%2C200","width":350,"height":200},"classes":[]},{"id":107,"url":"\/?page_id=107","url_meta":{"origin":113,"position":3},"title":"Projekte","author":"Sebastian Werpup","date":"17. Januar 2015","format":false,"excerpt":"Projekte und Initiativen des Heimat- und Sch\u00fctzenvereins Ovenhausen der Jahre 2000 - 2010 Die von der Generalversammlung am 22.01.2000 beschlossene Vereinssatzung legt die Ziele und die Aufgaben des Vereins schwerpunktm\u00e4\u00dfig fest: Erhalt, F\u00f6rderung und Weiterentwicklung der heimatlichen Kultur, des \u00f6rtlichen Brauchtums und des Sch\u00fctzenwesens s\u00e4mtliche Karnevalsaktivit\u00e4ten Aus\u00fcbung des Schie\u00dfsportes \u00dcbernahme\u2026","rel":"","context":"\u00c4hnlicher Beitrag","block_context":{"text":"\u00c4hnlicher Beitrag","link":""},"img":{"alt_text":"","src":"","width":0,"height":0},"classes":[]},{"id":2532,"url":"\/?page_id=2532","url_meta":{"origin":113,"position":4},"title":"2017","author":"Martin Bahr","date":"6. Januar 2017","format":false,"excerpt":"Die \u201eSenioren A\u201c \u00a0des HSV Ovenhausen siegen souver\u00e4n bei den Kreismeisterschaften 2017 In L\u00fcgeneder wurde die Disziplin LG 10 Meter ausgetragen 1 - HSV Ovenhausen e.V. \u00a0mit \u00a0\u00a0\u00a0\u00a0\u00a0\u00a0\u00a0\u00a0\u00a0\u00a0\u00a0\u00a0\u00a0\u00a0\u00a0\u00a0\u00a0 897 Ring 2 - BSV Brakel e.V 1 . mit\u00a0\u00a0\u00a0\u00a0\u00a0\u00a0\u00a0\u00a0\u00a0\u00a0\u00a0\u00a0\u00a0\u00a0\u00a0\u00a0\u00a0\u00a0\u00a0\u00a0\u00a0\u00a0\u00a0\u00a0\u00a0\u00a0 890 Ring 3 - BSV Brakel e.V. 2 mit\u00a0\u00a0\u00a0\u00a0\u00a0\u00a0\u00a0\u00a0\u00a0\u00a0\u00a0\u00a0\u00a0\u00a0\u00a0\u00a0\u00a0\u00a0\u00a0\u00a0\u00a0\u00a0\u00a0\u00a0\u00a0\u00a0\u00a0 887 Ring 4\u2026","rel":"","context":"\u00c4hnlicher Beitrag","block_context":{"text":"\u00c4hnlicher Beitrag","link":""},"img":{"alt_text":"","src":"https:\/\/i0.wp.com\/hsv-ovenhausen.de\/hsv-neu\/wp-content\/uploads\/2017\/01\/DSC_6684_pp-4-300x200.jpg?resize=350%2C200","width":350,"height":200},"classes":[]},{"id":1481,"url":"\/?page_id=1481","url_meta":{"origin":113,"position":5},"title":"2016","author":"Martin Bahr","date":"13. April 2016","format":false,"excerpt":"HSV Ovenhausen ist Bezirksmeister Die \u201eSenioren A\u201c des HSV Ovenhausen sicherten sich den Bezirksmeistertitel beim KK-Schie\u00dfen \u00fcber 50 Meter in H\u00f6velhof mit 870 Ring. Platz 1\u00a0\u00a0\u00a0\u00a0\u00a0\u00a0\u00a0\u00a0\u00a0\u00a0\u00a0\u00a0 HSV Ovenhausen\u00a0\u00a0\u00a0\u00a0\u00a0\u00a0\u00a0\u00a0\u00a0\u00a0\u00a0\u00a0\u00a0\u00a0\u00a0\u00a0\u00a0\u00a0 870 Ring Platz 2\u00a0\u00a0\u00a0\u00a0\u00a0\u00a0\u00a0\u00a0\u00a0\u00a0\u00a0\u00a0 ST.Hubertus Brilon\u00a0\u00a0\u00a0\u00a0\u00a0\u00a0\u00a0\u00a0\u00a0\u00a0\u00a0\u00a0\u00a0\u00a0\u00a0 856 Ring Platz 3\u00a0\u00a0\u00a0\u00a0\u00a0\u00a0\u00a0\u00a0\u00a0\u00a0\u00a0\u00a0 BSV Brakel 2\u00a0\u00a0\u00a0\u00a0\u00a0\u00a0\u00a0\u00a0\u00a0\u00a0\u00a0\u00a0\u00a0\u00a0\u00a0\u00a0\u00a0\u00a0\u00a0\u00a0\u00a0\u00a0\u00a0\u00a0\u00a0 841 Ring Platz 4\u00a0\u00a0\u00a0\u00a0\u00a0\u00a0\u00a0\u00a0\u00a0\u00a0\u00a0\u00a0 BSV Brakel 1\u00a0\u00a0\u00a0\u00a0\u00a0\u00a0\u00a0\u00a0\u00a0\u00a0\u00a0\u00a0\u00a0\u00a0\u00a0\u00a0\u00a0\u00a0\u00a0\u00a0\u00a0\u00a0\u00a0\u00a0\u00a0 835 Ring\u2026","rel":"","context":"\u00c4hnlicher Beitrag","block_context":{"text":"\u00c4hnlicher Beitrag","link":""},"img":{"alt_text":"DSC_6684_pp","src":"https:\/\/i0.wp.com\/hsv-ovenhausen.de\/hsv-neu\/wp-content\/uploads\/2016\/04\/DSC_6684_pp-3-300x200.jpg?resize=350%2C200","width":350,"height":200},"classes":[]}],"_links":{"self":[{"href":"\/index.php?rest_route=\/wp\/v2\/pages\/113","targetHints":{"allow":["GET"]}}],"collection":[{"href":"\/index.php?rest_route=\/wp\/v2\/pages"}],"about":[{"href":"\/index.php?rest_route=\/wp\/v2\/types\/page"}],"author":[{"embeddable":true,"href":"\/index.php?rest_route=\/wp\/v2\/users\/9"}],"replies":[{"embeddable":true,"href":"\/index.php?rest_route=%2Fwp%2Fv2%2Fcomments&post=113"}],"version-history":[{"count":4,"href":"\/index.php?rest_route=\/wp\/v2\/pages\/113\/revisions"}],"predecessor-version":[{"id":4290,"href":"\/index.php?rest_route=\/wp\/v2\/pages\/113\/revisions\/4290"}],"wp:attachment":[{"href":"\/index.php?rest_route=%2Fwp%2Fv2%2Fmedia&parent=113"}],"curies":[{"name":"wp","href":"https:\/\/api.w.org\/{rel}","templated":true}]}}