{"id":115,"date":"2015-01-17T14:35:14","date_gmt":"2015-01-17T13:35:14","guid":{"rendered":"http:\/\/test.hsv-ovenhausen.de\/hsv-neu\/?page_id=115"},"modified":"2024-05-02T22:01:46","modified_gmt":"2024-05-02T20:01:46","slug":"kontakt","status":"publish","type":"page","link":"\/?page_id=115","title":{"rendered":"Kontakt"},"content":{"rendered":"<p><span style=\"font-size: 14pt\"><strong>Heimat- und Sch\u00fctzenverein Ovenhausen von 1575 e.V.<\/strong><\/span><\/p>\n<p><strong>1. Vorsitzender<\/strong><br \/>\nSebastian Werpup<br \/>\nHeiligenbergstra\u00dfe 6<br \/>\n37671 H\u00f6xter-Ovenhausen<\/p>\n<p>Tel.: &nbsp;05278\/952633<br \/>\nMobil:&nbsp;0174\/7457356<br \/>\nE-Mail:&nbsp;<a href=\"mailto:Sebastian.Werpup@Hsv-Ovenhausen.de\">Sebastian.Werpup@Hsv-Ovenhausen.de<\/a><\/p>\n<p><strong>1. Schriftf\u00fchrerin<br \/>\n<\/strong>Grit Winkelhahn<br \/>\nProzessionsweg 6<br \/>\n37671 H\u00f6xter-Ovenhausen<\/p>\n<p>E-Mail: <a href=\"mailto:Sebastian.Werpup@Hsv-Ovenhausen.de\">Grit.Winkelhahn@Hsv-Ovenhausen.de<\/a><\/p>\n<p>Info&#8217;s Termine f\u00fcr den Kalender: <a href=\"mailto:Termine@hsv-ovenhausen.de\">Termine@hsv-ovenhausen.de<\/a><\/p>\n","protected":false},"excerpt":{"rendered":"<p>Heimat- und Sch\u00fctzenverein Ovenhausen von 1575 e.V. 1. Vorsitzender Sebastian Werpup Heiligenbergstra\u00dfe 6 37671 H\u00f6xter-Ovenhausen Tel.: &nbsp;05278\/952633 Mobil:&nbsp;0174\/7457356 E-Mail:&nbsp;Sebastian.Werpup@Hsv-Ovenhausen.de 1. Schriftf\u00fchrerin Grit Winkelhahn Prozessionsweg 6 37671 H\u00f6xter-Ovenhausen E-Mail: Grit.Winkelhahn@Hsv-Ovenhausen.de Info&#8217;s Termine f\u00fcr den Kalender: Termine@hsv-ovenhausen.de<\/p>\n","protected":false},"author":9,"featured_media":0,"parent":0,"menu_order":0,"comment_status":"closed","ping_status":"open","template":"","meta":{"jetpack_post_was_ever_published":false,"footnotes":""},"class_list":["post-115","page","type-page","status-publish","hentry"],"jetpack_sharing_enabled":true,"jetpack_shortlink":"https:\/\/wp.me\/P7qpVN-1R","jetpack-related-posts":[{"id":23,"url":"\/?page_id=23","url_meta":{"origin":115,"position":0},"title":"Vorstand","author":"Christoph Klocke","date":"12. August 2014","format":false,"excerpt":"Aufgabenverteilung im Vorstand 1. Vorsitzender Sebastian Werpup Heiligenbergstra\u00dfe 6 37671 H\u00f6xter - Ovenhausen Mobil: 0174 7457356 E-Mail: sebastian.werpup@hsv-ovenhausen.de 1. Schriftf\u00fchrer Grit Winkelhahn Prozessionsweg 6 37671 H\u00f6xter - Ovenhausen Mobil: 01522 9981380 E-Mail: grit.winkelhahn@hsv-ovenhausen.de 1. Kassierer Thorsten Ludwig Rohrweg 55 37671 H\u00f6xter Mobil: 0172 5775537 E-Mail: thorsten.ludwig@hsv-ovenhausen.de 2. Vorsitzender Klaus Winkelhahn\u2026","rel":"","context":"\u00c4hnlicher Beitrag","block_context":{"text":"\u00c4hnlicher Beitrag","link":""},"img":{"alt_text":"","src":"https:\/\/i0.wp.com\/hsv-ovenhausen.de\/hsv-neu\/wp-content\/uploads\/2024\/10\/Vorstand-2024-Vorstand-scaled.jpg?fit=1200%2C900&resize=350%2C200","width":350,"height":200,"srcset":"https:\/\/i0.wp.com\/hsv-ovenhausen.de\/hsv-neu\/wp-content\/uploads\/2024\/10\/Vorstand-2024-Vorstand-scaled.jpg?fit=1200%2C900&resize=350%2C200 1x, https:\/\/i0.wp.com\/hsv-ovenhausen.de\/hsv-neu\/wp-content\/uploads\/2024\/10\/Vorstand-2024-Vorstand-scaled.jpg?fit=1200%2C900&resize=525%2C300 1.5x, https:\/\/i0.wp.com\/hsv-ovenhausen.de\/hsv-neu\/wp-content\/uploads\/2024\/10\/Vorstand-2024-Vorstand-scaled.jpg?fit=1200%2C900&resize=700%2C400 2x, https:\/\/i0.wp.com\/hsv-ovenhausen.de\/hsv-neu\/wp-content\/uploads\/2024\/10\/Vorstand-2024-Vorstand-scaled.jpg?fit=1200%2C900&resize=1050%2C600 3x"},"classes":[]},{"id":2788,"url":"\/?page_id=2788","url_meta":{"origin":115,"position":1},"title":"Impressum","author":"Sebastian Werpup","date":"14. Juni 2018","format":false,"excerpt":"Angaben gem\u00e4\u00df \u00a7 5 TMG Heimat und Sch\u00fctzenverein Ovenhausen von 1575 e.V. Heiligenbergstr. 6 37671 H\u00f6xter \/ Ovenhausen Vertreten durch:\u00a0 Sebastian Werpup - 1 Vorsitzender Thorsten Ludwig - 1. Kassierer Grit Winkelhahn - 1. Schriftf\u00fchrerin Kontakt: Sebastian Werpup Telefon: +49 5278-952633 E-Mail: Sebastian.Werpup@Hsv-Ovenhausen.de Grit Winkelhahn E-Mail: Grit.Winkelhahn@Hsv-Ovenhausen.de Registereintrag:\u00a0 Eintragung im\u2026","rel":"","context":"\u00c4hnlicher Beitrag","block_context":{"text":"\u00c4hnlicher Beitrag","link":""},"img":{"alt_text":"","src":"","width":0,"height":0},"classes":[]},{"id":2537,"url":"\/?page_id=2537","url_meta":{"origin":115,"position":2},"title":"2017","author":"Martin Bahr","date":"6. Januar 2017","format":false,"excerpt":"Nach dem gro\u00dfen Erfolg beim LG, \u00fcberlie\u00dfen die \u201eSenioren A\u201c des HSV Ovenhausen nichts dem Zufall. Konzentriert mit tollen Ergebnissen wurde auch dieser Wettbewerb KK 50 Meter gewonnen und der Kreismeistertitel 2017, wie bereits im letzten Jahr, \u00a0gesichert. In Beller wurde die Disziplin KK 50 Meter geschossen 1 - HSV\u2026","rel":"","context":"\u00c4hnlicher Beitrag","block_context":{"text":"\u00c4hnlicher Beitrag","link":""},"img":{"alt_text":"","src":"https:\/\/i0.wp.com\/hsv-ovenhausen.de\/hsv-neu\/wp-content\/uploads\/2017\/01\/DSC_6684_pp-4-1-300x200.jpg?resize=350%2C200","width":350,"height":200},"classes":[]},{"id":4147,"url":"\/?page_id=4147","url_meta":{"origin":115,"position":3},"title":"Heimatfest 2025 &#8211; Kartenvorverkauf und Preise","author":"Matthias Gorzolka","date":"1. Juli 2025","format":false,"excerpt":"Vorverkaufsstellen Karten k\u00f6nnen Vorort und Online (f\u00fcr Freitag und Samstag) erworben werden: Backerei Wiegers in Ovenhausen (Google Maps) B\u00e4ckerei Engel in H\u00f6xter (Pfennigbreite) (Google Maps) B\u00e4ckerei Engel in H\u00f6xter (Brenkh\u00e4user Stra\u00dfe) (Google Maps) Eventim Preise Fr, 25.07.2025 - Westf\u00e4lischer Abend - Vorverkauf: 10\u20ac und optional Westf\u00e4lischer Snack: 6\u20ac - Abendkasse:\u2026","rel":"","context":"\u00c4hnlicher Beitrag","block_context":{"text":"\u00c4hnlicher Beitrag","link":""},"img":{"alt_text":"","src":"https:\/\/i0.wp.com\/hsv-ovenhausen.de\/hsv-neu\/wp-content\/uploads\/2025\/07\/PLAKAT_Heimatfest_2025_A2_Ansicht-scaled.jpg?resize=350%2C200","width":350,"height":200,"srcset":"https:\/\/i0.wp.com\/hsv-ovenhausen.de\/hsv-neu\/wp-content\/uploads\/2025\/07\/PLAKAT_Heimatfest_2025_A2_Ansicht-scaled.jpg?resize=350%2C200 1x, https:\/\/i0.wp.com\/hsv-ovenhausen.de\/hsv-neu\/wp-content\/uploads\/2025\/07\/PLAKAT_Heimatfest_2025_A2_Ansicht-scaled.jpg?resize=525%2C300 1.5x, https:\/\/i0.wp.com\/hsv-ovenhausen.de\/hsv-neu\/wp-content\/uploads\/2025\/07\/PLAKAT_Heimatfest_2025_A2_Ansicht-scaled.jpg?resize=700%2C400 2x, https:\/\/i0.wp.com\/hsv-ovenhausen.de\/hsv-neu\/wp-content\/uploads\/2025\/07\/PLAKAT_Heimatfest_2025_A2_Ansicht-scaled.jpg?resize=1050%2C600 3x, https:\/\/i0.wp.com\/hsv-ovenhausen.de\/hsv-neu\/wp-content\/uploads\/2025\/07\/PLAKAT_Heimatfest_2025_A2_Ansicht-scaled.jpg?resize=1400%2C800 4x"},"classes":[]},{"id":2532,"url":"\/?page_id=2532","url_meta":{"origin":115,"position":4},"title":"2017","author":"Martin Bahr","date":"6. Januar 2017","format":false,"excerpt":"Die \u201eSenioren A\u201c \u00a0des HSV Ovenhausen siegen souver\u00e4n bei den Kreismeisterschaften 2017 In L\u00fcgeneder wurde die Disziplin LG 10 Meter ausgetragen 1 - HSV Ovenhausen e.V. \u00a0mit \u00a0\u00a0\u00a0\u00a0\u00a0\u00a0\u00a0\u00a0\u00a0\u00a0\u00a0\u00a0\u00a0\u00a0\u00a0\u00a0\u00a0 897 Ring 2 - BSV Brakel e.V 1 . mit\u00a0\u00a0\u00a0\u00a0\u00a0\u00a0\u00a0\u00a0\u00a0\u00a0\u00a0\u00a0\u00a0\u00a0\u00a0\u00a0\u00a0\u00a0\u00a0\u00a0\u00a0\u00a0\u00a0\u00a0\u00a0\u00a0 890 Ring 3 - BSV Brakel e.V. 2 mit\u00a0\u00a0\u00a0\u00a0\u00a0\u00a0\u00a0\u00a0\u00a0\u00a0\u00a0\u00a0\u00a0\u00a0\u00a0\u00a0\u00a0\u00a0\u00a0\u00a0\u00a0\u00a0\u00a0\u00a0\u00a0\u00a0\u00a0 887 Ring 4\u2026","rel":"","context":"\u00c4hnlicher Beitrag","block_context":{"text":"\u00c4hnlicher Beitrag","link":""},"img":{"alt_text":"","src":"https:\/\/i0.wp.com\/hsv-ovenhausen.de\/hsv-neu\/wp-content\/uploads\/2017\/01\/DSC_6684_pp-4-300x200.jpg?resize=350%2C200","width":350,"height":200},"classes":[]},{"id":2051,"url":"\/?page_id=2051","url_meta":{"origin":115,"position":5},"title":"2016","author":"Martin Bahr","date":"23. April 2016","format":false,"excerpt":"Die Senioren A des HSV Ovenhausen pr\u00e4sentierten sich in guter Form \u2013 Bei den Bezirksmeisterschaften \u201eLuftgewehr Auflage\u201c in H\u00f6velhof 2016\u00a0lie\u00dfen die Sch\u00fctzen des HSV Elmar Dr\u00fcke 299 Ring \u2013 Martin Bahr 299 Ring \u2013 Ewald Hanke 298 Ring nichts anbrennen und sicherten sich souver\u00e4n den Titel (Bezirksmeister) 1)\u00a0\u00a0\u00a0\u00a0 HSV Ovenhausen\u2026","rel":"","context":"\u00c4hnlicher Beitrag","block_context":{"text":"\u00c4hnlicher Beitrag","link":""},"img":{"alt_text":"","src":"https:\/\/i0.wp.com\/hsv-ovenhausen.de\/hsv-neu\/wp-content\/uploads\/2017\/01\/1111120151018_154136-300x180.jpg?resize=350%2C200","width":350,"height":200,"srcset":"https:\/\/i0.wp.com\/hsv-ovenhausen.de\/hsv-neu\/wp-content\/uploads\/2017\/01\/1111120151018_154136-300x180.jpg?resize=350%2C200 1x, https:\/\/i0.wp.com\/hsv-ovenhausen.de\/hsv-neu\/wp-content\/uploads\/2017\/01\/1111120151018_154136-300x180.jpg?resize=525%2C300 1.5x"},"classes":[]}],"_links":{"self":[{"href":"\/index.php?rest_route=\/wp\/v2\/pages\/115","targetHints":{"allow":["GET"]}}],"collection":[{"href":"\/index.php?rest_route=\/wp\/v2\/pages"}],"about":[{"href":"\/index.php?rest_route=\/wp\/v2\/types\/page"}],"author":[{"embeddable":true,"href":"\/index.php?rest_route=\/wp\/v2\/users\/9"}],"replies":[{"embeddable":true,"href":"\/index.php?rest_route=%2Fwp%2Fv2%2Fcomments&post=115"}],"version-history":[{"count":4,"href":"\/index.php?rest_route=\/wp\/v2\/pages\/115\/revisions"}],"predecessor-version":[{"id":3920,"href":"\/index.php?rest_route=\/wp\/v2\/pages\/115\/revisions\/3920"}],"wp:attachment":[{"href":"\/index.php?rest_route=%2Fwp%2Fv2%2Fmedia&parent=115"}],"curies":[{"name":"wp","href":"https:\/\/api.w.org\/{rel}","templated":true}]}}