{"id":23,"date":"2014-08-12T22:32:04","date_gmt":"2014-08-12T20:32:04","guid":{"rendered":"http:\/\/test.hsv-ovenhausen.de\/hsv-neu\/?page_id=23"},"modified":"2024-11-20T19:22:15","modified_gmt":"2024-11-20T18:22:15","slug":"vorstand","status":"publish","type":"page","link":"\/?page_id=23","title":{"rendered":"Vorstand"},"content":{"rendered":"<p><strong>Aufgabenverteilung im Vorstand<\/strong><\/p>\n<table class=\" aligncenter\" style=\"width: 100%;\">\n<tbody>\n<tr>\n<td style=\"width: 37.0238%;\"><a href=\"https:\/\/i0.wp.com\/hsv-ovenhausen.de\/hsv-neu\/wp-content\/uploads\/2024\/10\/Vorstand-2024-Sebastian-Werpup-scaled.jpg\"><img data-recalc-dims=\"1\" loading=\"lazy\" decoding=\"async\" src=\"https:\/\/i0.wp.com\/hsv-ovenhausen.de\/hsv-neu\/wp-content\/uploads\/2024\/10\/Vorstand-2024-Sebastian-Werpup.jpg?resize=225%2C300\" alt=\"\" width=\"225\" height=\"300\" \/><\/a><\/td>\n<td style=\"width: 63.0952%;\"><strong>1. Vorsitzender<\/strong><br \/>\nSebastian Werpup<br \/>\nHeiligenbergstra\u00dfe 6<br \/>\n37671 H\u00f6xter &#8211; Ovenhausen<br \/>\nMobil: 0174 7457356<br \/>\nE-Mail: <a href=\"mailto:sebastian.werpup@hsv-ovenhausen.de\">sebastian.werpup@hsv-ovenhausen.de<\/a><\/td>\n<\/tr>\n<tr>\n<td style=\"width: 37.0238%;\"><a href=\"https:\/\/i0.wp.com\/hsv-ovenhausen.de\/hsv-neu\/wp-content\/uploads\/2024\/10\/Vorstand-2024-Grit-Winkelhahn-scaled.jpg\"><img data-recalc-dims=\"1\" loading=\"lazy\" decoding=\"async\" src=\"https:\/\/i0.wp.com\/hsv-ovenhausen.de\/hsv-neu\/wp-content\/uploads\/2024\/10\/Vorstand-2024-Grit-Winkelhahn.jpg?resize=225%2C300\" alt=\"\" width=\"225\" height=\"300\" \/><\/a><\/td>\n<td style=\"width: 63.0952%;\"><strong>1. Schriftf\u00fchrer<\/strong><br \/>\nGrit Winkelhahn<br \/>\nProzessionsweg 6<br \/>\n37671 H\u00f6xter &#8211; Ovenhausen<br \/>\nMobil: 01522 9981380<br \/>\nE-Mail: <a href=\"mailto:grit.winkelhahn@hsv-ovenhausen.de\">grit.winkelhahn@hsv-ovenhausen.de<\/a><\/td>\n<\/tr>\n<tr>\n<td style=\"width: 37.0238%;\"><a href=\"https:\/\/i0.wp.com\/hsv-ovenhausen.de\/hsv-neu\/wp-content\/uploads\/2024\/10\/Vorstand-2024-Thorsten-Ludwig-scaled.jpg\"><img data-recalc-dims=\"1\" loading=\"lazy\" decoding=\"async\" src=\"https:\/\/i0.wp.com\/hsv-ovenhausen.de\/hsv-neu\/wp-content\/uploads\/2024\/10\/Vorstand-2024-Thorsten-Ludwig.jpg?resize=225%2C300\" alt=\"\" width=\"225\" height=\"300\" \/><\/a><\/td>\n<td style=\"width: 63.0952%;\"><strong>1. Kassierer<\/strong><br \/>\nThorsten Ludwig<br \/>\nRohrweg 55<br \/>\n37671 H\u00f6xter<br \/>\nMobil: 0172 5775537<br \/>\nE-Mail: <a href=\"mailto:thorsten.ludwig@hsv-ovenhausen.de\">thorsten.ludwig@hsv-ovenhausen.de<\/a><\/td>\n<\/tr>\n<tr>\n<td style=\"width: 37.0238%;\"><a href=\"https:\/\/i0.wp.com\/hsv-ovenhausen.de\/hsv-neu\/wp-content\/uploads\/2024\/10\/Vorstand-2024-Klaus-Winkelhahn-scaled.jpg\"><img data-recalc-dims=\"1\" loading=\"lazy\" decoding=\"async\" src=\"https:\/\/i0.wp.com\/hsv-ovenhausen.de\/hsv-neu\/wp-content\/uploads\/2024\/10\/Vorstand-2024-Klaus-Winkelhahn.jpg?resize=225%2C300\" alt=\"\" width=\"225\" height=\"300\" \/><\/a><\/td>\n<td style=\"width: 63.0952%;\"><strong>2. Vorsitzender<\/strong><br \/>\nKlaus Winkelhahn<br \/>\nProzessionsweg 6<br \/>\n37671 H\u00f6xter &#8211; Ovenhausen<br \/>\nMobil: 0151 62407790<br \/>\nE-Mail: <a href=\"mailto:klaus.winkelhahn@hsv-ovenhausen.de\">klaus.winkelhahn@hsv-ovenhausen.de<\/a><\/td>\n<\/tr>\n<tr>\n<td style=\"width: 37.0238%;\"><a href=\"https:\/\/i0.wp.com\/hsv-ovenhausen.de\/hsv-neu\/wp-content\/uploads\/2024\/10\/Vorstand-2024-Malte-Schulz-scaled.jpg\"><img data-recalc-dims=\"1\" loading=\"lazy\" decoding=\"async\" src=\"https:\/\/i0.wp.com\/hsv-ovenhausen.de\/hsv-neu\/wp-content\/uploads\/2024\/10\/Vorstand-2024-Malte-Schulz.jpg?resize=225%2C300\" alt=\"\" width=\"225\" height=\"300\" \/><\/a><\/td>\n<td style=\"width: 63.0952%;\"><strong>2.\u00a0Schriftf\u00fchrer<\/strong><br \/>\nMalte Schulz<br \/>\nHauptstra\u00dfe 5<br \/>\n37671 H\u00f6xter &#8211; Ovenhausen<br \/>\nMobil: 0151 68426794<br \/>\nE-Mail: <a href=\"mailto:malte.schulz@hsv-ovenhausen.de\">malte.schulz@hsv-ovenhausen.de<\/a><\/td>\n<\/tr>\n<tr>\n<td style=\"width: 37.0238%;\"><a href=\"https:\/\/i0.wp.com\/hsv-ovenhausen.de\/hsv-neu\/wp-content\/uploads\/2024\/10\/Vorstand-2024-Matthias-Gorzolka-scaled.jpg\"><img data-recalc-dims=\"1\" loading=\"lazy\" decoding=\"async\" src=\"https:\/\/i0.wp.com\/hsv-ovenhausen.de\/hsv-neu\/wp-content\/uploads\/2024\/10\/Vorstand-2024-Matthias-Gorzolka.jpg?resize=225%2C300\" alt=\"\" width=\"225\" height=\"300\" \/><\/a><\/td>\n<td style=\"width: 63.0952%;\"><strong>2. Kassierer<\/strong><br \/>\nMatthias Gorzolka<br \/>\nOberkasseler Stra\u00dfe 125A<br \/>\n40545 D\u00fcsseldorf<br \/>\nMobil: 0171 4905144<br \/>\nE-Mail: <a href=\"mailto:matthias.gorzolka@hsv-ovenhausen.de\">matthias.gorzolka@hsv-ovenhausen.de<\/a><\/td>\n<\/tr>\n<tr>\n<td style=\"width: 37.0238%;\"><a href=\"https:\/\/i0.wp.com\/hsv-ovenhausen.de\/hsv-neu\/wp-content\/uploads\/2016\/06\/Josef.jpg\"><img data-recalc-dims=\"1\" loading=\"lazy\" decoding=\"async\" data-attachment-id=\"2224\" data-permalink=\"\/?attachment_id=2224\" data-orig-file=\"https:\/\/i0.wp.com\/hsv-ovenhausen.de\/hsv-neu\/wp-content\/uploads\/2016\/06\/Josef.jpg?fit=2172%2C2544\" data-orig-size=\"2172,2544\" data-comments-opened=\"0\" data-image-meta=\"{&quot;aperture&quot;:&quot;3.5&quot;,&quot;credit&quot;:&quot;&quot;,&quot;camera&quot;:&quot;EX-ZS20&quot;,&quot;caption&quot;:&quot;&quot;,&quot;created_timestamp&quot;:&quot;1456687877&quot;,&quot;copyright&quot;:&quot;&quot;,&quot;focal_length&quot;:&quot;4.6&quot;,&quot;iso&quot;:&quot;400&quot;,&quot;shutter_speed&quot;:&quot;0.125&quot;,&quot;title&quot;:&quot;&quot;,&quot;orientation&quot;:&quot;1&quot;}\" data-image-title=\"Josef\" data-image-description=\"\" data-image-caption=\"\" data-medium-file=\"https:\/\/i0.wp.com\/hsv-ovenhausen.de\/hsv-neu\/wp-content\/uploads\/2016\/06\/Josef.jpg?fit=256%2C300\" data-large-file=\"https:\/\/i0.wp.com\/hsv-ovenhausen.de\/hsv-neu\/wp-content\/uploads\/2016\/06\/Josef.jpg?fit=700%2C820\" src=\"https:\/\/i0.wp.com\/hsv-ovenhausen.de\/hsv-neu\/wp-content\/uploads\/2016\/06\/Josef.jpg?resize=222%2C261\" alt=\"\" width=\"222\" height=\"261\" data-id=\"2224\" \/><\/a><\/td>\n<td style=\"width: 63.0952%;\"><strong>Vermietung und Bewirtschaftung Schie\u00dfstand<\/strong><br \/>\nJosef\u00a0K\u00f6ster<br \/>\nStadtweg 2<br \/>\n37671 H\u00f6xter &#8211; Ovenhausen<br \/>\nMobil: 0173 7810613<br \/>\nE-Mail: <a href=\"mailto:josef.koester@hsv-ovenhausen.de\">josef.koester@hsv-ovenhausen.de<\/a><\/td>\n<\/tr>\n<\/tbody>\n<\/table>\n","protected":false},"excerpt":{"rendered":"<p>Aufgabenverteilung im Vorstand 1. Vorsitzender Sebastian Werpup Heiligenbergstra\u00dfe 6 37671 H\u00f6xter &#8211; Ovenhausen Mobil: 0174 7457356 E-Mail: sebastian.werpup@hsv-ovenhausen.de 1. Schriftf\u00fchrer Grit Winkelhahn Prozessionsweg 6 37671 H\u00f6xter &#8211; Ovenhausen Mobil: 01522 9981380 E-Mail: grit.winkelhahn@hsv-ovenhausen.de 1. Kassierer Thorsten Ludwig Rohrweg 55 37671&hellip; <\/p>\n","protected":false},"author":3,"featured_media":3945,"parent":4,"menu_order":0,"comment_status":"closed","ping_status":"open","template":"","meta":{"jetpack_post_was_ever_published":false,"footnotes":""},"class_list":["post-23","page","type-page","status-publish","has-post-thumbnail","hentry"],"jetpack_sharing_enabled":true,"jetpack_shortlink":"https:\/\/wp.me\/P7qpVN-n","jetpack-related-posts":[{"id":115,"url":"\/?page_id=115","url_meta":{"origin":23,"position":0},"title":"Kontakt","author":"Sebastian Werpup","date":"17. Januar 2015","format":false,"excerpt":"Heimat- und Sch\u00fctzenverein Ovenhausen von 1575 e.V. 1. Vorsitzender Sebastian Werpup Heiligenbergstra\u00dfe 6 37671 H\u00f6xter-Ovenhausen Tel.: \u00a005278\/952633 Mobil:\u00a00174\/7457356 E-Mail:\u00a0Sebastian.Werpup@Hsv-Ovenhausen.de 1. Schriftf\u00fchrerin Grit Winkelhahn Prozessionsweg 6 37671 H\u00f6xter-Ovenhausen E-Mail: Grit.Winkelhahn@Hsv-Ovenhausen.de Info's Termine f\u00fcr den Kalender: Termine@hsv-ovenhausen.de","rel":"","context":"\u00c4hnlicher Beitrag","block_context":{"text":"\u00c4hnlicher Beitrag","link":""},"img":{"alt_text":"","src":"","width":0,"height":0},"classes":[]},{"id":2788,"url":"\/?page_id=2788","url_meta":{"origin":23,"position":1},"title":"Impressum","author":"Sebastian Werpup","date":"14. Juni 2018","format":false,"excerpt":"Angaben gem\u00e4\u00df \u00a7 5 TMG Heimat und Sch\u00fctzenverein Ovenhausen von 1575 e.V. Heiligenbergstr. 6 37671 H\u00f6xter \/ Ovenhausen Vertreten durch:\u00a0 Sebastian Werpup - 1 Vorsitzender Thorsten Ludwig - 1. Kassierer Grit Winkelhahn - 1. Schriftf\u00fchrerin Kontakt: Sebastian Werpup Telefon: +49 5278-952633 E-Mail: Sebastian.Werpup@Hsv-Ovenhausen.de Grit Winkelhahn E-Mail: Grit.Winkelhahn@Hsv-Ovenhausen.de Registereintrag:\u00a0 Eintragung im\u2026","rel":"","context":"\u00c4hnlicher Beitrag","block_context":{"text":"\u00c4hnlicher Beitrag","link":""},"img":{"alt_text":"","src":"","width":0,"height":0},"classes":[]},{"id":4372,"url":"\/?page_id=4372","url_meta":{"origin":23,"position":2},"title":"Historischer Festumzug &#8211; Alles auf einen Blick","author":"Matthias Gorzolka","date":"22. Juli 2025","format":false,"excerpt":"Der gro\u00dfe historische Festumzug am Sonntag mit insgesamt \u00fcber 1.000 Teilnehmern, 14 Wagen, 13 Fu\u00dfgruppen und dem gro\u00dfem Sch\u00fctzenumzug mit 16 Gastvereinen und 8 Musikvereinen ist das Highlight des Heimatfestes. Traditionell wird dazu die Ortschaft f\u00fcr den Stra\u00dfenverkehr von 11:00 Uhr bis 20:00 Uhr gesperrt. Am Festplatz geht es nach\u2026","rel":"","context":"\u00c4hnlicher Beitrag","block_context":{"text":"\u00c4hnlicher Beitrag","link":""},"img":{"alt_text":"","src":"https:\/\/i0.wp.com\/hsv-ovenhausen.de\/hsv-neu\/wp-content\/uploads\/2025\/07\/Sonntag.jpg?resize=350%2C200","width":350,"height":200,"srcset":"https:\/\/i0.wp.com\/hsv-ovenhausen.de\/hsv-neu\/wp-content\/uploads\/2025\/07\/Sonntag.jpg?resize=350%2C200 1x, https:\/\/i0.wp.com\/hsv-ovenhausen.de\/hsv-neu\/wp-content\/uploads\/2025\/07\/Sonntag.jpg?resize=525%2C300 1.5x, https:\/\/i0.wp.com\/hsv-ovenhausen.de\/hsv-neu\/wp-content\/uploads\/2025\/07\/Sonntag.jpg?resize=700%2C400 2x, https:\/\/i0.wp.com\/hsv-ovenhausen.de\/hsv-neu\/wp-content\/uploads\/2025\/07\/Sonntag.jpg?resize=1050%2C600 3x, https:\/\/i0.wp.com\/hsv-ovenhausen.de\/hsv-neu\/wp-content\/uploads\/2025\/07\/Sonntag.jpg?resize=1400%2C800 4x"},"classes":[]},{"id":4147,"url":"\/?page_id=4147","url_meta":{"origin":23,"position":3},"title":"Heimatfest 2025 &#8211; Kartenvorverkauf und Preise","author":"Matthias Gorzolka","date":"1. Juli 2025","format":false,"excerpt":"Vorverkaufsstellen Karten k\u00f6nnen Vorort und Online (f\u00fcr Freitag und Samstag) erworben werden: Backerei Wiegers in Ovenhausen (Google Maps) B\u00e4ckerei Engel in H\u00f6xter (Pfennigbreite) (Google Maps) B\u00e4ckerei Engel in H\u00f6xter (Brenkh\u00e4user Stra\u00dfe) (Google Maps) Eventim Preise Fr, 25.07.2025 - Westf\u00e4lischer Abend - Vorverkauf: 10\u20ac und optional Westf\u00e4lischer Snack: 6\u20ac - Abendkasse:\u2026","rel":"","context":"\u00c4hnlicher Beitrag","block_context":{"text":"\u00c4hnlicher Beitrag","link":""},"img":{"alt_text":"","src":"https:\/\/i0.wp.com\/hsv-ovenhausen.de\/hsv-neu\/wp-content\/uploads\/2025\/07\/PLAKAT_Heimatfest_2025_A2_Ansicht-scaled.jpg?resize=350%2C200","width":350,"height":200,"srcset":"https:\/\/i0.wp.com\/hsv-ovenhausen.de\/hsv-neu\/wp-content\/uploads\/2025\/07\/PLAKAT_Heimatfest_2025_A2_Ansicht-scaled.jpg?resize=350%2C200 1x, https:\/\/i0.wp.com\/hsv-ovenhausen.de\/hsv-neu\/wp-content\/uploads\/2025\/07\/PLAKAT_Heimatfest_2025_A2_Ansicht-scaled.jpg?resize=525%2C300 1.5x, https:\/\/i0.wp.com\/hsv-ovenhausen.de\/hsv-neu\/wp-content\/uploads\/2025\/07\/PLAKAT_Heimatfest_2025_A2_Ansicht-scaled.jpg?resize=700%2C400 2x, https:\/\/i0.wp.com\/hsv-ovenhausen.de\/hsv-neu\/wp-content\/uploads\/2025\/07\/PLAKAT_Heimatfest_2025_A2_Ansicht-scaled.jpg?resize=1050%2C600 3x, https:\/\/i0.wp.com\/hsv-ovenhausen.de\/hsv-neu\/wp-content\/uploads\/2025\/07\/PLAKAT_Heimatfest_2025_A2_Ansicht-scaled.jpg?resize=1400%2C800 4x"},"classes":[]},{"id":2537,"url":"\/?page_id=2537","url_meta":{"origin":23,"position":4},"title":"2017","author":"Martin Bahr","date":"6. Januar 2017","format":false,"excerpt":"Nach dem gro\u00dfen Erfolg beim LG, \u00fcberlie\u00dfen die \u201eSenioren A\u201c des HSV Ovenhausen nichts dem Zufall. Konzentriert mit tollen Ergebnissen wurde auch dieser Wettbewerb KK 50 Meter gewonnen und der Kreismeistertitel 2017, wie bereits im letzten Jahr, \u00a0gesichert. In Beller wurde die Disziplin KK 50 Meter geschossen 1 - HSV\u2026","rel":"","context":"\u00c4hnlicher Beitrag","block_context":{"text":"\u00c4hnlicher Beitrag","link":""},"img":{"alt_text":"","src":"https:\/\/i0.wp.com\/hsv-ovenhausen.de\/hsv-neu\/wp-content\/uploads\/2017\/01\/DSC_6684_pp-4-1-300x200.jpg?resize=350%2C200","width":350,"height":200},"classes":[]},{"id":2532,"url":"\/?page_id=2532","url_meta":{"origin":23,"position":5},"title":"2017","author":"Martin Bahr","date":"6. Januar 2017","format":false,"excerpt":"Die \u201eSenioren A\u201c \u00a0des HSV Ovenhausen siegen souver\u00e4n bei den Kreismeisterschaften 2017 In L\u00fcgeneder wurde die Disziplin LG 10 Meter ausgetragen 1 - HSV Ovenhausen e.V. \u00a0mit \u00a0\u00a0\u00a0\u00a0\u00a0\u00a0\u00a0\u00a0\u00a0\u00a0\u00a0\u00a0\u00a0\u00a0\u00a0\u00a0\u00a0 897 Ring 2 - BSV Brakel e.V 1 . mit\u00a0\u00a0\u00a0\u00a0\u00a0\u00a0\u00a0\u00a0\u00a0\u00a0\u00a0\u00a0\u00a0\u00a0\u00a0\u00a0\u00a0\u00a0\u00a0\u00a0\u00a0\u00a0\u00a0\u00a0\u00a0\u00a0 890 Ring 3 - BSV Brakel e.V. 2 mit\u00a0\u00a0\u00a0\u00a0\u00a0\u00a0\u00a0\u00a0\u00a0\u00a0\u00a0\u00a0\u00a0\u00a0\u00a0\u00a0\u00a0\u00a0\u00a0\u00a0\u00a0\u00a0\u00a0\u00a0\u00a0\u00a0\u00a0 887 Ring 4\u2026","rel":"","context":"\u00c4hnlicher Beitrag","block_context":{"text":"\u00c4hnlicher Beitrag","link":""},"img":{"alt_text":"","src":"https:\/\/i0.wp.com\/hsv-ovenhausen.de\/hsv-neu\/wp-content\/uploads\/2017\/01\/DSC_6684_pp-4-300x200.jpg?resize=350%2C200","width":350,"height":200},"classes":[]}],"_links":{"self":[{"href":"\/index.php?rest_route=\/wp\/v2\/pages\/23","targetHints":{"allow":["GET"]}}],"collection":[{"href":"\/index.php?rest_route=\/wp\/v2\/pages"}],"about":[{"href":"\/index.php?rest_route=\/wp\/v2\/types\/page"}],"author":[{"embeddable":true,"href":"\/index.php?rest_route=\/wp\/v2\/users\/3"}],"replies":[{"embeddable":true,"href":"\/index.php?rest_route=%2Fwp%2Fv2%2Fcomments&post=23"}],"version-history":[{"count":34,"href":"\/index.php?rest_route=\/wp\/v2\/pages\/23\/revisions"}],"predecessor-version":[{"id":4002,"href":"\/index.php?rest_route=\/wp\/v2\/pages\/23\/revisions\/4002"}],"up":[{"embeddable":true,"href":"\/index.php?rest_route=\/wp\/v2\/pages\/4"}],"wp:featuredmedia":[{"embeddable":true,"href":"\/index.php?rest_route=\/wp\/v2\/media\/3945"}],"wp:attachment":[{"href":"\/index.php?rest_route=%2Fwp%2Fv2%2Fmedia&parent=23"}],"curies":[{"name":"wp","href":"https:\/\/api.w.org\/{rel}","templated":true}]}}