{"id":2750,"date":"2018-05-19T14:13:06","date_gmt":"2018-05-19T12:13:06","guid":{"rendered":"http:\/\/hsv-ovenhausen.de\/?page_id=2750"},"modified":"2018-05-19T14:33:23","modified_gmt":"2018-05-19T12:33:23","slug":"erneuerung-der-zaunanlage","status":"publish","type":"page","link":"\/?page_id=2750","title":{"rendered":"Erneuerung der Zaunanlage"},"content":{"rendered":"<h4>Erneuerung der Zaunanlage (April 2016)<\/h4>\n<p>&nbsp;<\/p>\n<p>Da der alte Zaun der die KK-Bahnen sicherte mit den Jahren doch sehr marode geworden war wurde ein neuer Zaun aufgestellt um auch weiterhin einen gesicherten Schie\u00dfbetrieb erm\u00f6glichen zu k\u00f6nnen.<\/p>\n<p>Dies war mit viel Arbeit verbunden da der alte Zaun \u00fcber die Jahre stark eingewachsen war. Die gesamte Schie\u00dfbahn musste entastet und frei geschnitten werden. Ein Abtransport des Gestr\u00fcpps\u00a0 war nur per Hand m\u00f6glich da der Zugang zur Schie\u00dfbahn sehr klein war. Nachdem das Gestr\u00fcpp und der alte Zaun entfernt waren konnte mit dem Aufbau des neuen Zauns begonnen werden. Hierzu wurden mit einem Erdbohrer L\u00f6cher f\u00fcr die Zaunpf\u00e4hle gebohrt. Als Zaunpf\u00e4hle wurde dann verzinkter T-Stahl einbetoniert. An diese wurde neuer Maschendraht gespannt und am oberen Ende 3 Reihen Stacheldraht gezogen.<\/p>\n<p>Hier noch ein paar Bilder des Zaunbaus:<\/p>\n<p><a href=\"https:\/\/i0.wp.com\/hsv-ovenhausen.de\/hsv-neu\/wp-content\/uploads\/2016\/04\/img-20160416-wa0007.jpg\"><img data-recalc-dims=\"1\" loading=\"lazy\" decoding=\"async\" data-attachment-id=\"1919\" data-permalink=\"\/?attachment_id=1919\" data-orig-file=\"https:\/\/i0.wp.com\/hsv-ovenhausen.de\/hsv-neu\/wp-content\/uploads\/2016\/04\/img-20160416-wa0007.jpg?fit=1296%2C972\" data-orig-size=\"1296,972\" data-comments-opened=\"0\" data-image-meta=\"{&quot;aperture&quot;:&quot;0&quot;,&quot;credit&quot;:&quot;&quot;,&quot;camera&quot;:&quot;&quot;,&quot;caption&quot;:&quot;&quot;,&quot;created_timestamp&quot;:&quot;0&quot;,&quot;copyright&quot;:&quot;&quot;,&quot;focal_length&quot;:&quot;0&quot;,&quot;iso&quot;:&quot;0&quot;,&quot;shutter_speed&quot;:&quot;0&quot;,&quot;title&quot;:&quot;&quot;,&quot;orientation&quot;:&quot;0&quot;}\" data-image-title=\"img-20160416-wa0007.jpg\" data-image-description=\"\" data-image-caption=\"\" data-medium-file=\"https:\/\/i0.wp.com\/hsv-ovenhausen.de\/hsv-neu\/wp-content\/uploads\/2016\/04\/img-20160416-wa0007.jpg?fit=300%2C225\" data-large-file=\"https:\/\/i0.wp.com\/hsv-ovenhausen.de\/hsv-neu\/wp-content\/uploads\/2016\/04\/img-20160416-wa0007.jpg?fit=700%2C525\" class=\"alignnone size-medium wp-image-1919\" src=\"https:\/\/i0.wp.com\/hsv-ovenhausen.de\/hsv-neu\/wp-content\/uploads\/2016\/04\/img-20160416-wa0007.jpg?resize=300%2C225\" alt=\"\" width=\"300\" height=\"225\" data-id=\"1919\" srcset=\"https:\/\/i0.wp.com\/hsv-ovenhausen.de\/hsv-neu\/wp-content\/uploads\/2016\/04\/img-20160416-wa0007.jpg?resize=300%2C225 300w, https:\/\/i0.wp.com\/hsv-ovenhausen.de\/hsv-neu\/wp-content\/uploads\/2016\/04\/img-20160416-wa0007.jpg?resize=768%2C576 768w, https:\/\/i0.wp.com\/hsv-ovenhausen.de\/hsv-neu\/wp-content\/uploads\/2016\/04\/img-20160416-wa0007.jpg?resize=1024%2C768 1024w, https:\/\/i0.wp.com\/hsv-ovenhausen.de\/hsv-neu\/wp-content\/uploads\/2016\/04\/img-20160416-wa0007.jpg?w=1296 1296w\" sizes=\"auto, (max-width: 300px) 100vw, 300px\" \/><\/a><\/p>\n<p><a href=\"https:\/\/i0.wp.com\/hsv-ovenhausen.de\/hsv-neu\/wp-content\/uploads\/2016\/04\/img-20160416-wa0006.jpg\"><img data-recalc-dims=\"1\" loading=\"lazy\" decoding=\"async\" data-attachment-id=\"1920\" data-permalink=\"\/?attachment_id=1920\" data-orig-file=\"https:\/\/i0.wp.com\/hsv-ovenhausen.de\/hsv-neu\/wp-content\/uploads\/2016\/04\/img-20160416-wa0006.jpg?fit=1296%2C972\" data-orig-size=\"1296,972\" data-comments-opened=\"0\" data-image-meta=\"{&quot;aperture&quot;:&quot;0&quot;,&quot;credit&quot;:&quot;&quot;,&quot;camera&quot;:&quot;&quot;,&quot;caption&quot;:&quot;&quot;,&quot;created_timestamp&quot;:&quot;0&quot;,&quot;copyright&quot;:&quot;&quot;,&quot;focal_length&quot;:&quot;0&quot;,&quot;iso&quot;:&quot;0&quot;,&quot;shutter_speed&quot;:&quot;0&quot;,&quot;title&quot;:&quot;&quot;,&quot;orientation&quot;:&quot;0&quot;}\" data-image-title=\"img-20160416-wa0006.jpg\" data-image-description=\"\" data-image-caption=\"\" data-medium-file=\"https:\/\/i0.wp.com\/hsv-ovenhausen.de\/hsv-neu\/wp-content\/uploads\/2016\/04\/img-20160416-wa0006.jpg?fit=300%2C225\" data-large-file=\"https:\/\/i0.wp.com\/hsv-ovenhausen.de\/hsv-neu\/wp-content\/uploads\/2016\/04\/img-20160416-wa0006.jpg?fit=700%2C525\" class=\"alignnone size-medium wp-image-1920\" src=\"https:\/\/i0.wp.com\/hsv-ovenhausen.de\/hsv-neu\/wp-content\/uploads\/2016\/04\/img-20160416-wa0006.jpg?resize=300%2C225\" alt=\"\" width=\"300\" height=\"225\" data-id=\"1920\" srcset=\"https:\/\/i0.wp.com\/hsv-ovenhausen.de\/hsv-neu\/wp-content\/uploads\/2016\/04\/img-20160416-wa0006.jpg?resize=300%2C225 300w, https:\/\/i0.wp.com\/hsv-ovenhausen.de\/hsv-neu\/wp-content\/uploads\/2016\/04\/img-20160416-wa0006.jpg?resize=768%2C576 768w, https:\/\/i0.wp.com\/hsv-ovenhausen.de\/hsv-neu\/wp-content\/uploads\/2016\/04\/img-20160416-wa0006.jpg?resize=1024%2C768 1024w, https:\/\/i0.wp.com\/hsv-ovenhausen.de\/hsv-neu\/wp-content\/uploads\/2016\/04\/img-20160416-wa0006.jpg?w=1296 1296w\" sizes=\"auto, (max-width: 300px) 100vw, 300px\" \/><\/a><\/p>\n<p><a href=\"https:\/\/i0.wp.com\/hsv-ovenhausen.de\/hsv-neu\/wp-content\/uploads\/2016\/04\/img-20160419-wa0030.jpg\"><img data-recalc-dims=\"1\" loading=\"lazy\" decoding=\"async\" data-attachment-id=\"1953\" data-permalink=\"\/?attachment_id=1953\" data-orig-file=\"https:\/\/i0.wp.com\/hsv-ovenhausen.de\/hsv-neu\/wp-content\/uploads\/2016\/04\/img-20160419-wa0030.jpg?fit=1296%2C972\" data-orig-size=\"1296,972\" data-comments-opened=\"0\" data-image-meta=\"{&quot;aperture&quot;:&quot;0&quot;,&quot;credit&quot;:&quot;&quot;,&quot;camera&quot;:&quot;&quot;,&quot;caption&quot;:&quot;&quot;,&quot;created_timestamp&quot;:&quot;0&quot;,&quot;copyright&quot;:&quot;&quot;,&quot;focal_length&quot;:&quot;0&quot;,&quot;iso&quot;:&quot;0&quot;,&quot;shutter_speed&quot;:&quot;0&quot;,&quot;title&quot;:&quot;&quot;,&quot;orientation&quot;:&quot;0&quot;}\" data-image-title=\"img-20160419-wa0030.jpg\" data-image-description=\"\" data-image-caption=\"\" data-medium-file=\"https:\/\/i0.wp.com\/hsv-ovenhausen.de\/hsv-neu\/wp-content\/uploads\/2016\/04\/img-20160419-wa0030.jpg?fit=300%2C225\" data-large-file=\"https:\/\/i0.wp.com\/hsv-ovenhausen.de\/hsv-neu\/wp-content\/uploads\/2016\/04\/img-20160419-wa0030.jpg?fit=700%2C525\" class=\"alignnone size-medium wp-image-1953\" src=\"https:\/\/i0.wp.com\/hsv-ovenhausen.de\/hsv-neu\/wp-content\/uploads\/2016\/04\/img-20160419-wa0030.jpg?resize=300%2C225\" alt=\"\" width=\"300\" height=\"225\" data-id=\"1953\" srcset=\"https:\/\/i0.wp.com\/hsv-ovenhausen.de\/hsv-neu\/wp-content\/uploads\/2016\/04\/img-20160419-wa0030.jpg?resize=300%2C225 300w, https:\/\/i0.wp.com\/hsv-ovenhausen.de\/hsv-neu\/wp-content\/uploads\/2016\/04\/img-20160419-wa0030.jpg?resize=768%2C576 768w, https:\/\/i0.wp.com\/hsv-ovenhausen.de\/hsv-neu\/wp-content\/uploads\/2016\/04\/img-20160419-wa0030.jpg?resize=1024%2C768 1024w, https:\/\/i0.wp.com\/hsv-ovenhausen.de\/hsv-neu\/wp-content\/uploads\/2016\/04\/img-20160419-wa0030.jpg?w=1296 1296w\" sizes=\"auto, (max-width: 300px) 100vw, 300px\" \/><\/a><\/p>\n<p><a href=\"https:\/\/i0.wp.com\/hsv-ovenhausen.de\/hsv-neu\/wp-content\/uploads\/2016\/04\/img-20160416-wa0011.jpg\"><img data-recalc-dims=\"1\" loading=\"lazy\" decoding=\"async\" data-attachment-id=\"1917\" data-permalink=\"\/?attachment_id=1917\" data-orig-file=\"https:\/\/i0.wp.com\/hsv-ovenhausen.de\/hsv-neu\/wp-content\/uploads\/2016\/04\/img-20160416-wa0011.jpg?fit=747%2C1328\" data-orig-size=\"747,1328\" data-comments-opened=\"0\" data-image-meta=\"{&quot;aperture&quot;:&quot;0&quot;,&quot;credit&quot;:&quot;&quot;,&quot;camera&quot;:&quot;&quot;,&quot;caption&quot;:&quot;&quot;,&quot;created_timestamp&quot;:&quot;0&quot;,&quot;copyright&quot;:&quot;&quot;,&quot;focal_length&quot;:&quot;0&quot;,&quot;iso&quot;:&quot;0&quot;,&quot;shutter_speed&quot;:&quot;0&quot;,&quot;title&quot;:&quot;&quot;,&quot;orientation&quot;:&quot;0&quot;}\" data-image-title=\"img-20160416-wa0011.jpg\" data-image-description=\"\" data-image-caption=\"\" data-medium-file=\"https:\/\/i0.wp.com\/hsv-ovenhausen.de\/hsv-neu\/wp-content\/uploads\/2016\/04\/img-20160416-wa0011.jpg?fit=169%2C300\" data-large-file=\"https:\/\/i0.wp.com\/hsv-ovenhausen.de\/hsv-neu\/wp-content\/uploads\/2016\/04\/img-20160416-wa0011.jpg?fit=576%2C1024\" class=\"alignnone size-medium wp-image-1917\" src=\"https:\/\/i0.wp.com\/hsv-ovenhausen.de\/hsv-neu\/wp-content\/uploads\/2016\/04\/img-20160416-wa0011.jpg?resize=169%2C300\" alt=\"\" width=\"169\" height=\"300\" data-id=\"1917\" srcset=\"https:\/\/i0.wp.com\/hsv-ovenhausen.de\/hsv-neu\/wp-content\/uploads\/2016\/04\/img-20160416-wa0011.jpg?resize=169%2C300 169w, https:\/\/i0.wp.com\/hsv-ovenhausen.de\/hsv-neu\/wp-content\/uploads\/2016\/04\/img-20160416-wa0011.jpg?resize=576%2C1024 576w, https:\/\/i0.wp.com\/hsv-ovenhausen.de\/hsv-neu\/wp-content\/uploads\/2016\/04\/img-20160416-wa0011.jpg?w=747 747w\" sizes=\"auto, (max-width: 169px) 100vw, 169px\" \/><\/a>\u00a0\u00a0<a href=\"https:\/\/i0.wp.com\/hsv-ovenhausen.de\/hsv-neu\/wp-content\/uploads\/2016\/04\/img-20160416-wa0009.jpg\"><img data-recalc-dims=\"1\" loading=\"lazy\" decoding=\"async\" data-attachment-id=\"1916\" data-permalink=\"\/?attachment_id=1916\" data-orig-file=\"https:\/\/i0.wp.com\/hsv-ovenhausen.de\/hsv-neu\/wp-content\/uploads\/2016\/04\/img-20160416-wa0009.jpg?fit=1328%2C747\" data-orig-size=\"1328,747\" data-comments-opened=\"0\" data-image-meta=\"{&quot;aperture&quot;:&quot;0&quot;,&quot;credit&quot;:&quot;&quot;,&quot;camera&quot;:&quot;&quot;,&quot;caption&quot;:&quot;&quot;,&quot;created_timestamp&quot;:&quot;0&quot;,&quot;copyright&quot;:&quot;&quot;,&quot;focal_length&quot;:&quot;0&quot;,&quot;iso&quot;:&quot;0&quot;,&quot;shutter_speed&quot;:&quot;0&quot;,&quot;title&quot;:&quot;&quot;,&quot;orientation&quot;:&quot;0&quot;}\" data-image-title=\"img-20160416-wa0009.jpg\" data-image-description=\"\" data-image-caption=\"\" data-medium-file=\"https:\/\/i0.wp.com\/hsv-ovenhausen.de\/hsv-neu\/wp-content\/uploads\/2016\/04\/img-20160416-wa0009.jpg?fit=300%2C169\" data-large-file=\"https:\/\/i0.wp.com\/hsv-ovenhausen.de\/hsv-neu\/wp-content\/uploads\/2016\/04\/img-20160416-wa0009.jpg?fit=700%2C394\" class=\"alignnone size-medium wp-image-1916\" src=\"https:\/\/i0.wp.com\/hsv-ovenhausen.de\/hsv-neu\/wp-content\/uploads\/2016\/04\/img-20160416-wa0009.jpg?resize=300%2C169\" alt=\"\" width=\"300\" height=\"169\" data-id=\"1916\" srcset=\"https:\/\/i0.wp.com\/hsv-ovenhausen.de\/hsv-neu\/wp-content\/uploads\/2016\/04\/img-20160416-wa0009.jpg?resize=300%2C169 300w, https:\/\/i0.wp.com\/hsv-ovenhausen.de\/hsv-neu\/wp-content\/uploads\/2016\/04\/img-20160416-wa0009.jpg?resize=768%2C432 768w, https:\/\/i0.wp.com\/hsv-ovenhausen.de\/hsv-neu\/wp-content\/uploads\/2016\/04\/img-20160416-wa0009.jpg?resize=1024%2C576 1024w, https:\/\/i0.wp.com\/hsv-ovenhausen.de\/hsv-neu\/wp-content\/uploads\/2016\/04\/img-20160416-wa0009.jpg?w=1328 1328w\" sizes=\"auto, (max-width: 300px) 100vw, 300px\" \/><\/a><\/p>\n<p>&nbsp;<\/p>\n<p>Ohne die Hilfe der vielen flei\u00dfigen Helfer h\u00e4tten wir diese Projekt nicht durchf\u00fchren k\u00f6nnen!<\/p>\n<p>Vielen Dank an alle die so tatkr\u00e4ftig geholfen haben!<\/p>\n","protected":false},"excerpt":{"rendered":"<p>Erneuerung der Zaunanlage (April 2016) &nbsp; Da der alte Zaun der die KK-Bahnen sicherte mit den Jahren doch sehr marode geworden war wurde ein neuer Zaun aufgestellt um auch weiterhin einen gesicherten Schie\u00dfbetrieb erm\u00f6glichen zu k\u00f6nnen. Dies war mit viel&hellip; <\/p>\n","protected":false},"author":9,"featured_media":0,"parent":2751,"menu_order":0,"comment_status":"closed","ping_status":"closed","template":"","meta":{"jetpack_post_was_ever_published":false,"footnotes":""},"class_list":["post-2750","page","type-page","status-publish","hentry"],"jetpack_sharing_enabled":true,"jetpack_shortlink":"https:\/\/wp.me\/P7qpVN-Im","jetpack-related-posts":[{"id":2752,"url":"\/?page_id=2752","url_meta":{"origin":2750,"position":0},"title":"Vogelschie\u00dfstand","author":"Sebastian Werpup","date":"19. Mai 2018","format":false,"excerpt":"Erneuerung des Vogelschie\u00dfstandes (Juni 2016) Um auch weiterhin das K\u00f6nigsschie\u00dfen auf einen Vogel ausrichten zu k\u00f6nnen waren wir Aufgrund neuer Richtlinien gezwungen unseren Vogelschie\u00dfstand auf den neusten Stand der Gesetzlichen Vorgaben umzur\u00fcsten damit wir eine erneute Abnahme bekommen. Die Umr\u00fcstung war mit recht viel Arbeit verbunden, denn es mussten folgende\u2026","rel":"","context":"\u00c4hnlicher Beitrag","block_context":{"text":"\u00c4hnlicher Beitrag","link":""},"img":{"alt_text":"","src":"https:\/\/i0.wp.com\/hsv-ovenhausen.de\/hsv-neu\/wp-content\/uploads\/2016\/04\/P3040007.jpg?fit=1024%2C767&resize=350%2C200","width":350,"height":200,"srcset":"https:\/\/i0.wp.com\/hsv-ovenhausen.de\/hsv-neu\/wp-content\/uploads\/2016\/04\/P3040007.jpg?fit=1024%2C767&resize=350%2C200 1x, https:\/\/i0.wp.com\/hsv-ovenhausen.de\/hsv-neu\/wp-content\/uploads\/2016\/04\/P3040007.jpg?fit=1024%2C767&resize=525%2C300 1.5x, https:\/\/i0.wp.com\/hsv-ovenhausen.de\/hsv-neu\/wp-content\/uploads\/2016\/04\/P3040007.jpg?fit=1024%2C767&resize=700%2C400 2x"},"classes":[]},{"id":107,"url":"\/?page_id=107","url_meta":{"origin":2750,"position":1},"title":"Projekte","author":"Sebastian Werpup","date":"17. Januar 2015","format":false,"excerpt":"Projekte und Initiativen des Heimat- und Sch\u00fctzenvereins Ovenhausen der Jahre 2000 - 2010 Die von der Generalversammlung am 22.01.2000 beschlossene Vereinssatzung legt die Ziele und die Aufgaben des Vereins schwerpunktm\u00e4\u00dfig fest: Erhalt, F\u00f6rderung und Weiterentwicklung der heimatlichen Kultur, des \u00f6rtlichen Brauchtums und des Sch\u00fctzenwesens s\u00e4mtliche Karnevalsaktivit\u00e4ten Aus\u00fcbung des Schie\u00dfsportes \u00dcbernahme\u2026","rel":"","context":"\u00c4hnlicher Beitrag","block_context":{"text":"\u00c4hnlicher Beitrag","link":""},"img":{"alt_text":"","src":"","width":0,"height":0},"classes":[]},{"id":6,"url":"\/?page_id=6","url_meta":{"origin":2750,"position":2},"title":"Geschichte","author":"Sebastian Werpup","date":"3. Juni 2014","format":false,"excerpt":"Der Heimat- und Sch\u00fctzenverein Ovenhausen von 1575 e.V. kann als Tr\u00e4ger des traditionellen Sch\u00fctzenwesens in unserem Dorf auf eine mehr als 400- j\u00e4hrige Vereinsgeschichte stolz sein. Im Laufe der Vereinsgeschichte hat sich sein Aufgabenspektrum st\u00e4ndig weiterentwickelt, so das derzeit neben dem Sch\u00fctzenbrauchtum und dem Schie\u00dfsport s\u00e4mtliche Karnevalsaktivit\u00e4ten, die Belange des\u2026","rel":"","context":"\u00c4hnlicher Beitrag","block_context":{"text":"\u00c4hnlicher Beitrag","link":""},"img":{"alt_text":"","src":"","width":0,"height":0},"classes":[]},{"id":2387,"url":"\/?page_id=2387","url_meta":{"origin":2750,"position":3},"title":"2016","author":"Martin Bahr","date":"9. Oktober 2016","format":false,"excerpt":"Endlich geschafft Der HSV Ovenhausen pr\u00e4sentiert den \u201eersten deutschen Meistertitel\u201c \u00a0 Das viele Training hat sich ausgezahlt. Am Samstag, den 08.10.2016 durfte der HSV erstmals an der Deutschen Meisterschaft KK 100 Meter in Hannover teilnehmen. Qualifiziert hatten sich die Sch\u00fctzen: Ewald Hanke \u2013 Martin Bahr und Elmar Dr\u00fcke mit dem\u2026","rel":"","context":"\u00c4hnlicher Beitrag","block_context":{"text":"\u00c4hnlicher Beitrag","link":""},"img":{"alt_text":"img-20161008-wa0023","src":"https:\/\/i0.wp.com\/hsv-ovenhausen.de\/hsv-neu\/wp-content\/uploads\/2016\/10\/IMG-20161008-WA0023-300x225.jpg?resize=350%2C200","width":350,"height":200,"srcset":"https:\/\/i0.wp.com\/hsv-ovenhausen.de\/hsv-neu\/wp-content\/uploads\/2016\/10\/IMG-20161008-WA0023-300x225.jpg?resize=350%2C200 1x, https:\/\/i0.wp.com\/hsv-ovenhausen.de\/hsv-neu\/wp-content\/uploads\/2016\/10\/IMG-20161008-WA0023-300x225.jpg?resize=525%2C300 1.5x"},"classes":[]},{"id":2594,"url":"\/?page_id=2594","url_meta":{"origin":2750,"position":4},"title":"2016","author":"Martin Bahr","date":"10. Januar 2017","format":false,"excerpt":"Am Vormittag des 16 Oktober wurde zum dritten Part der Deutschen Meisterschaften 2016 gestartet. Es ging nach Dortmund zur DM LG 10 Meter - qualifiziert hatte sich die Truppe durch die Bronzemedaille bei den Landesmeisterschaften. Auch das war, wie berichtet ein ganz gro\u00dfe Erfolg der HSV Sch\u00fctzen. Aber schon w\u00e4hrend\u2026","rel":"","context":"\u00c4hnlicher Beitrag","block_context":{"text":"\u00c4hnlicher Beitrag","link":""},"img":{"alt_text":"","src":"https:\/\/i0.wp.com\/hsv-ovenhausen.de\/hsv-neu\/wp-content\/uploads\/2017\/01\/Projekt04-300x212.jpg?resize=350%2C200","width":350,"height":200,"srcset":"https:\/\/i0.wp.com\/hsv-ovenhausen.de\/hsv-neu\/wp-content\/uploads\/2017\/01\/Projekt04-300x212.jpg?resize=350%2C200 1x, https:\/\/i0.wp.com\/hsv-ovenhausen.de\/hsv-neu\/wp-content\/uploads\/2017\/01\/Projekt04-300x212.jpg?resize=525%2C300 1.5x"},"classes":[]},{"id":29,"url":"\/?page_id=29","url_meta":{"origin":2750,"position":5},"title":"Schie\u00dfsport (alte Seite)","author":"Martin Bahr","date":"12. August 2014","format":false,"excerpt":"Spitzenreiter in der Leistungsklasse - HSV holt Top-Platzierungen und Titel Ob Luftgewehr oder Kleinkaliber \u2013 die Sportsch\u00fctzen des HSV Ovenhausen sind im Kreis H\u00f6xter die treffsichersten. Sogar auf Bundesebene hat es f\u00fcr einen Sportler im Oktober Grund zum Jubeln gegeben. Bei der Deutschen Meisterschaft in Hannover landete Ewald Hanke mit\u2026","rel":"","context":"\u00c4hnlicher Beitrag","block_context":{"text":"\u00c4hnlicher Beitrag","link":""},"img":{"alt_text":"Mit Kleinkaliber und Luftgewehr auf Titeljagd. Das sind die f\u00fcnf Sch\u00fctzen (von links): Ewald Hanke, Bernward Mutter, Martin Bahr, J\u00fcrgen Todt und Markus B\u00f6melburg. Der HSV Ovenhausen belegt in der Leistungsklasse Rang eins. Foto: Oliver Temme","src":"https:\/\/i0.wp.com\/test.hsv-ovenhausen.de\/hsv-neu\/wp-content\/uploads\/2014\/08\/Schiessgruppe.jpg?resize=350%2C200","width":350,"height":200},"classes":[]}],"_links":{"self":[{"href":"\/index.php?rest_route=\/wp\/v2\/pages\/2750","targetHints":{"allow":["GET"]}}],"collection":[{"href":"\/index.php?rest_route=\/wp\/v2\/pages"}],"about":[{"href":"\/index.php?rest_route=\/wp\/v2\/types\/page"}],"author":[{"embeddable":true,"href":"\/index.php?rest_route=\/wp\/v2\/users\/9"}],"replies":[{"embeddable":true,"href":"\/index.php?rest_route=%2Fwp%2Fv2%2Fcomments&post=2750"}],"version-history":[{"count":3,"href":"\/index.php?rest_route=\/wp\/v2\/pages\/2750\/revisions"}],"predecessor-version":[{"id":2767,"href":"\/index.php?rest_route=\/wp\/v2\/pages\/2750\/revisions\/2767"}],"up":[{"embeddable":true,"href":"\/index.php?rest_route=\/wp\/v2\/pages\/2751"}],"wp:attachment":[{"href":"\/index.php?rest_route=%2Fwp%2Fv2%2Fmedia&parent=2750"}],"curies":[{"name":"wp","href":"https:\/\/api.w.org\/{rel}","templated":true}]}}