{"id":2776,"date":"2018-06-14T16:16:58","date_gmt":"2018-06-14T14:16:58","guid":{"rendered":"http:\/\/hsv-ovenhausen.de\/?page_id=2776"},"modified":"2018-06-14T16:16:58","modified_gmt":"2018-06-14T14:16:58","slug":"datenschutzerklaerung","status":"publish","type":"page","link":"\/?page_id=2776","title":{"rendered":"Datenschutzerkl\u00e4rung"},"content":{"rendered":"<h3>Wer wir sind:<\/h3>\n<h3><span style=\"font-size: 18pt; color: #008000;\">Der Heimat- und Sch\u00fctzenverein Ovenhausen von 1575 e.V.<\/span><\/h3>\n<p>&nbsp;<\/p>\n<h3>Kommentare<\/h3>\n<p>Wenn Besucher Kommentare auf der Website schreiben, sammeln wir die Daten, die im Kommentar-Formular angezeigt werden, au\u00dferdem die IP-Adresse des Besuchers und den User-Agent-String (damit wird der Browser identifiziert), um die Erkennung von Spam zu unterst\u00fctzen.<\/p>\n<p>Aus deiner E-Mail-Adresse kann eine anonymisierte Zeichenfolge erstellt (auch Hash genannt) und dem Gravatar-Dienst \u00fcbergeben werden, um zu pr\u00fcfen, ob du diesen benutzt. Die Datenschutzerkl\u00e4rung des Gravatar-Dienstes findest du hier: https:\/\/automattic.com\/privacy\/. Nachdem dein Kommentar freigegeben wurde, ist dein Profilbild \u00f6ffentlich im Kontext deines Kommentars sichtbar.<\/p>\n<h3>Medien<\/h3>\n<p>Wenn du ein registrierter Benutzer bist und Fotos auf diese Website l\u00e4dst, solltest du vermeiden, Fotos mit einem EXIF-GPS-Standort hochzuladen. Besucher dieser Website k\u00f6nnten Fotos, die auf dieser Website gespeichert sind, herunterladen und deren Standort-Informationen extrahieren.<\/p>\n<h3>Cookies<\/h3>\n<p>Wenn du einen Kommentar auf unserer Website schreibst, kann das eine Einwilligung sein, deinen Namen, E-Mail-Adresse und Website in Cookies zu speichern. Dies ist eine Komfortfunktion, damit du nicht, wenn du einen weiteren Kommentar schreibst, all diese Daten erneut eingeben musst. Diese Cookies werden ein Jahr lang gespeichert.<\/p>\n<p>Falls du ein Konto hast und dich auf dieser Website anmeldest, werden wir ein tempor\u00e4res Cookie setzen, um festzustellen, ob dein Browser Cookies akzeptiert. Dieses Cookie enth\u00e4lt keine personenbezogenen Daten und wird verworfen, wenn du deinen Browser schlie\u00dft.<\/p>\n<p>Wenn du dich anmeldest, werden wir einige Cookies einrichten, um deine Anmeldeinformationen und Anzeigeoptionen zu speichern. Anmelde-Cookies verfallen nach zwei Tagen und Cookies f\u00fcr die Anzeigeoptionen nach einem Jahr. Falls du bei der Anmeldung \u201eAngemeldet bleiben\u201c ausw\u00e4hlst, wird deine Anmeldung zwei Wochen lang aufrechterhalten. Mit der Abmeldung aus deinem Konto werden die Anmelde-Cookies gel\u00f6scht.<\/p>\n<p>Wenn du einen Artikel bearbeitest oder ver\u00f6ffentlichst, wird ein zus\u00e4tzlicher Cookie in deinem Browser gespeichert. Dieser Cookie enth\u00e4lt keine personenbezogenen Daten und verweist nur auf die Beitrags-ID des Artikels, den du gerade bearbeitet hast. Der Cookie verf\u00e4llt nach einem Tag.<\/p>\n<h3>Eingebettete Inhalte von anderen Websites<\/h3>\n<p>Beitr\u00e4ge auf dieser Website k\u00f6nnen eingebettete Inhalte beinhalten (z.\u00a0B. Videos, Bilder, Beitr\u00e4ge etc.). Eingebettete Inhalte von anderen Websites verhalten sich exakt so, als ob der Besucher die andere Website besucht h\u00e4tte.<\/p>\n<p>Diese Websites k\u00f6nnen Daten \u00fcber dich sammeln, Cookies benutzen, zus\u00e4tzliche Tracking-Dienste von Dritten einbetten und deine Interaktion mit diesem eingebetteten Inhalt aufzeichnen, inklusive deiner Interaktion mit dem eingebetteten Inhalt, falls du ein Konto hast und auf dieser Website angemeldet bist.<\/p>\n<h3>Wie lange wir deine Daten speichern<\/h3>\n<p>Wenn du einen Kommentar schreibst, wird dieser inklusive Metadaten zeitlich unbegrenzt gespeichert. Auf diese Art k\u00f6nnen wir Folgekommentare automatisch erkennen und freigeben, anstelle sie in einer Moderations-Warteschlange festzuhalten.<\/p>\n<p>F\u00fcr Benutzer, die sich auf unserer Website registrieren, speichern wir zus\u00e4tzlich die pers\u00f6nlichen Informationen, die sie in ihren Benutzerprofilen angeben. Alle Benutzer k\u00f6nnen jederzeit ihre pers\u00f6nlichen Informationen einsehen, ver\u00e4ndern oder l\u00f6schen (der Benutzername kann nicht ver\u00e4ndert werden). Administratoren der Website k\u00f6nnen diese Informationen ebenfalls einsehen und ver\u00e4ndern.<\/p>\n<h3>Welche Rechte du an deinen Daten hast<\/h3>\n<p>Wenn du ein Konto auf dieser Website besitzt oder Kommentare geschrieben hast, kannst du einen Export deiner personenbezogenen Daten bei uns anfordern, inklusive aller Daten, die du uns mitgeteilt hast. Dar\u00fcber hinaus kannst du die L\u00f6schung aller personenbezogenen Daten, die wir von dir gespeichert haben, anfordern. Dies umfasst nicht die Daten, die wir aufgrund administrativer, rechtlicher oder sicherheitsrelevanter Notwendigkeiten aufbewahren m\u00fcssen.<\/p>\n<h3>Wohin wir deine Daten senden<\/h3>\n<p>Besucher-Kommentare k\u00f6nnten von einem automatisierten Dienst zur Spam-Erkennung untersucht werden.<\/p>\n","protected":false},"excerpt":{"rendered":"<p>Wer wir sind: Der Heimat- und Sch\u00fctzenverein Ovenhausen von 1575 e.V. &nbsp; Kommentare Wenn Besucher Kommentare auf der Website schreiben, sammeln wir die Daten, die im Kommentar-Formular angezeigt werden, au\u00dferdem die IP-Adresse des Besuchers und den User-Agent-String (damit wird der&hellip; <\/p>\n","protected":false},"author":9,"featured_media":0,"parent":115,"menu_order":0,"comment_status":"closed","ping_status":"closed","template":"","meta":{"jetpack_post_was_ever_published":false,"footnotes":""},"class_list":["post-2776","page","type-page","status-publish","hentry"],"jetpack_sharing_enabled":true,"jetpack_shortlink":"https:\/\/wp.me\/P7qpVN-IM","jetpack-related-posts":[{"id":2788,"url":"\/?page_id=2788","url_meta":{"origin":2776,"position":0},"title":"Impressum","author":"Sebastian Werpup","date":"14. Juni 2018","format":false,"excerpt":"Angaben gem\u00e4\u00df \u00a7 5 TMG Heimat und Sch\u00fctzenverein Ovenhausen von 1575 e.V. Heiligenbergstr. 6 37671 H\u00f6xter \/ Ovenhausen Vertreten durch:\u00a0 Sebastian Werpup - 1 Vorsitzender Thorsten Ludwig - 1. Kassierer Grit Winkelhahn - 1. Schriftf\u00fchrerin Kontakt: Sebastian Werpup Telefon: +49 5278-952633 E-Mail: Sebastian.Werpup@Hsv-Ovenhausen.de Grit Winkelhahn E-Mail: Grit.Winkelhahn@Hsv-Ovenhausen.de Registereintrag:\u00a0 Eintragung im\u2026","rel":"","context":"\u00c4hnlicher Beitrag","block_context":{"text":"\u00c4hnlicher Beitrag","link":""},"img":{"alt_text":"","src":"","width":0,"height":0},"classes":[]},{"id":2,"url":"\/?page_id=2","url_meta":{"origin":2776,"position":1},"title":"Vermietung Sch\u00fctzenhaus","author":"Sebastian Werpup","date":"7. April 2014","format":false,"excerpt":"Die Vermietungen werden von Herrn Josef K\u00f6ster verwaltet. Mit ihm haben Sie einen kompetenten Ansprechpartner in allen Fragen rund um den Schie\u00dfstand und die Vermietung. F\u00fcr die erste Kontaktaufnahme bitten wir sie eine Anfrage an folgende E-Mail Adresse zu senden: schiessstandovenhausen@hsv-ovenhausen.de Herr K\u00f6ster wird sich dann mit Ihnen in Verbindung\u2026","rel":"","context":"\u00c4hnlicher Beitrag","block_context":{"text":"\u00c4hnlicher Beitrag","link":""},"img":{"alt_text":"Sch\u00fctzenhaus Blick vom Parkplatz","src":"https:\/\/i0.wp.com\/hsv-ovenhausen.de\/hsv-neu\/wp-content\/uploads\/2021\/01\/Schiessstand_010.jpg?resize=350%2C200","width":350,"height":200,"srcset":"https:\/\/i0.wp.com\/hsv-ovenhausen.de\/hsv-neu\/wp-content\/uploads\/2021\/01\/Schiessstand_010.jpg?resize=350%2C200 1x, https:\/\/i0.wp.com\/hsv-ovenhausen.de\/hsv-neu\/wp-content\/uploads\/2021\/01\/Schiessstand_010.jpg?resize=525%2C300 1.5x, https:\/\/i0.wp.com\/hsv-ovenhausen.de\/hsv-neu\/wp-content\/uploads\/2021\/01\/Schiessstand_010.jpg?resize=700%2C400 2x"},"classes":[]},{"id":1541,"url":"\/?page_id=1541","url_meta":{"origin":2776,"position":2},"title":"2015 Senioren A","author":"Martin Bahr","date":"15. April 2016","format":false,"excerpt":"Die Landesmeisterschaften 2015 bei den \"Senioren A\" standen ganz im Zeichen des HSV-Ovenhausen. Geschossen wurde Luftgewehr auf 10 Meter Entfernung. Gerade p\u00fcnktlich zum gro\u00dfen Heimatfest haben die Sch\u00fctzen\u00a0Elmar Dr\u00fcke 299 Ring, Martin Bahr 300 Ring und Ewald Hanke 300 Ring\u00a0diese tolle\u00a0Leistung abrufen k\u00f6nnen. Mit 899 von 900 M\u00f6glichen wurde der\u2026","rel":"","context":"\u00c4hnlicher Beitrag","block_context":{"text":"\u00c4hnlicher Beitrag","link":""},"img":{"alt_text":"","src":"https:\/\/i0.wp.com\/hsv-ovenhausen.de\/hsv-neu\/wp-content\/uploads\/2016\/04\/DSC_6684_pp-1.jpg?fit=1200%2C800&resize=350%2C200","width":350,"height":200,"srcset":"https:\/\/i0.wp.com\/hsv-ovenhausen.de\/hsv-neu\/wp-content\/uploads\/2016\/04\/DSC_6684_pp-1.jpg?fit=1200%2C800&resize=350%2C200 1x, https:\/\/i0.wp.com\/hsv-ovenhausen.de\/hsv-neu\/wp-content\/uploads\/2016\/04\/DSC_6684_pp-1.jpg?fit=1200%2C800&resize=525%2C300 1.5x, https:\/\/i0.wp.com\/hsv-ovenhausen.de\/hsv-neu\/wp-content\/uploads\/2016\/04\/DSC_6684_pp-1.jpg?fit=1200%2C800&resize=700%2C400 2x, https:\/\/i0.wp.com\/hsv-ovenhausen.de\/hsv-neu\/wp-content\/uploads\/2016\/04\/DSC_6684_pp-1.jpg?fit=1200%2C800&resize=1050%2C600 3x"},"classes":[]},{"id":2594,"url":"\/?page_id=2594","url_meta":{"origin":2776,"position":3},"title":"2016","author":"Martin Bahr","date":"10. Januar 2017","format":false,"excerpt":"Am Vormittag des 16 Oktober wurde zum dritten Part der Deutschen Meisterschaften 2016 gestartet. Es ging nach Dortmund zur DM LG 10 Meter - qualifiziert hatte sich die Truppe durch die Bronzemedaille bei den Landesmeisterschaften. Auch das war, wie berichtet ein ganz gro\u00dfe Erfolg der HSV Sch\u00fctzen. Aber schon w\u00e4hrend\u2026","rel":"","context":"\u00c4hnlicher Beitrag","block_context":{"text":"\u00c4hnlicher Beitrag","link":""},"img":{"alt_text":"","src":"https:\/\/i0.wp.com\/hsv-ovenhausen.de\/hsv-neu\/wp-content\/uploads\/2017\/01\/Projekt04-300x212.jpg?resize=350%2C200","width":350,"height":200,"srcset":"https:\/\/i0.wp.com\/hsv-ovenhausen.de\/hsv-neu\/wp-content\/uploads\/2017\/01\/Projekt04-300x212.jpg?resize=350%2C200 1x, https:\/\/i0.wp.com\/hsv-ovenhausen.de\/hsv-neu\/wp-content\/uploads\/2017\/01\/Projekt04-300x212.jpg?resize=525%2C300 1.5x"},"classes":[]},{"id":2272,"url":"\/?page_id=2272","url_meta":{"origin":2776,"position":4},"title":"2016 KK Senioren A 100 Meter","author":"Martin Bahr","date":"4. Juli 2016","format":false,"excerpt":"Landesmeister ist der HSV Ovenhausen in der Disziplin KK \u2013 100 Meter Langsam wird es unheimlich um den HSV Ovenhausen \u2013 beim dritten Start der diesj\u00e4hrigen Landesmeisterschaften der Senioren A, dieses mal in Hamm, in der Disziplin KK-100 Meter wurde wieder gesiegt. Die Sch\u00fctzen Ewald Hanke, Martin Bahr und Elmar\u2026","rel":"","context":"\u00c4hnlicher Beitrag","block_context":{"text":"\u00c4hnlicher Beitrag","link":""},"img":{"alt_text":"IMG-20160703-WA0015_1467624075304","src":"https:\/\/i0.wp.com\/hsv-ovenhausen.de\/hsv-neu\/wp-content\/uploads\/2016\/07\/IMG-20160703-WA0015_1467624075304-300x169.jpg?resize=350%2C200","width":350,"height":200,"srcset":"https:\/\/i0.wp.com\/hsv-ovenhausen.de\/hsv-neu\/wp-content\/uploads\/2016\/07\/IMG-20160703-WA0015_1467624075304-300x169.jpg?resize=350%2C200 1x, https:\/\/i0.wp.com\/hsv-ovenhausen.de\/hsv-neu\/wp-content\/uploads\/2016\/07\/IMG-20160703-WA0015_1467624075304-300x169.jpg?resize=525%2C300 1.5x"},"classes":[]},{"id":107,"url":"\/?page_id=107","url_meta":{"origin":2776,"position":5},"title":"Projekte","author":"Sebastian Werpup","date":"17. Januar 2015","format":false,"excerpt":"Projekte und Initiativen des Heimat- und Sch\u00fctzenvereins Ovenhausen der Jahre 2000 - 2010 Die von der Generalversammlung am 22.01.2000 beschlossene Vereinssatzung legt die Ziele und die Aufgaben des Vereins schwerpunktm\u00e4\u00dfig fest: Erhalt, F\u00f6rderung und Weiterentwicklung der heimatlichen Kultur, des \u00f6rtlichen Brauchtums und des Sch\u00fctzenwesens s\u00e4mtliche Karnevalsaktivit\u00e4ten Aus\u00fcbung des Schie\u00dfsportes \u00dcbernahme\u2026","rel":"","context":"\u00c4hnlicher Beitrag","block_context":{"text":"\u00c4hnlicher Beitrag","link":""},"img":{"alt_text":"","src":"","width":0,"height":0},"classes":[]}],"_links":{"self":[{"href":"\/index.php?rest_route=\/wp\/v2\/pages\/2776","targetHints":{"allow":["GET"]}}],"collection":[{"href":"\/index.php?rest_route=\/wp\/v2\/pages"}],"about":[{"href":"\/index.php?rest_route=\/wp\/v2\/types\/page"}],"author":[{"embeddable":true,"href":"\/index.php?rest_route=\/wp\/v2\/users\/9"}],"replies":[{"embeddable":true,"href":"\/index.php?rest_route=%2Fwp%2Fv2%2Fcomments&post=2776"}],"version-history":[{"count":8,"href":"\/index.php?rest_route=\/wp\/v2\/pages\/2776\/revisions"}],"predecessor-version":[{"id":2785,"href":"\/index.php?rest_route=\/wp\/v2\/pages\/2776\/revisions\/2785"}],"up":[{"embeddable":true,"href":"\/index.php?rest_route=\/wp\/v2\/pages\/115"}],"wp:attachment":[{"href":"\/index.php?rest_route=%2Fwp%2Fv2%2Fmedia&parent=2776"}],"curies":[{"name":"wp","href":"https:\/\/api.w.org\/{rel}","templated":true}]}}