{"id":4,"date":"2014-06-03T18:43:36","date_gmt":"2014-06-03T16:43:36","guid":{"rendered":"http:\/\/test.hsv-ovenhausen.de\/hsv-neu\/?page_id=4"},"modified":"2016-04-13T16:56:28","modified_gmt":"2016-04-13T14:56:28","slug":"historie","status":"publish","type":"page","link":"\/?page_id=4","title":{"rendered":"Der Verein"},"content":{"rendered":"<p><strong> Der Heimat- und Sch\u00fctzenverein Ovenhausen von 1575 e.V. <\/strong><\/p>\n<p>kann als Tr\u00e4ger des traditionellen Sch\u00fctzenwesens in unserem Dorf auf eine mehr als 400- j\u00e4hrige Vereinsgeschichte stolz sein und ist mit seinen rund 450 Mitgliedern auch einer der gr\u00f6\u00dften \u00f6rtlichen Vereine.<\/p>\n<p>Im Laufe der Vereinsgeschichte hat sich sein Aufgabenspektrum st\u00e4ndig weiterentwickelt, so das derzeit neben dem Sch\u00fctzenbrauchtum und dem Schie\u00dfsport s\u00e4mtliche Karnevalsaktivit\u00e4ten, die Belange des Fremdenverkehrs und eine intensive Nachwuchs- und Jugendf\u00f6rderung die Schwerpunkte der Vereinsarbeit bilden.<\/p>\n","protected":false},"excerpt":{"rendered":"<p>Der Heimat- und Sch\u00fctzenverein Ovenhausen von 1575 e.V. kann als Tr\u00e4ger des traditionellen Sch\u00fctzenwesens in unserem Dorf auf eine mehr als 400- j\u00e4hrige Vereinsgeschichte stolz sein und ist mit seinen rund 450 Mitgliedern auch einer der gr\u00f6\u00dften \u00f6rtlichen Vereine. Im&hellip; <\/p>\n","protected":false},"author":3,"featured_media":0,"parent":0,"menu_order":0,"comment_status":"closed","ping_status":"closed","template":"","meta":{"jetpack_post_was_ever_published":false,"footnotes":""},"class_list":["post-4","page","type-page","status-publish","hentry"],"jetpack_sharing_enabled":true,"jetpack_shortlink":"https:\/\/wp.me\/P7qpVN-4","jetpack-related-posts":[{"id":6,"url":"\/?page_id=6","url_meta":{"origin":4,"position":0},"title":"Geschichte","author":"Sebastian Werpup","date":"3. Juni 2014","format":false,"excerpt":"Der Heimat- und Sch\u00fctzenverein Ovenhausen von 1575 e.V. kann als Tr\u00e4ger des traditionellen Sch\u00fctzenwesens in unserem Dorf auf eine mehr als 400- j\u00e4hrige Vereinsgeschichte stolz sein. Im Laufe der Vereinsgeschichte hat sich sein Aufgabenspektrum st\u00e4ndig weiterentwickelt, so das derzeit neben dem Sch\u00fctzenbrauchtum und dem Schie\u00dfsport s\u00e4mtliche Karnevalsaktivit\u00e4ten, die Belange des\u2026","rel":"","context":"\u00c4hnlicher Beitrag","block_context":{"text":"\u00c4hnlicher Beitrag","link":""},"img":{"alt_text":"","src":"","width":0,"height":0},"classes":[]},{"id":29,"url":"\/?page_id=29","url_meta":{"origin":4,"position":1},"title":"Schie\u00dfsport (alte Seite)","author":"Martin Bahr","date":"12. August 2014","format":false,"excerpt":"Spitzenreiter in der Leistungsklasse - HSV holt Top-Platzierungen und Titel Ob Luftgewehr oder Kleinkaliber \u2013 die Sportsch\u00fctzen des HSV Ovenhausen sind im Kreis H\u00f6xter die treffsichersten. Sogar auf Bundesebene hat es f\u00fcr einen Sportler im Oktober Grund zum Jubeln gegeben. Bei der Deutschen Meisterschaft in Hannover landete Ewald Hanke mit\u2026","rel":"","context":"\u00c4hnlicher Beitrag","block_context":{"text":"\u00c4hnlicher Beitrag","link":""},"img":{"alt_text":"Mit Kleinkaliber und Luftgewehr auf Titeljagd. Das sind die f\u00fcnf Sch\u00fctzen (von links): Ewald Hanke, Bernward Mutter, Martin Bahr, J\u00fcrgen Todt und Markus B\u00f6melburg. Der HSV Ovenhausen belegt in der Leistungsklasse Rang eins. Foto: Oliver Temme","src":"https:\/\/i0.wp.com\/test.hsv-ovenhausen.de\/hsv-neu\/wp-content\/uploads\/2014\/08\/Schiessgruppe.jpg?resize=350%2C200","width":350,"height":200},"classes":[]},{"id":2387,"url":"\/?page_id=2387","url_meta":{"origin":4,"position":2},"title":"2016","author":"Martin Bahr","date":"9. Oktober 2016","format":false,"excerpt":"Endlich geschafft Der HSV Ovenhausen pr\u00e4sentiert den \u201eersten deutschen Meistertitel\u201c \u00a0 Das viele Training hat sich ausgezahlt. Am Samstag, den 08.10.2016 durfte der HSV erstmals an der Deutschen Meisterschaft KK 100 Meter in Hannover teilnehmen. Qualifiziert hatten sich die Sch\u00fctzen: Ewald Hanke \u2013 Martin Bahr und Elmar Dr\u00fcke mit dem\u2026","rel":"","context":"\u00c4hnlicher Beitrag","block_context":{"text":"\u00c4hnlicher Beitrag","link":""},"img":{"alt_text":"img-20161008-wa0023","src":"https:\/\/i0.wp.com\/hsv-ovenhausen.de\/hsv-neu\/wp-content\/uploads\/2016\/10\/IMG-20161008-WA0023-300x225.jpg?resize=350%2C200","width":350,"height":200,"srcset":"https:\/\/i0.wp.com\/hsv-ovenhausen.de\/hsv-neu\/wp-content\/uploads\/2016\/10\/IMG-20161008-WA0023-300x225.jpg?resize=350%2C200 1x, https:\/\/i0.wp.com\/hsv-ovenhausen.de\/hsv-neu\/wp-content\/uploads\/2016\/10\/IMG-20161008-WA0023-300x225.jpg?resize=525%2C300 1.5x"},"classes":[]},{"id":107,"url":"\/?page_id=107","url_meta":{"origin":4,"position":3},"title":"Projekte","author":"Sebastian Werpup","date":"17. Januar 2015","format":false,"excerpt":"Projekte und Initiativen des Heimat- und Sch\u00fctzenvereins Ovenhausen der Jahre 2000 - 2010 Die von der Generalversammlung am 22.01.2000 beschlossene Vereinssatzung legt die Ziele und die Aufgaben des Vereins schwerpunktm\u00e4\u00dfig fest: Erhalt, F\u00f6rderung und Weiterentwicklung der heimatlichen Kultur, des \u00f6rtlichen Brauchtums und des Sch\u00fctzenwesens s\u00e4mtliche Karnevalsaktivit\u00e4ten Aus\u00fcbung des Schie\u00dfsportes \u00dcbernahme\u2026","rel":"","context":"\u00c4hnlicher Beitrag","block_context":{"text":"\u00c4hnlicher Beitrag","link":""},"img":{"alt_text":"","src":"","width":0,"height":0},"classes":[]},{"id":2776,"url":"\/?page_id=2776","url_meta":{"origin":4,"position":4},"title":"Datenschutzerkl\u00e4rung","author":"Sebastian Werpup","date":"14. Juni 2018","format":false,"excerpt":"Wer wir sind: Der Heimat- und Sch\u00fctzenverein Ovenhausen von 1575 e.V. \u00a0 Kommentare Wenn Besucher Kommentare auf der Website schreiben, sammeln wir die Daten, die im Kommentar-Formular angezeigt werden, au\u00dferdem die IP-Adresse des Besuchers und den User-Agent-String (damit wird der Browser identifiziert), um die Erkennung von Spam zu unterst\u00fctzen. Aus\u2026","rel":"","context":"\u00c4hnlicher Beitrag","block_context":{"text":"\u00c4hnlicher Beitrag","link":""},"img":{"alt_text":"","src":"","width":0,"height":0},"classes":[]},{"id":2,"url":"\/?page_id=2","url_meta":{"origin":4,"position":5},"title":"Vermietung Sch\u00fctzenhaus","author":"Sebastian Werpup","date":"7. April 2014","format":false,"excerpt":"Die Vermietungen werden von Herrn Josef K\u00f6ster verwaltet. Mit ihm haben Sie einen kompetenten Ansprechpartner in allen Fragen rund um den Schie\u00dfstand und die Vermietung. F\u00fcr die erste Kontaktaufnahme bitten wir sie eine Anfrage an folgende E-Mail Adresse zu senden: schiessstandovenhausen@hsv-ovenhausen.de Herr K\u00f6ster wird sich dann mit Ihnen in Verbindung\u2026","rel":"","context":"\u00c4hnlicher Beitrag","block_context":{"text":"\u00c4hnlicher Beitrag","link":""},"img":{"alt_text":"Sch\u00fctzenhaus Blick vom Parkplatz","src":"https:\/\/i0.wp.com\/hsv-ovenhausen.de\/hsv-neu\/wp-content\/uploads\/2021\/01\/Schiessstand_010.jpg?resize=350%2C200","width":350,"height":200,"srcset":"https:\/\/i0.wp.com\/hsv-ovenhausen.de\/hsv-neu\/wp-content\/uploads\/2021\/01\/Schiessstand_010.jpg?resize=350%2C200 1x, https:\/\/i0.wp.com\/hsv-ovenhausen.de\/hsv-neu\/wp-content\/uploads\/2021\/01\/Schiessstand_010.jpg?resize=525%2C300 1.5x, https:\/\/i0.wp.com\/hsv-ovenhausen.de\/hsv-neu\/wp-content\/uploads\/2021\/01\/Schiessstand_010.jpg?resize=700%2C400 2x"},"classes":[]}],"_links":{"self":[{"href":"\/index.php?rest_route=\/wp\/v2\/pages\/4","targetHints":{"allow":["GET"]}}],"collection":[{"href":"\/index.php?rest_route=\/wp\/v2\/pages"}],"about":[{"href":"\/index.php?rest_route=\/wp\/v2\/types\/page"}],"author":[{"embeddable":true,"href":"\/index.php?rest_route=\/wp\/v2\/users\/3"}],"replies":[{"embeddable":true,"href":"\/index.php?rest_route=%2Fwp%2Fv2%2Fcomments&post=4"}],"version-history":[{"count":1,"href":"\/index.php?rest_route=\/wp\/v2\/pages\/4\/revisions"}],"predecessor-version":[{"id":1401,"href":"\/index.php?rest_route=\/wp\/v2\/pages\/4\/revisions\/1401"}],"wp:attachment":[{"href":"\/index.php?rest_route=%2Fwp%2Fv2%2Fmedia&parent=4"}],"curies":[{"name":"wp","href":"https:\/\/api.w.org\/{rel}","templated":true}]}}