{"id":4150,"date":"2025-07-01T18:07:18","date_gmt":"2025-07-01T16:07:18","guid":{"rendered":"\/?page_id=4150"},"modified":"2025-07-25T10:12:55","modified_gmt":"2025-07-25T08:12:55","slug":"heimatfest-2025-2","status":"publish","type":"page","link":"\/?page_id=4150","title":{"rendered":"Heimatfest 2025"},"content":{"rendered":"\n<p>Liebe G\u00e4ste aus Nah und Fern, liebe Ovenh\u00e4userinnen und Ovenh\u00e4user sowie Freundinnen und Freunde des Sch\u00fctzenwesens,<br \/>der Heimat- und Sch\u00fctzenverein Ovenhausen freut sich, Sie alle zum 11. Gro\u00dfen Heimatfest in Ovenhausen begr\u00fc\u00dfen zu d\u00fcrfen.<\/p>\n\n\n\n<p>Alle zehn Jahre feiern wir unsere Heimat, das Dorf und das Sch\u00fctzenwesen mit einem gro\u00dfen Fest der Extraklasse. Dieses Mal gibt es gleich mehrere gro\u00dfe Jubil\u00e4en obendrauf: 1200 Jahre Ovenhausen, 450 Jahre Sch\u00fctzenwesen und 1250 Jahre Westfalen.<\/p>\n\n\n\n<p>Wir laden Sie alle herzlich dazu ein, vier unvergessliche Tage mit uns zu verbringen und gemeinsam ein rauschendes Fest zu feiern! Es wartet ein tolles Programm f\u00fcr Jung, f\u00fcr Alt, f\u00fcr die gesamte Familie.<\/p>\n\n\n\n<div class=\"wp-block-buttons is-layout-flex wp-block-buttons-is-layout-flex\">\n<div class=\"wp-block-button\"><a class=\"wp-block-button__link wp-element-button\" href=\"https:\/\/hsv-ovenhausen.de\/?page_id=4157\">Zum Festprogramm<\/a><\/div>\n\n\n\n<div class=\"wp-block-button\"><a class=\"wp-block-button__link wp-element-button\" href=\"https:\/\/hsv-ovenhausen.de\/?page_id=4147\">Kartenvorverkauf und Preise<\/a><\/div>\n\n\n\n<div class=\"wp-block-button\"><a class=\"wp-block-button__link wp-element-button\" href=\"https:\/\/hsv-ovenhausen.de\/?page_id=4327\">K\u00f6nigspaar &amp; Hofstaat<\/a><\/div>\n\n\n\n<div class=\"wp-block-button\"><a class=\"wp-block-button__link wp-element-button\" href=\"https:\/\/hsv-ovenhausen.de\/?page_id=4435\">Westf\u00e4lischer Abend<\/a><\/div>\n\n\n\n<div class=\"wp-block-button\"><a class=\"wp-block-button__link wp-element-button\" href=\"https:\/\/hsv-ovenhausen.de\/?page_id=4372\">Historischer Umzug &#8211; Alles Wichtige auf einen Blick<\/a><\/div>\n<\/div>\n\n\n\n<figure class=\"wp-block-gallery has-nested-images columns-0 is-cropped is-style-rectangular wp-block-gallery-1 is-layout-flex wp-block-gallery-is-layout-flex\">\n<figure class=\"wp-block-image size-full\"><img data-recalc-dims=\"1\" loading=\"lazy\" decoding=\"async\" width=\"700\" height=\"990\" data-attachment-id=\"4264\" data-permalink=\"\/?attachment_id=4264\" data-orig-file=\"https:\/\/i0.wp.com\/hsv-ovenhausen.de\/hsv-neu\/wp-content\/uploads\/2025\/07\/PLAKAT_Heimatfest_2025_A2_Ansicht-scaled.jpg?fit=1810%2C2560\" data-orig-size=\"1810,2560\" data-comments-opened=\"0\" data-image-meta=\"{&quot;aperture&quot;:&quot;0&quot;,&quot;credit&quot;:&quot;&quot;,&quot;camera&quot;:&quot;&quot;,&quot;caption&quot;:&quot;&quot;,&quot;created_timestamp&quot;:&quot;0&quot;,&quot;copyright&quot;:&quot;&quot;,&quot;focal_length&quot;:&quot;0&quot;,&quot;iso&quot;:&quot;0&quot;,&quot;shutter_speed&quot;:&quot;0&quot;,&quot;title&quot;:&quot;&quot;,&quot;orientation&quot;:&quot;0&quot;}\" data-image-title=\"PLAKAT_Heimatfest_2025_A2_Ansicht\" data-image-description=\"\" data-image-caption=\"\" data-medium-file=\"https:\/\/i0.wp.com\/hsv-ovenhausen.de\/hsv-neu\/wp-content\/uploads\/2025\/07\/PLAKAT_Heimatfest_2025_A2_Ansicht-scaled.jpg?fit=212%2C300\" data-large-file=\"https:\/\/i0.wp.com\/hsv-ovenhausen.de\/hsv-neu\/wp-content\/uploads\/2025\/07\/PLAKAT_Heimatfest_2025_A2_Ansicht-scaled.jpg?fit=700%2C990\" data-id=\"4264\" src=\"https:\/\/i0.wp.com\/hsv-ovenhausen.de\/hsv-neu\/wp-content\/uploads\/2025\/07\/PLAKAT_Heimatfest_2025_A2_Ansicht-scaled.jpg?resize=700%2C990&#038;ssl=1\" alt=\"\" class=\"wp-image-4264\" srcset=\"https:\/\/i0.wp.com\/hsv-ovenhausen.de\/hsv-neu\/wp-content\/uploads\/2025\/07\/PLAKAT_Heimatfest_2025_A2_Ansicht-scaled.jpg?w=1810 1810w, https:\/\/i0.wp.com\/hsv-ovenhausen.de\/hsv-neu\/wp-content\/uploads\/2025\/07\/PLAKAT_Heimatfest_2025_A2_Ansicht-scaled.jpg?resize=212%2C300 212w, https:\/\/i0.wp.com\/hsv-ovenhausen.de\/hsv-neu\/wp-content\/uploads\/2025\/07\/PLAKAT_Heimatfest_2025_A2_Ansicht-scaled.jpg?resize=724%2C1024 724w, https:\/\/i0.wp.com\/hsv-ovenhausen.de\/hsv-neu\/wp-content\/uploads\/2025\/07\/PLAKAT_Heimatfest_2025_A2_Ansicht-scaled.jpg?resize=768%2C1086 768w, https:\/\/i0.wp.com\/hsv-ovenhausen.de\/hsv-neu\/wp-content\/uploads\/2025\/07\/PLAKAT_Heimatfest_2025_A2_Ansicht-scaled.jpg?resize=1086%2C1536 1086w, https:\/\/i0.wp.com\/hsv-ovenhausen.de\/hsv-neu\/wp-content\/uploads\/2025\/07\/PLAKAT_Heimatfest_2025_A2_Ansicht-scaled.jpg?resize=1448%2C2048 1448w\" sizes=\"auto, (max-width: 700px) 100vw, 700px\" \/><\/figure>\n<\/figure>\n","protected":false},"excerpt":{"rendered":"<p>Liebe G\u00e4ste aus Nah und Fern, liebe Ovenh\u00e4userinnen und Ovenh\u00e4user sowie Freundinnen und Freunde des Sch\u00fctzenwesens,der Heimat- und Sch\u00fctzenverein Ovenhausen freut sich, Sie alle zum 11. Gro\u00dfen Heimatfest in Ovenhausen begr\u00fc\u00dfen zu d\u00fcrfen. Alle zehn Jahre feiern wir unsere Heimat,&hellip; <\/p>\n","protected":false},"author":12,"featured_media":0,"parent":0,"menu_order":0,"comment_status":"closed","ping_status":"closed","template":"","meta":{"jetpack_post_was_ever_published":false,"footnotes":""},"class_list":["post-4150","page","type-page","status-publish","hentry"],"jetpack_sharing_enabled":true,"jetpack_shortlink":"https:\/\/wp.me\/P7qpVN-14W","jetpack-related-posts":[{"id":107,"url":"\/?page_id=107","url_meta":{"origin":4150,"position":0},"title":"Projekte","author":"Sebastian Werpup","date":"17. Januar 2015","format":false,"excerpt":"Projekte und Initiativen des Heimat- und Sch\u00fctzenvereins Ovenhausen der Jahre 2000 - 2010 Die von der Generalversammlung am 22.01.2000 beschlossene Vereinssatzung legt die Ziele und die Aufgaben des Vereins schwerpunktm\u00e4\u00dfig fest: Erhalt, F\u00f6rderung und Weiterentwicklung der heimatlichen Kultur, des \u00f6rtlichen Brauchtums und des Sch\u00fctzenwesens s\u00e4mtliche Karnevalsaktivit\u00e4ten Aus\u00fcbung des Schie\u00dfsportes \u00dcbernahme\u2026","rel":"","context":"\u00c4hnlicher Beitrag","block_context":{"text":"\u00c4hnlicher Beitrag","link":""},"img":{"alt_text":"","src":"","width":0,"height":0},"classes":[]},{"id":4157,"url":"\/?page_id=4157","url_meta":{"origin":4150,"position":1},"title":"Heimatfest 2025 &#8211; Festprogramm","author":"Matthias Gorzolka","date":"2. Juni 2025","format":false,"excerpt":"Liebe G\u00e4ste aus Nah und Fern, liebe Ovenh\u00e4userinnen und Ovenh\u00e4user, liebe Freunde des Heimatfestes, das Festprogramm f\u00fcr das 11. Gro\u00dfe Heimatfest in Ovenhausen! Neben dem gro\u00dfen historischen Umzug ist der Freitag Abend besonders hervor zu heben. Wir konnten tolle K\u00fcnstler engagieren und bieten zum Programm einen westf\u00e4lischen Snack an. Das\u2026","rel":"","context":"\u00c4hnlicher Beitrag","block_context":{"text":"\u00c4hnlicher Beitrag","link":""},"img":{"alt_text":"","src":"https:\/\/i0.wp.com\/hsv-ovenhausen.de\/hsv-neu\/wp-content\/uploads\/2025\/06\/Heimatfest-2025-Flyer-Seite-1.jpg?fit=987%2C1030&resize=350%2C200","width":350,"height":200,"srcset":"https:\/\/i0.wp.com\/hsv-ovenhausen.de\/hsv-neu\/wp-content\/uploads\/2025\/06\/Heimatfest-2025-Flyer-Seite-1.jpg?fit=987%2C1030&resize=350%2C200 1x, https:\/\/i0.wp.com\/hsv-ovenhausen.de\/hsv-neu\/wp-content\/uploads\/2025\/06\/Heimatfest-2025-Flyer-Seite-1.jpg?fit=987%2C1030&resize=525%2C300 1.5x, https:\/\/i0.wp.com\/hsv-ovenhausen.de\/hsv-neu\/wp-content\/uploads\/2025\/06\/Heimatfest-2025-Flyer-Seite-1.jpg?fit=987%2C1030&resize=700%2C400 2x"},"classes":[]},{"id":4435,"url":"\/?page_id=4435","url_meta":{"origin":4150,"position":2},"title":"Heimatfest 2025 &#8211; Westf\u00e4lischer Abend","author":"Matthias Gorzolka","date":"25. Juli 2025","format":false,"excerpt":"Der gro\u00dfe Galaabend als Auftaktveranstaltung des 11. Heimatfestes in Ovenhausen bietet wieder Unterhaltung der Extraklasse. Mit dem deutschlandweit bekannten Kabarettisten Bauer Heinrich Schulte-Br\u00f6mmelkamp, dem gro\u00dfartigem Variet\u00e9 \"Die Warees\u201d und den Vollblutmusikern von Blosnkepp wird ein facettenreiches und abendf\u00fcllendes Programm zum lachen, staunen und mitschwingen zusammengestellt. F\u00fcr die perfekte Einstimmung und\u2026","rel":"","context":"\u00c4hnlicher Beitrag","block_context":{"text":"\u00c4hnlicher Beitrag","link":""},"img":{"alt_text":"","src":"https:\/\/i0.wp.com\/hsv-ovenhausen.de\/hsv-neu\/wp-content\/uploads\/2025\/07\/Westfaelischer-Abend.jpg?resize=350%2C200","width":350,"height":200,"srcset":"https:\/\/i0.wp.com\/hsv-ovenhausen.de\/hsv-neu\/wp-content\/uploads\/2025\/07\/Westfaelischer-Abend.jpg?resize=350%2C200 1x, https:\/\/i0.wp.com\/hsv-ovenhausen.de\/hsv-neu\/wp-content\/uploads\/2025\/07\/Westfaelischer-Abend.jpg?resize=525%2C300 1.5x, https:\/\/i0.wp.com\/hsv-ovenhausen.de\/hsv-neu\/wp-content\/uploads\/2025\/07\/Westfaelischer-Abend.jpg?resize=700%2C400 2x, https:\/\/i0.wp.com\/hsv-ovenhausen.de\/hsv-neu\/wp-content\/uploads\/2025\/07\/Westfaelischer-Abend.jpg?resize=1050%2C600 3x, https:\/\/i0.wp.com\/hsv-ovenhausen.de\/hsv-neu\/wp-content\/uploads\/2025\/07\/Westfaelischer-Abend.jpg?resize=1400%2C800 4x"},"classes":[]},{"id":1541,"url":"\/?page_id=1541","url_meta":{"origin":4150,"position":3},"title":"2015 Senioren A","author":"Martin Bahr","date":"15. April 2016","format":false,"excerpt":"Die Landesmeisterschaften 2015 bei den \"Senioren A\" standen ganz im Zeichen des HSV-Ovenhausen. Geschossen wurde Luftgewehr auf 10 Meter Entfernung. Gerade p\u00fcnktlich zum gro\u00dfen Heimatfest haben die Sch\u00fctzen\u00a0Elmar Dr\u00fcke 299 Ring, Martin Bahr 300 Ring und Ewald Hanke 300 Ring\u00a0diese tolle\u00a0Leistung abrufen k\u00f6nnen. Mit 899 von 900 M\u00f6glichen wurde der\u2026","rel":"","context":"\u00c4hnlicher Beitrag","block_context":{"text":"\u00c4hnlicher Beitrag","link":""},"img":{"alt_text":"","src":"https:\/\/i0.wp.com\/hsv-ovenhausen.de\/hsv-neu\/wp-content\/uploads\/2016\/04\/DSC_6684_pp-1.jpg?fit=1200%2C800&resize=350%2C200","width":350,"height":200,"srcset":"https:\/\/i0.wp.com\/hsv-ovenhausen.de\/hsv-neu\/wp-content\/uploads\/2016\/04\/DSC_6684_pp-1.jpg?fit=1200%2C800&resize=350%2C200 1x, https:\/\/i0.wp.com\/hsv-ovenhausen.de\/hsv-neu\/wp-content\/uploads\/2016\/04\/DSC_6684_pp-1.jpg?fit=1200%2C800&resize=525%2C300 1.5x, https:\/\/i0.wp.com\/hsv-ovenhausen.de\/hsv-neu\/wp-content\/uploads\/2016\/04\/DSC_6684_pp-1.jpg?fit=1200%2C800&resize=700%2C400 2x, https:\/\/i0.wp.com\/hsv-ovenhausen.de\/hsv-neu\/wp-content\/uploads\/2016\/04\/DSC_6684_pp-1.jpg?fit=1200%2C800&resize=1050%2C600 3x"},"classes":[]},{"id":6,"url":"\/?page_id=6","url_meta":{"origin":4150,"position":4},"title":"Geschichte","author":"Sebastian Werpup","date":"3. Juni 2014","format":false,"excerpt":"Der Heimat- und Sch\u00fctzenverein Ovenhausen von 1575 e.V. kann als Tr\u00e4ger des traditionellen Sch\u00fctzenwesens in unserem Dorf auf eine mehr als 400- j\u00e4hrige Vereinsgeschichte stolz sein. Im Laufe der Vereinsgeschichte hat sich sein Aufgabenspektrum st\u00e4ndig weiterentwickelt, so das derzeit neben dem Sch\u00fctzenbrauchtum und dem Schie\u00dfsport s\u00e4mtliche Karnevalsaktivit\u00e4ten, die Belange des\u2026","rel":"","context":"\u00c4hnlicher Beitrag","block_context":{"text":"\u00c4hnlicher Beitrag","link":""},"img":{"alt_text":"","src":"","width":0,"height":0},"classes":[]},{"id":2,"url":"\/?page_id=2","url_meta":{"origin":4150,"position":5},"title":"Vermietung Sch\u00fctzenhaus","author":"Sebastian Werpup","date":"7. April 2014","format":false,"excerpt":"Die Vermietungen werden von Herrn Josef K\u00f6ster verwaltet. Mit ihm haben Sie einen kompetenten Ansprechpartner in allen Fragen rund um den Schie\u00dfstand und die Vermietung. F\u00fcr die erste Kontaktaufnahme bitten wir sie eine Anfrage an folgende E-Mail Adresse zu senden: schiessstandovenhausen@hsv-ovenhausen.de Herr K\u00f6ster wird sich dann mit Ihnen in Verbindung\u2026","rel":"","context":"\u00c4hnlicher Beitrag","block_context":{"text":"\u00c4hnlicher Beitrag","link":""},"img":{"alt_text":"Sch\u00fctzenhaus Blick vom Parkplatz","src":"https:\/\/i0.wp.com\/hsv-ovenhausen.de\/hsv-neu\/wp-content\/uploads\/2021\/01\/Schiessstand_010.jpg?resize=350%2C200","width":350,"height":200,"srcset":"https:\/\/i0.wp.com\/hsv-ovenhausen.de\/hsv-neu\/wp-content\/uploads\/2021\/01\/Schiessstand_010.jpg?resize=350%2C200 1x, https:\/\/i0.wp.com\/hsv-ovenhausen.de\/hsv-neu\/wp-content\/uploads\/2021\/01\/Schiessstand_010.jpg?resize=525%2C300 1.5x, https:\/\/i0.wp.com\/hsv-ovenhausen.de\/hsv-neu\/wp-content\/uploads\/2021\/01\/Schiessstand_010.jpg?resize=700%2C400 2x"},"classes":[]}],"_links":{"self":[{"href":"\/index.php?rest_route=\/wp\/v2\/pages\/4150","targetHints":{"allow":["GET"]}}],"collection":[{"href":"\/index.php?rest_route=\/wp\/v2\/pages"}],"about":[{"href":"\/index.php?rest_route=\/wp\/v2\/types\/page"}],"author":[{"embeddable":true,"href":"\/index.php?rest_route=\/wp\/v2\/users\/12"}],"replies":[{"embeddable":true,"href":"\/index.php?rest_route=%2Fwp%2Fv2%2Fcomments&post=4150"}],"version-history":[{"count":19,"href":"\/index.php?rest_route=\/wp\/v2\/pages\/4150\/revisions"}],"predecessor-version":[{"id":4441,"href":"\/index.php?rest_route=\/wp\/v2\/pages\/4150\/revisions\/4441"}],"wp:attachment":[{"href":"\/index.php?rest_route=%2Fwp%2Fv2%2Fmedia&parent=4150"}],"curies":[{"name":"wp","href":"https:\/\/api.w.org\/{rel}","templated":true}]}}