{"id":4157,"date":"2025-06-02T20:06:52","date_gmt":"2025-06-02T18:06:52","guid":{"rendered":"\/?page_id=4157"},"modified":"2025-07-01T20:30:49","modified_gmt":"2025-07-01T18:30:49","slug":"heimatfest-2025","status":"publish","type":"page","link":"\/?page_id=4157","title":{"rendered":"Heimatfest 2025 &#8211; Festprogramm"},"content":{"rendered":"\n<p>Liebe G\u00e4ste aus Nah und Fern, liebe Ovenh\u00e4userinnen und Ovenh\u00e4user, liebe Freunde des Heimatfestes,<\/p>\n\n\n\n<p>das Festprogramm f\u00fcr das 11. Gro\u00dfe Heimatfest in Ovenhausen!<\/p>\n\n\n\n<figure class=\"wp-block-gallery has-nested-images columns-2 is-cropped wp-block-gallery-1 is-layout-flex wp-block-gallery-is-layout-flex\">\n<figure class=\"wp-block-image size-large is-style-default\"><a href=\"https:\/\/i0.wp.com\/hsv-ovenhausen.de\/hsv-neu\/wp-content\/uploads\/2025\/07\/FLY_Heimatfest_2025_DINlang_Ansicht-1-scaled.jpg?ssl=1\"><img data-recalc-dims=\"1\" loading=\"lazy\" decoding=\"async\" width=\"700\" height=\"371\" data-attachment-id=\"4312\" data-permalink=\"\/?attachment_id=4312\" data-orig-file=\"https:\/\/i0.wp.com\/hsv-ovenhausen.de\/hsv-neu\/wp-content\/uploads\/2025\/07\/FLY_Heimatfest_2025_DINlang_Ansicht-1-scaled.jpg?fit=2560%2C1354\" data-orig-size=\"2560,1354\" data-comments-opened=\"0\" data-image-meta=\"{&quot;aperture&quot;:&quot;0&quot;,&quot;credit&quot;:&quot;&quot;,&quot;camera&quot;:&quot;&quot;,&quot;caption&quot;:&quot;&quot;,&quot;created_timestamp&quot;:&quot;0&quot;,&quot;copyright&quot;:&quot;&quot;,&quot;focal_length&quot;:&quot;0&quot;,&quot;iso&quot;:&quot;0&quot;,&quot;shutter_speed&quot;:&quot;0&quot;,&quot;title&quot;:&quot;&quot;,&quot;orientation&quot;:&quot;0&quot;}\" data-image-title=\"FLY_Heimatfest_2025_DINlang_Ansicht-1\" data-image-description=\"\" data-image-caption=\"\" data-medium-file=\"https:\/\/i0.wp.com\/hsv-ovenhausen.de\/hsv-neu\/wp-content\/uploads\/2025\/07\/FLY_Heimatfest_2025_DINlang_Ansicht-1-scaled.jpg?fit=300%2C159\" data-large-file=\"https:\/\/i0.wp.com\/hsv-ovenhausen.de\/hsv-neu\/wp-content\/uploads\/2025\/07\/FLY_Heimatfest_2025_DINlang_Ansicht-1-scaled.jpg?fit=700%2C371\" data-id=\"4312\" src=\"https:\/\/i0.wp.com\/hsv-ovenhausen.de\/hsv-neu\/wp-content\/uploads\/2025\/07\/FLY_Heimatfest_2025_DINlang_Ansicht-1-1024x542.jpg?resize=700%2C371&#038;ssl=1\" alt=\"\" class=\"wp-image-4312\" srcset=\"https:\/\/i0.wp.com\/hsv-ovenhausen.de\/hsv-neu\/wp-content\/uploads\/2025\/07\/FLY_Heimatfest_2025_DINlang_Ansicht-1-scaled.jpg?resize=1024%2C542 1024w, https:\/\/i0.wp.com\/hsv-ovenhausen.de\/hsv-neu\/wp-content\/uploads\/2025\/07\/FLY_Heimatfest_2025_DINlang_Ansicht-1-scaled.jpg?resize=300%2C159 300w, https:\/\/i0.wp.com\/hsv-ovenhausen.de\/hsv-neu\/wp-content\/uploads\/2025\/07\/FLY_Heimatfest_2025_DINlang_Ansicht-1-scaled.jpg?resize=768%2C406 768w, https:\/\/i0.wp.com\/hsv-ovenhausen.de\/hsv-neu\/wp-content\/uploads\/2025\/07\/FLY_Heimatfest_2025_DINlang_Ansicht-1-scaled.jpg?resize=1536%2C813 1536w, https:\/\/i0.wp.com\/hsv-ovenhausen.de\/hsv-neu\/wp-content\/uploads\/2025\/07\/FLY_Heimatfest_2025_DINlang_Ansicht-1-scaled.jpg?resize=2048%2C1083 2048w, https:\/\/i0.wp.com\/hsv-ovenhausen.de\/hsv-neu\/wp-content\/uploads\/2025\/07\/FLY_Heimatfest_2025_DINlang_Ansicht-1-scaled.jpg?w=1400 1400w, https:\/\/i0.wp.com\/hsv-ovenhausen.de\/hsv-neu\/wp-content\/uploads\/2025\/07\/FLY_Heimatfest_2025_DINlang_Ansicht-1-scaled.jpg?w=2100 2100w\" sizes=\"auto, (max-width: 700px) 100vw, 700px\" \/><\/a><\/figure>\n\n\n\n<figure class=\"wp-block-image size-large\"><a href=\"https:\/\/i0.wp.com\/hsv-ovenhausen.de\/hsv-neu\/wp-content\/uploads\/2025\/07\/FLY_Heimatfest_2025_DINlang_Ansicht-2-scaled.jpg?ssl=1\"><img data-recalc-dims=\"1\" loading=\"lazy\" decoding=\"async\" width=\"700\" height=\"371\" data-attachment-id=\"4311\" data-permalink=\"\/?attachment_id=4311\" data-orig-file=\"https:\/\/i0.wp.com\/hsv-ovenhausen.de\/hsv-neu\/wp-content\/uploads\/2025\/07\/FLY_Heimatfest_2025_DINlang_Ansicht-2-scaled.jpg?fit=2560%2C1354\" data-orig-size=\"2560,1354\" data-comments-opened=\"0\" data-image-meta=\"{&quot;aperture&quot;:&quot;0&quot;,&quot;credit&quot;:&quot;&quot;,&quot;camera&quot;:&quot;&quot;,&quot;caption&quot;:&quot;&quot;,&quot;created_timestamp&quot;:&quot;0&quot;,&quot;copyright&quot;:&quot;&quot;,&quot;focal_length&quot;:&quot;0&quot;,&quot;iso&quot;:&quot;0&quot;,&quot;shutter_speed&quot;:&quot;0&quot;,&quot;title&quot;:&quot;&quot;,&quot;orientation&quot;:&quot;0&quot;}\" data-image-title=\"FLY_Heimatfest_2025_DINlang_Ansicht-2\" data-image-description=\"\" data-image-caption=\"\" data-medium-file=\"https:\/\/i0.wp.com\/hsv-ovenhausen.de\/hsv-neu\/wp-content\/uploads\/2025\/07\/FLY_Heimatfest_2025_DINlang_Ansicht-2-scaled.jpg?fit=300%2C159\" data-large-file=\"https:\/\/i0.wp.com\/hsv-ovenhausen.de\/hsv-neu\/wp-content\/uploads\/2025\/07\/FLY_Heimatfest_2025_DINlang_Ansicht-2-scaled.jpg?fit=700%2C371\" data-id=\"4311\" src=\"https:\/\/i0.wp.com\/hsv-ovenhausen.de\/hsv-neu\/wp-content\/uploads\/2025\/07\/FLY_Heimatfest_2025_DINlang_Ansicht-2-1024x542.jpg?resize=700%2C371&#038;ssl=1\" alt=\"\" class=\"wp-image-4311\" srcset=\"https:\/\/i0.wp.com\/hsv-ovenhausen.de\/hsv-neu\/wp-content\/uploads\/2025\/07\/FLY_Heimatfest_2025_DINlang_Ansicht-2-scaled.jpg?resize=1024%2C542 1024w, https:\/\/i0.wp.com\/hsv-ovenhausen.de\/hsv-neu\/wp-content\/uploads\/2025\/07\/FLY_Heimatfest_2025_DINlang_Ansicht-2-scaled.jpg?resize=300%2C159 300w, https:\/\/i0.wp.com\/hsv-ovenhausen.de\/hsv-neu\/wp-content\/uploads\/2025\/07\/FLY_Heimatfest_2025_DINlang_Ansicht-2-scaled.jpg?resize=768%2C406 768w, https:\/\/i0.wp.com\/hsv-ovenhausen.de\/hsv-neu\/wp-content\/uploads\/2025\/07\/FLY_Heimatfest_2025_DINlang_Ansicht-2-scaled.jpg?resize=1536%2C813 1536w, https:\/\/i0.wp.com\/hsv-ovenhausen.de\/hsv-neu\/wp-content\/uploads\/2025\/07\/FLY_Heimatfest_2025_DINlang_Ansicht-2-scaled.jpg?resize=2048%2C1083 2048w, https:\/\/i0.wp.com\/hsv-ovenhausen.de\/hsv-neu\/wp-content\/uploads\/2025\/07\/FLY_Heimatfest_2025_DINlang_Ansicht-2-scaled.jpg?w=1400 1400w, https:\/\/i0.wp.com\/hsv-ovenhausen.de\/hsv-neu\/wp-content\/uploads\/2025\/07\/FLY_Heimatfest_2025_DINlang_Ansicht-2-scaled.jpg?w=2100 2100w\" sizes=\"auto, (max-width: 700px) 100vw, 700px\" \/><\/a><\/figure>\n<\/figure>\n\n\n\n<p><\/p>\n\n\n\n<p>Neben dem gro\u00dfen historischen Umzug ist der <strong>Freitag <\/strong>Abend besonders hervor zu heben. Wir konnten tolle K\u00fcnstler engagieren und bieten zum Programm einen westf\u00e4lischen Snack an. Das wird lecker und lustig.<br \/><a href=\"https:\/\/www.instagram.com\/broemmelkamp\" target=\"_blank\" rel=\"noreferrer noopener\">@broemmelkamp<\/a><br \/><a href=\"https:\/\/www.instagram.com\/dustin.waree\" target=\"_blank\" rel=\"noreferrer noopener\">@dustin.waree<\/a><br \/><a href=\"https:\/\/www.instagram.com\/blosnkepp\" target=\"_blank\" rel=\"noreferrer noopener\">@blosnkepp<\/a><\/p>\n\n\n\n<p>Am <strong>Samstag <\/strong>heizt uns am Abend <a href=\"https:\/\/www.instagram.com\/holymolyband\" target=\"_blank\" rel=\"noreferrer noopener\">@holymolyband<\/a>, wie schon 2022, ein!<\/p>\n\n\n\n<p>Am <strong>Sonntag <\/strong>findet der gro\u00dfe historische Umzug mit 14 Wagen und ca. 13 Fu\u00dfgruppen und dem gro\u00dfem Sch\u00fctzenumzug mit 16 Gastvereinen statt. Bitte beachtet, dass das Dorf daf\u00fcr von 11 bis 20 Uhr voll gesperrt wird. Parkpl\u00e4tze stehen selbstverst\u00e4ndlich am Dorfrand zur Verf\u00fcgung.<\/p>\n\n\n\n<p><strong>Sonntagabend wird<\/strong> im Festzelt mit der Band <a href=\"https:\/\/www.instagram.com\/partyband_dolce_vita\" target=\"_blank\" rel=\"noreferrer noopener\">@partyband_dolce_vita<\/a> getanzt und gefeiert.<\/p>\n\n\n\n<p><strong>Montag <\/strong>starten wir mit der Messe und lassen uns das Sch\u00fctzenfr\u00fchst\u00fcck mit Br\u00f6tchen von der <a href=\"https:\/\/www.instagram.com\/baeckerei.engel\" target=\"_blank\" rel=\"noreferrer noopener\">@baeckerei.engel<\/a> schmecken und <a href=\"https:\/\/www.instagram.com\/djmac_partytime\/\" target=\"_blank\" rel=\"noreferrer noopener\">@djmac_partytime<\/a> spielt zum Abschluss auf.<\/p>\n\n\n\n<p>Der <a href=\"https:\/\/www.instagram.com\/hsvovenhausen\/\" target=\"_blank\" rel=\"noreferrer noopener\">@HSV<\/a> sowie unser Festwirt <a href=\"https:\/\/www.instagram.com\/ottogastronomie\/\" target=\"_blank\" rel=\"noreferrer noopener\">@ottogastronomie<\/a> freut sich auf Euch<\/p>\n","protected":false},"excerpt":{"rendered":"<p>Liebe G\u00e4ste aus Nah und Fern, liebe Ovenh\u00e4userinnen und Ovenh\u00e4user, liebe Freunde des Heimatfestes, das Festprogramm f\u00fcr das 11. Gro\u00dfe Heimatfest in Ovenhausen! Neben dem gro\u00dfen historischen Umzug ist der Freitag Abend besonders hervor zu heben. Wir konnten tolle K\u00fcnstler&hellip; <\/p>\n","protected":false},"author":12,"featured_media":4162,"parent":0,"menu_order":0,"comment_status":"closed","ping_status":"closed","template":"","meta":{"jetpack_post_was_ever_published":false,"footnotes":""},"class_list":["post-4157","page","type-page","status-publish","has-post-thumbnail","hentry"],"jetpack_sharing_enabled":true,"jetpack_shortlink":"https:\/\/wp.me\/P7qpVN-153","jetpack-related-posts":[{"id":4150,"url":"\/?page_id=4150","url_meta":{"origin":4157,"position":0},"title":"Heimatfest 2025","author":"Matthias Gorzolka","date":"1. Juli 2025","format":false,"excerpt":"Liebe G\u00e4ste aus Nah und Fern, liebe Ovenh\u00e4userinnen und Ovenh\u00e4user sowie Freundinnen und Freunde des Sch\u00fctzenwesens,der Heimat- und Sch\u00fctzenverein Ovenhausen freut sich, Sie alle zum 11. Gro\u00dfen Heimatfest in Ovenhausen begr\u00fc\u00dfen zu d\u00fcrfen. Alle zehn Jahre feiern wir unsere Heimat, das Dorf und das Sch\u00fctzenwesen mit einem gro\u00dfen Fest der\u2026","rel":"","context":"\u00c4hnlicher Beitrag","block_context":{"text":"\u00c4hnlicher Beitrag","link":""},"img":{"alt_text":"","src":"https:\/\/i0.wp.com\/hsv-ovenhausen.de\/hsv-neu\/wp-content\/uploads\/2025\/07\/PLAKAT_Heimatfest_2025_A2_Ansicht-scaled.jpg?resize=350%2C200","width":350,"height":200,"srcset":"https:\/\/i0.wp.com\/hsv-ovenhausen.de\/hsv-neu\/wp-content\/uploads\/2025\/07\/PLAKAT_Heimatfest_2025_A2_Ansicht-scaled.jpg?resize=350%2C200 1x, https:\/\/i0.wp.com\/hsv-ovenhausen.de\/hsv-neu\/wp-content\/uploads\/2025\/07\/PLAKAT_Heimatfest_2025_A2_Ansicht-scaled.jpg?resize=525%2C300 1.5x, https:\/\/i0.wp.com\/hsv-ovenhausen.de\/hsv-neu\/wp-content\/uploads\/2025\/07\/PLAKAT_Heimatfest_2025_A2_Ansicht-scaled.jpg?resize=700%2C400 2x, https:\/\/i0.wp.com\/hsv-ovenhausen.de\/hsv-neu\/wp-content\/uploads\/2025\/07\/PLAKAT_Heimatfest_2025_A2_Ansicht-scaled.jpg?resize=1050%2C600 3x, https:\/\/i0.wp.com\/hsv-ovenhausen.de\/hsv-neu\/wp-content\/uploads\/2025\/07\/PLAKAT_Heimatfest_2025_A2_Ansicht-scaled.jpg?resize=1400%2C800 4x"},"classes":[]},{"id":4435,"url":"\/?page_id=4435","url_meta":{"origin":4157,"position":1},"title":"Heimatfest 2025 &#8211; Westf\u00e4lischer Abend","author":"Matthias Gorzolka","date":"25. Juli 2025","format":false,"excerpt":"Der gro\u00dfe Galaabend als Auftaktveranstaltung des 11. Heimatfestes in Ovenhausen bietet wieder Unterhaltung der Extraklasse. Mit dem deutschlandweit bekannten Kabarettisten Bauer Heinrich Schulte-Br\u00f6mmelkamp, dem gro\u00dfartigem Variet\u00e9 \"Die Warees\u201d und den Vollblutmusikern von Blosnkepp wird ein facettenreiches und abendf\u00fcllendes Programm zum lachen, staunen und mitschwingen zusammengestellt. F\u00fcr die perfekte Einstimmung und\u2026","rel":"","context":"\u00c4hnlicher Beitrag","block_context":{"text":"\u00c4hnlicher Beitrag","link":""},"img":{"alt_text":"","src":"https:\/\/i0.wp.com\/hsv-ovenhausen.de\/hsv-neu\/wp-content\/uploads\/2025\/07\/Westfaelischer-Abend.jpg?resize=350%2C200","width":350,"height":200,"srcset":"https:\/\/i0.wp.com\/hsv-ovenhausen.de\/hsv-neu\/wp-content\/uploads\/2025\/07\/Westfaelischer-Abend.jpg?resize=350%2C200 1x, https:\/\/i0.wp.com\/hsv-ovenhausen.de\/hsv-neu\/wp-content\/uploads\/2025\/07\/Westfaelischer-Abend.jpg?resize=525%2C300 1.5x, https:\/\/i0.wp.com\/hsv-ovenhausen.de\/hsv-neu\/wp-content\/uploads\/2025\/07\/Westfaelischer-Abend.jpg?resize=700%2C400 2x, https:\/\/i0.wp.com\/hsv-ovenhausen.de\/hsv-neu\/wp-content\/uploads\/2025\/07\/Westfaelischer-Abend.jpg?resize=1050%2C600 3x, https:\/\/i0.wp.com\/hsv-ovenhausen.de\/hsv-neu\/wp-content\/uploads\/2025\/07\/Westfaelischer-Abend.jpg?resize=1400%2C800 4x"},"classes":[]},{"id":4147,"url":"\/?page_id=4147","url_meta":{"origin":4157,"position":2},"title":"Heimatfest 2025 &#8211; Kartenvorverkauf und Preise","author":"Matthias Gorzolka","date":"1. Juli 2025","format":false,"excerpt":"Vorverkaufsstellen Karten k\u00f6nnen Vorort und Online (f\u00fcr Freitag und Samstag) erworben werden: Backerei Wiegers in Ovenhausen (Google Maps) B\u00e4ckerei Engel in H\u00f6xter (Pfennigbreite) (Google Maps) B\u00e4ckerei Engel in H\u00f6xter (Brenkh\u00e4user Stra\u00dfe) (Google Maps) Eventim Preise Fr, 25.07.2025 - Westf\u00e4lischer Abend - Vorverkauf: 10\u20ac und optional Westf\u00e4lischer Snack: 6\u20ac - Abendkasse:\u2026","rel":"","context":"\u00c4hnlicher Beitrag","block_context":{"text":"\u00c4hnlicher Beitrag","link":""},"img":{"alt_text":"","src":"https:\/\/i0.wp.com\/hsv-ovenhausen.de\/hsv-neu\/wp-content\/uploads\/2025\/07\/PLAKAT_Heimatfest_2025_A2_Ansicht-scaled.jpg?resize=350%2C200","width":350,"height":200,"srcset":"https:\/\/i0.wp.com\/hsv-ovenhausen.de\/hsv-neu\/wp-content\/uploads\/2025\/07\/PLAKAT_Heimatfest_2025_A2_Ansicht-scaled.jpg?resize=350%2C200 1x, https:\/\/i0.wp.com\/hsv-ovenhausen.de\/hsv-neu\/wp-content\/uploads\/2025\/07\/PLAKAT_Heimatfest_2025_A2_Ansicht-scaled.jpg?resize=525%2C300 1.5x, https:\/\/i0.wp.com\/hsv-ovenhausen.de\/hsv-neu\/wp-content\/uploads\/2025\/07\/PLAKAT_Heimatfest_2025_A2_Ansicht-scaled.jpg?resize=700%2C400 2x, https:\/\/i0.wp.com\/hsv-ovenhausen.de\/hsv-neu\/wp-content\/uploads\/2025\/07\/PLAKAT_Heimatfest_2025_A2_Ansicht-scaled.jpg?resize=1050%2C600 3x, https:\/\/i0.wp.com\/hsv-ovenhausen.de\/hsv-neu\/wp-content\/uploads\/2025\/07\/PLAKAT_Heimatfest_2025_A2_Ansicht-scaled.jpg?resize=1400%2C800 4x"},"classes":[]},{"id":2483,"url":"\/?page_id=2483","url_meta":{"origin":4157,"position":3},"title":"Heimatfest 2015","author":"Christoph Klocke","date":"4. Januar 2017","format":false,"excerpt":"\u00a0 Gruppenfotos: Proklamation: Gartenfest: Zapfenstreich, Tanz und Party: Sonntag: Sch\u00fctzenfr\u00fchst\u00fcck: Vorf\u00fchrungen: Kindersch\u00fctzenfest:","rel":"","context":"\u00c4hnlicher Beitrag","block_context":{"text":"\u00c4hnlicher Beitrag","link":""},"img":{"alt_text":"","src":"https:\/\/i1.wp.com\/hsv-ovenhausen.de\/hsv-neu\/wp-content\/uploads\/2017\/01\/regenten2.jpg?resize=350%2C200","width":350,"height":200,"srcset":"https:\/\/i1.wp.com\/hsv-ovenhausen.de\/hsv-neu\/wp-content\/uploads\/2017\/01\/regenten2.jpg?resize=350%2C200 1x, https:\/\/i1.wp.com\/hsv-ovenhausen.de\/hsv-neu\/wp-content\/uploads\/2017\/01\/regenten2.jpg?resize=525%2C300 1.5x, https:\/\/i1.wp.com\/hsv-ovenhausen.de\/hsv-neu\/wp-content\/uploads\/2017\/01\/regenten2.jpg?resize=700%2C400 2x, https:\/\/i1.wp.com\/hsv-ovenhausen.de\/hsv-neu\/wp-content\/uploads\/2017\/01\/regenten2.jpg?resize=1050%2C600 3x, https:\/\/i1.wp.com\/hsv-ovenhausen.de\/hsv-neu\/wp-content\/uploads\/2017\/01\/regenten2.jpg?resize=1400%2C800 4x"},"classes":[]},{"id":107,"url":"\/?page_id=107","url_meta":{"origin":4157,"position":4},"title":"Projekte","author":"Sebastian Werpup","date":"17. Januar 2015","format":false,"excerpt":"Projekte und Initiativen des Heimat- und Sch\u00fctzenvereins Ovenhausen der Jahre 2000 - 2010 Die von der Generalversammlung am 22.01.2000 beschlossene Vereinssatzung legt die Ziele und die Aufgaben des Vereins schwerpunktm\u00e4\u00dfig fest: Erhalt, F\u00f6rderung und Weiterentwicklung der heimatlichen Kultur, des \u00f6rtlichen Brauchtums und des Sch\u00fctzenwesens s\u00e4mtliche Karnevalsaktivit\u00e4ten Aus\u00fcbung des Schie\u00dfsportes \u00dcbernahme\u2026","rel":"","context":"\u00c4hnlicher Beitrag","block_context":{"text":"\u00c4hnlicher Beitrag","link":""},"img":{"alt_text":"","src":"","width":0,"height":0},"classes":[]},{"id":4372,"url":"\/?page_id=4372","url_meta":{"origin":4157,"position":5},"title":"Historischer Festumzug &#8211; Alles auf einen Blick","author":"Matthias Gorzolka","date":"22. Juli 2025","format":false,"excerpt":"Der gro\u00dfe historische Festumzug am Sonntag mit insgesamt \u00fcber 1.000 Teilnehmern, 14 Wagen, 13 Fu\u00dfgruppen und dem gro\u00dfem Sch\u00fctzenumzug mit 16 Gastvereinen und 8 Musikvereinen ist das Highlight des Heimatfestes. Traditionell wird dazu die Ortschaft f\u00fcr den Stra\u00dfenverkehr von 11:00 Uhr bis 20:00 Uhr gesperrt. Am Festplatz geht es nach\u2026","rel":"","context":"\u00c4hnlicher Beitrag","block_context":{"text":"\u00c4hnlicher Beitrag","link":""},"img":{"alt_text":"","src":"https:\/\/i0.wp.com\/hsv-ovenhausen.de\/hsv-neu\/wp-content\/uploads\/2025\/07\/Sonntag.jpg?resize=350%2C200","width":350,"height":200,"srcset":"https:\/\/i0.wp.com\/hsv-ovenhausen.de\/hsv-neu\/wp-content\/uploads\/2025\/07\/Sonntag.jpg?resize=350%2C200 1x, https:\/\/i0.wp.com\/hsv-ovenhausen.de\/hsv-neu\/wp-content\/uploads\/2025\/07\/Sonntag.jpg?resize=525%2C300 1.5x, https:\/\/i0.wp.com\/hsv-ovenhausen.de\/hsv-neu\/wp-content\/uploads\/2025\/07\/Sonntag.jpg?resize=700%2C400 2x, https:\/\/i0.wp.com\/hsv-ovenhausen.de\/hsv-neu\/wp-content\/uploads\/2025\/07\/Sonntag.jpg?resize=1050%2C600 3x, https:\/\/i0.wp.com\/hsv-ovenhausen.de\/hsv-neu\/wp-content\/uploads\/2025\/07\/Sonntag.jpg?resize=1400%2C800 4x"},"classes":[]}],"_links":{"self":[{"href":"\/index.php?rest_route=\/wp\/v2\/pages\/4157","targetHints":{"allow":["GET"]}}],"collection":[{"href":"\/index.php?rest_route=\/wp\/v2\/pages"}],"about":[{"href":"\/index.php?rest_route=\/wp\/v2\/types\/page"}],"author":[{"embeddable":true,"href":"\/index.php?rest_route=\/wp\/v2\/users\/12"}],"replies":[{"embeddable":true,"href":"\/index.php?rest_route=%2Fwp%2Fv2%2Fcomments&post=4157"}],"version-history":[{"count":21,"href":"\/index.php?rest_route=\/wp\/v2\/pages\/4157\/revisions"}],"predecessor-version":[{"id":4316,"href":"\/index.php?rest_route=\/wp\/v2\/pages\/4157\/revisions\/4316"}],"wp:featuredmedia":[{"embeddable":true,"href":"\/index.php?rest_route=\/wp\/v2\/media\/4162"}],"wp:attachment":[{"href":"\/index.php?rest_route=%2Fwp%2Fv2%2Fmedia&parent=4157"}],"curies":[{"name":"wp","href":"https:\/\/api.w.org\/{rel}","templated":true}]}}