{"id":4327,"date":"2025-07-03T18:42:00","date_gmt":"2025-07-03T16:42:00","guid":{"rendered":"\/?page_id=4327"},"modified":"2025-07-03T18:42:03","modified_gmt":"2025-07-03T16:42:03","slug":"koenigspaar-des-heimatfestes","status":"publish","type":"page","link":"\/?page_id=4327","title":{"rendered":"K\u00f6nigspaar des Heimatfestes"},"content":{"rendered":"\n<p>Mit gro\u00dfer Freude pr\u00e4sentieren das K\u00f6nigspaar Thomas und Silvia Hesse anl\u00e4sslich des diesj\u00e4hrigen Heimatfestes ihren Hofstaat. <\/p>\n\n\n\n<p>Gemeinsam mit ihren charmanten Begleiterinnen und treuen Mitstreitern freuen sie sich auf ein unvergessliches Fest, voller Tradition, Gemeinschaft und Frohsinn.\u00a0<\/p>\n\n\n\n<p>Thomas und Silvia senden allen Sch\u00fctzen, G\u00e4sten und Freunden des Vereins einen herzlichen Gru\u00df. &#8222;Wir freuen uns, dieses besondere Amt mit Stolz und Dankbarkeit auszu\u00fcben. Ein dreifaches Hoch auf unser Sch\u00fctzenwesen.&#8220;<\/p>\n\n\n\n<figure class=\"wp-block-gallery has-nested-images columns-2 is-cropped wp-block-gallery-1 is-layout-flex wp-block-gallery-is-layout-flex\">\n<figure class=\"wp-block-image size-large\"><a href=\"https:\/\/i0.wp.com\/hsv-ovenhausen.de\/hsv-neu\/wp-content\/uploads\/2025\/07\/Heimatfest-2025-Hofstaat-scaled.jpg?ssl=1\"><img data-recalc-dims=\"1\" loading=\"lazy\" decoding=\"async\" width=\"700\" height=\"467\" data-attachment-id=\"4328\" data-permalink=\"\/?attachment_id=4328\" data-orig-file=\"https:\/\/i0.wp.com\/hsv-ovenhausen.de\/hsv-neu\/wp-content\/uploads\/2025\/07\/Heimatfest-2025-Hofstaat-scaled.jpg?fit=2560%2C1707\" data-orig-size=\"2560,1707\" data-comments-opened=\"0\" data-image-meta=\"{&quot;aperture&quot;:&quot;4.5&quot;,&quot;credit&quot;:&quot;&quot;,&quot;camera&quot;:&quot;NIKON D3400&quot;,&quot;caption&quot;:&quot;&quot;,&quot;created_timestamp&quot;:&quot;1737821808&quot;,&quot;copyright&quot;:&quot;&quot;,&quot;focal_length&quot;:&quot;22&quot;,&quot;iso&quot;:&quot;4500&quot;,&quot;shutter_speed&quot;:&quot;0.025&quot;,&quot;title&quot;:&quot;&quot;,&quot;orientation&quot;:&quot;1&quot;}\" data-image-title=\"Heimatfest 2025 &amp;#8211; Hofstaat\" data-image-description=\"\" data-image-caption=\"&lt;p&gt;Hofstaat (von links): Silvia und Olaf Millgramm, Michaela und Dennis Wohlert, Andrea und Christoph Klocke, Thomas und Silvia Hesse (Mitte), Thomas und Katja Kieneke, Markus und Katharina Hesse, Sebastian und Katharina Werpup&lt;\/p&gt;\n\" data-medium-file=\"https:\/\/i0.wp.com\/hsv-ovenhausen.de\/hsv-neu\/wp-content\/uploads\/2025\/07\/Heimatfest-2025-Hofstaat-scaled.jpg?fit=300%2C200\" data-large-file=\"https:\/\/i0.wp.com\/hsv-ovenhausen.de\/hsv-neu\/wp-content\/uploads\/2025\/07\/Heimatfest-2025-Hofstaat-scaled.jpg?fit=700%2C467\" data-id=\"4328\" src=\"https:\/\/i0.wp.com\/hsv-ovenhausen.de\/hsv-neu\/wp-content\/uploads\/2025\/07\/Heimatfest-2025-Hofstaat-1024x683.jpg?resize=700%2C467&#038;ssl=1\" class=\"wp-image-4328\" srcset=\"https:\/\/i0.wp.com\/hsv-ovenhausen.de\/hsv-neu\/wp-content\/uploads\/2025\/07\/Heimatfest-2025-Hofstaat-scaled.jpg?resize=1024%2C683 1024w, https:\/\/i0.wp.com\/hsv-ovenhausen.de\/hsv-neu\/wp-content\/uploads\/2025\/07\/Heimatfest-2025-Hofstaat-scaled.jpg?resize=300%2C200 300w, https:\/\/i0.wp.com\/hsv-ovenhausen.de\/hsv-neu\/wp-content\/uploads\/2025\/07\/Heimatfest-2025-Hofstaat-scaled.jpg?resize=768%2C512 768w, https:\/\/i0.wp.com\/hsv-ovenhausen.de\/hsv-neu\/wp-content\/uploads\/2025\/07\/Heimatfest-2025-Hofstaat-scaled.jpg?resize=1536%2C1024 1536w, https:\/\/i0.wp.com\/hsv-ovenhausen.de\/hsv-neu\/wp-content\/uploads\/2025\/07\/Heimatfest-2025-Hofstaat-scaled.jpg?resize=2048%2C1365 2048w, https:\/\/i0.wp.com\/hsv-ovenhausen.de\/hsv-neu\/wp-content\/uploads\/2025\/07\/Heimatfest-2025-Hofstaat-scaled.jpg?w=1400 1400w, https:\/\/i0.wp.com\/hsv-ovenhausen.de\/hsv-neu\/wp-content\/uploads\/2025\/07\/Heimatfest-2025-Hofstaat-scaled.jpg?w=2100 2100w\" sizes=\"auto, (max-width: 700px) 100vw, 700px\" \/><\/a><\/figure>\n\n\n\n<figure class=\"wp-block-image size-large\"><a href=\"https:\/\/i0.wp.com\/hsv-ovenhausen.de\/hsv-neu\/wp-content\/uploads\/2025\/07\/Heimatfest-2025-Koenigspaar-scaled.jpg?ssl=1\"><img data-recalc-dims=\"1\" loading=\"lazy\" decoding=\"async\" width=\"683\" height=\"1024\" data-attachment-id=\"4329\" data-permalink=\"\/?attachment_id=4329\" data-orig-file=\"https:\/\/i0.wp.com\/hsv-ovenhausen.de\/hsv-neu\/wp-content\/uploads\/2025\/07\/Heimatfest-2025-Koenigspaar-scaled.jpg?fit=1707%2C2560\" data-orig-size=\"1707,2560\" data-comments-opened=\"0\" data-image-meta=\"{&quot;aperture&quot;:&quot;4.8&quot;,&quot;credit&quot;:&quot;&quot;,&quot;camera&quot;:&quot;NIKON D3400&quot;,&quot;caption&quot;:&quot;&quot;,&quot;created_timestamp&quot;:&quot;1737823637&quot;,&quot;copyright&quot;:&quot;&quot;,&quot;focal_length&quot;:&quot;36&quot;,&quot;iso&quot;:&quot;9000&quot;,&quot;shutter_speed&quot;:&quot;0.016666666666667&quot;,&quot;title&quot;:&quot;&quot;,&quot;orientation&quot;:&quot;1&quot;}\" data-image-title=\"Heimatfest 2025 &amp;#8211; K\u00f6nigspaar\" data-image-description=\"\" data-image-caption=\"&lt;p&gt;K\u00f6nigspaar Thomas und Silvia Hesse &lt;\/p&gt;\n\" data-medium-file=\"https:\/\/i0.wp.com\/hsv-ovenhausen.de\/hsv-neu\/wp-content\/uploads\/2025\/07\/Heimatfest-2025-Koenigspaar-scaled.jpg?fit=200%2C300\" data-large-file=\"https:\/\/i0.wp.com\/hsv-ovenhausen.de\/hsv-neu\/wp-content\/uploads\/2025\/07\/Heimatfest-2025-Koenigspaar-scaled.jpg?fit=683%2C1024\" data-id=\"4329\" src=\"https:\/\/i0.wp.com\/hsv-ovenhausen.de\/hsv-neu\/wp-content\/uploads\/2025\/07\/Heimatfest-2025-Koenigspaar-683x1024.jpg?resize=683%2C1024&#038;ssl=1\" alt=\"\" class=\"wp-image-4329\" srcset=\"https:\/\/i0.wp.com\/hsv-ovenhausen.de\/hsv-neu\/wp-content\/uploads\/2025\/07\/Heimatfest-2025-Koenigspaar-scaled.jpg?resize=683%2C1024 683w, https:\/\/i0.wp.com\/hsv-ovenhausen.de\/hsv-neu\/wp-content\/uploads\/2025\/07\/Heimatfest-2025-Koenigspaar-scaled.jpg?resize=200%2C300 200w, https:\/\/i0.wp.com\/hsv-ovenhausen.de\/hsv-neu\/wp-content\/uploads\/2025\/07\/Heimatfest-2025-Koenigspaar-scaled.jpg?resize=768%2C1152 768w, https:\/\/i0.wp.com\/hsv-ovenhausen.de\/hsv-neu\/wp-content\/uploads\/2025\/07\/Heimatfest-2025-Koenigspaar-scaled.jpg?resize=1024%2C1536 1024w, https:\/\/i0.wp.com\/hsv-ovenhausen.de\/hsv-neu\/wp-content\/uploads\/2025\/07\/Heimatfest-2025-Koenigspaar-scaled.jpg?resize=1365%2C2048 1365w, https:\/\/i0.wp.com\/hsv-ovenhausen.de\/hsv-neu\/wp-content\/uploads\/2025\/07\/Heimatfest-2025-Koenigspaar-scaled.jpg?w=1707 1707w\" sizes=\"auto, (max-width: 683px) 100vw, 683px\" \/><\/a><\/figure>\n<\/figure>\n\n\n\n<p><\/p>\n","protected":false},"excerpt":{"rendered":"<p>Mit gro\u00dfer Freude pr\u00e4sentieren das K\u00f6nigspaar Thomas und Silvia Hesse anl\u00e4sslich des diesj\u00e4hrigen Heimatfestes ihren Hofstaat. Gemeinsam mit ihren charmanten Begleiterinnen und treuen Mitstreitern freuen sie sich auf ein unvergessliches Fest, voller Tradition, Gemeinschaft und Frohsinn.\u00a0 Thomas und Silvia senden&hellip; <\/p>\n","protected":false},"author":12,"featured_media":0,"parent":0,"menu_order":0,"comment_status":"closed","ping_status":"closed","template":"","meta":{"jetpack_post_was_ever_published":false,"footnotes":""},"class_list":["post-4327","page","type-page","status-publish","hentry"],"jetpack_sharing_enabled":true,"jetpack_shortlink":"https:\/\/wp.me\/P7qpVN-17N","jetpack-related-posts":[{"id":4435,"url":"\/?page_id=4435","url_meta":{"origin":4327,"position":0},"title":"Heimatfest 2025 &#8211; Westf\u00e4lischer Abend","author":"Matthias Gorzolka","date":"25. Juli 2025","format":false,"excerpt":"Der gro\u00dfe Galaabend als Auftaktveranstaltung des 11. Heimatfestes in Ovenhausen bietet wieder Unterhaltung der Extraklasse. Mit dem deutschlandweit bekannten Kabarettisten Bauer Heinrich Schulte-Br\u00f6mmelkamp, dem gro\u00dfartigem Variet\u00e9 \"Die Warees\u201d und den Vollblutmusikern von Blosnkepp wird ein facettenreiches und abendf\u00fcllendes Programm zum lachen, staunen und mitschwingen zusammengestellt. F\u00fcr die perfekte Einstimmung und\u2026","rel":"","context":"\u00c4hnlicher Beitrag","block_context":{"text":"\u00c4hnlicher Beitrag","link":""},"img":{"alt_text":"","src":"https:\/\/i0.wp.com\/hsv-ovenhausen.de\/hsv-neu\/wp-content\/uploads\/2025\/07\/Westfaelischer-Abend.jpg?resize=350%2C200","width":350,"height":200,"srcset":"https:\/\/i0.wp.com\/hsv-ovenhausen.de\/hsv-neu\/wp-content\/uploads\/2025\/07\/Westfaelischer-Abend.jpg?resize=350%2C200 1x, https:\/\/i0.wp.com\/hsv-ovenhausen.de\/hsv-neu\/wp-content\/uploads\/2025\/07\/Westfaelischer-Abend.jpg?resize=525%2C300 1.5x, https:\/\/i0.wp.com\/hsv-ovenhausen.de\/hsv-neu\/wp-content\/uploads\/2025\/07\/Westfaelischer-Abend.jpg?resize=700%2C400 2x, https:\/\/i0.wp.com\/hsv-ovenhausen.de\/hsv-neu\/wp-content\/uploads\/2025\/07\/Westfaelischer-Abend.jpg?resize=1050%2C600 3x, https:\/\/i0.wp.com\/hsv-ovenhausen.de\/hsv-neu\/wp-content\/uploads\/2025\/07\/Westfaelischer-Abend.jpg?resize=1400%2C800 4x"},"classes":[]},{"id":4372,"url":"\/?page_id=4372","url_meta":{"origin":4327,"position":1},"title":"Historischer Festumzug &#8211; Alles auf einen Blick","author":"Matthias Gorzolka","date":"22. Juli 2025","format":false,"excerpt":"Der gro\u00dfe historische Festumzug am Sonntag mit insgesamt \u00fcber 1.000 Teilnehmern, 14 Wagen, 13 Fu\u00dfgruppen und dem gro\u00dfem Sch\u00fctzenumzug mit 16 Gastvereinen und 8 Musikvereinen ist das Highlight des Heimatfestes. Traditionell wird dazu die Ortschaft f\u00fcr den Stra\u00dfenverkehr von 11:00 Uhr bis 20:00 Uhr gesperrt. Am Festplatz geht es nach\u2026","rel":"","context":"\u00c4hnlicher Beitrag","block_context":{"text":"\u00c4hnlicher Beitrag","link":""},"img":{"alt_text":"","src":"https:\/\/i0.wp.com\/hsv-ovenhausen.de\/hsv-neu\/wp-content\/uploads\/2025\/07\/Sonntag.jpg?resize=350%2C200","width":350,"height":200,"srcset":"https:\/\/i0.wp.com\/hsv-ovenhausen.de\/hsv-neu\/wp-content\/uploads\/2025\/07\/Sonntag.jpg?resize=350%2C200 1x, https:\/\/i0.wp.com\/hsv-ovenhausen.de\/hsv-neu\/wp-content\/uploads\/2025\/07\/Sonntag.jpg?resize=525%2C300 1.5x, https:\/\/i0.wp.com\/hsv-ovenhausen.de\/hsv-neu\/wp-content\/uploads\/2025\/07\/Sonntag.jpg?resize=700%2C400 2x, https:\/\/i0.wp.com\/hsv-ovenhausen.de\/hsv-neu\/wp-content\/uploads\/2025\/07\/Sonntag.jpg?resize=1050%2C600 3x, https:\/\/i0.wp.com\/hsv-ovenhausen.de\/hsv-neu\/wp-content\/uploads\/2025\/07\/Sonntag.jpg?resize=1400%2C800 4x"},"classes":[]},{"id":3490,"url":"\/?page_id=3490","url_meta":{"origin":4327,"position":2},"title":"Sch\u00fctzenfest 2017","author":"Sebastian Werpup","date":"18. September 2019","format":false,"excerpt":"Weitere Bilder vom Sch\u00fctzenfest 2017:","rel":"","context":"\u00c4hnlicher Beitrag","block_context":{"text":"\u00c4hnlicher Beitrag","link":""},"img":{"alt_text":"","src":"https:\/\/i0.wp.com\/hsv-ovenhausen.de\/hsv-neu\/wp-content\/uploads\/2019\/09\/Sch%C3%BCtzenfest_Ovenhausen_2017-62-1024x683.jpg?resize=350%2C200","width":350,"height":200,"srcset":"https:\/\/i0.wp.com\/hsv-ovenhausen.de\/hsv-neu\/wp-content\/uploads\/2019\/09\/Sch%C3%BCtzenfest_Ovenhausen_2017-62-1024x683.jpg?resize=350%2C200 1x, https:\/\/i0.wp.com\/hsv-ovenhausen.de\/hsv-neu\/wp-content\/uploads\/2019\/09\/Sch%C3%BCtzenfest_Ovenhausen_2017-62-1024x683.jpg?resize=525%2C300 1.5x, https:\/\/i0.wp.com\/hsv-ovenhausen.de\/hsv-neu\/wp-content\/uploads\/2019\/09\/Sch%C3%BCtzenfest_Ovenhausen_2017-62-1024x683.jpg?resize=700%2C400 2x"},"classes":[]},{"id":4157,"url":"\/?page_id=4157","url_meta":{"origin":4327,"position":3},"title":"Heimatfest 2025 &#8211; Festprogramm","author":"Matthias Gorzolka","date":"2. Juni 2025","format":false,"excerpt":"Liebe G\u00e4ste aus Nah und Fern, liebe Ovenh\u00e4userinnen und Ovenh\u00e4user, liebe Freunde des Heimatfestes, das Festprogramm f\u00fcr das 11. Gro\u00dfe Heimatfest in Ovenhausen! Neben dem gro\u00dfen historischen Umzug ist der Freitag Abend besonders hervor zu heben. Wir konnten tolle K\u00fcnstler engagieren und bieten zum Programm einen westf\u00e4lischen Snack an. Das\u2026","rel":"","context":"\u00c4hnlicher Beitrag","block_context":{"text":"\u00c4hnlicher Beitrag","link":""},"img":{"alt_text":"","src":"https:\/\/i0.wp.com\/hsv-ovenhausen.de\/hsv-neu\/wp-content\/uploads\/2025\/06\/Heimatfest-2025-Flyer-Seite-1.jpg?fit=987%2C1030&resize=350%2C200","width":350,"height":200,"srcset":"https:\/\/i0.wp.com\/hsv-ovenhausen.de\/hsv-neu\/wp-content\/uploads\/2025\/06\/Heimatfest-2025-Flyer-Seite-1.jpg?fit=987%2C1030&resize=350%2C200 1x, https:\/\/i0.wp.com\/hsv-ovenhausen.de\/hsv-neu\/wp-content\/uploads\/2025\/06\/Heimatfest-2025-Flyer-Seite-1.jpg?fit=987%2C1030&resize=525%2C300 1.5x, https:\/\/i0.wp.com\/hsv-ovenhausen.de\/hsv-neu\/wp-content\/uploads\/2025\/06\/Heimatfest-2025-Flyer-Seite-1.jpg?fit=987%2C1030&resize=700%2C400 2x"},"classes":[]},{"id":4150,"url":"\/?page_id=4150","url_meta":{"origin":4327,"position":4},"title":"Heimatfest 2025","author":"Matthias Gorzolka","date":"1. Juli 2025","format":false,"excerpt":"Liebe G\u00e4ste aus Nah und Fern, liebe Ovenh\u00e4userinnen und Ovenh\u00e4user sowie Freundinnen und Freunde des Sch\u00fctzenwesens,der Heimat- und Sch\u00fctzenverein Ovenhausen freut sich, Sie alle zum 11. Gro\u00dfen Heimatfest in Ovenhausen begr\u00fc\u00dfen zu d\u00fcrfen. Alle zehn Jahre feiern wir unsere Heimat, das Dorf und das Sch\u00fctzenwesen mit einem gro\u00dfen Fest der\u2026","rel":"","context":"\u00c4hnlicher Beitrag","block_context":{"text":"\u00c4hnlicher Beitrag","link":""},"img":{"alt_text":"","src":"https:\/\/i0.wp.com\/hsv-ovenhausen.de\/hsv-neu\/wp-content\/uploads\/2025\/07\/PLAKAT_Heimatfest_2025_A2_Ansicht-scaled.jpg?resize=350%2C200","width":350,"height":200,"srcset":"https:\/\/i0.wp.com\/hsv-ovenhausen.de\/hsv-neu\/wp-content\/uploads\/2025\/07\/PLAKAT_Heimatfest_2025_A2_Ansicht-scaled.jpg?resize=350%2C200 1x, https:\/\/i0.wp.com\/hsv-ovenhausen.de\/hsv-neu\/wp-content\/uploads\/2025\/07\/PLAKAT_Heimatfest_2025_A2_Ansicht-scaled.jpg?resize=525%2C300 1.5x, https:\/\/i0.wp.com\/hsv-ovenhausen.de\/hsv-neu\/wp-content\/uploads\/2025\/07\/PLAKAT_Heimatfest_2025_A2_Ansicht-scaled.jpg?resize=700%2C400 2x, https:\/\/i0.wp.com\/hsv-ovenhausen.de\/hsv-neu\/wp-content\/uploads\/2025\/07\/PLAKAT_Heimatfest_2025_A2_Ansicht-scaled.jpg?resize=1050%2C600 3x, https:\/\/i0.wp.com\/hsv-ovenhausen.de\/hsv-neu\/wp-content\/uploads\/2025\/07\/PLAKAT_Heimatfest_2025_A2_Ansicht-scaled.jpg?resize=1400%2C800 4x"},"classes":[]},{"id":2776,"url":"\/?page_id=2776","url_meta":{"origin":4327,"position":5},"title":"Datenschutzerkl\u00e4rung","author":"Sebastian Werpup","date":"14. Juni 2018","format":false,"excerpt":"Wer wir sind: Der Heimat- und Sch\u00fctzenverein Ovenhausen von 1575 e.V. \u00a0 Kommentare Wenn Besucher Kommentare auf der Website schreiben, sammeln wir die Daten, die im Kommentar-Formular angezeigt werden, au\u00dferdem die IP-Adresse des Besuchers und den User-Agent-String (damit wird der Browser identifiziert), um die Erkennung von Spam zu unterst\u00fctzen. Aus\u2026","rel":"","context":"\u00c4hnlicher Beitrag","block_context":{"text":"\u00c4hnlicher Beitrag","link":""},"img":{"alt_text":"","src":"","width":0,"height":0},"classes":[]}],"_links":{"self":[{"href":"\/index.php?rest_route=\/wp\/v2\/pages\/4327","targetHints":{"allow":["GET"]}}],"collection":[{"href":"\/index.php?rest_route=\/wp\/v2\/pages"}],"about":[{"href":"\/index.php?rest_route=\/wp\/v2\/types\/page"}],"author":[{"embeddable":true,"href":"\/index.php?rest_route=\/wp\/v2\/users\/12"}],"replies":[{"embeddable":true,"href":"\/index.php?rest_route=%2Fwp%2Fv2%2Fcomments&post=4327"}],"version-history":[{"count":5,"href":"\/index.php?rest_route=\/wp\/v2\/pages\/4327\/revisions"}],"predecessor-version":[{"id":4334,"href":"\/index.php?rest_route=\/wp\/v2\/pages\/4327\/revisions\/4334"}],"wp:attachment":[{"href":"\/index.php?rest_route=%2Fwp%2Fv2%2Fmedia&parent=4327"}],"curies":[{"name":"wp","href":"https:\/\/api.w.org\/{rel}","templated":true}]}}