{"id":4372,"date":"2025-07-22T18:24:48","date_gmt":"2025-07-22T16:24:48","guid":{"rendered":"\/?page_id=4372"},"modified":"2025-07-25T10:35:43","modified_gmt":"2025-07-25T08:35:43","slug":"historischer-umzug-parken-und-ortsplan","status":"publish","type":"page","link":"\/?page_id=4372","title":{"rendered":"Historischer Festumzug &#8211; Alles auf einen Blick"},"content":{"rendered":"<div class=\"wp-block-image\">\n<figure class=\"alignright size-medium\"><a href=\"https:\/\/i0.wp.com\/hsv-ovenhausen.de\/hsv-neu\/wp-content\/uploads\/2025\/07\/Sonntag.jpg?ssl=1\"><img data-recalc-dims=\"1\" loading=\"lazy\" decoding=\"async\" width=\"240\" height=\"300\" data-attachment-id=\"4442\" data-permalink=\"\/?attachment_id=4442\" data-orig-file=\"https:\/\/i0.wp.com\/hsv-ovenhausen.de\/hsv-neu\/wp-content\/uploads\/2025\/07\/Sonntag.jpg?fit=1638%2C2048\" data-orig-size=\"1638,2048\" data-comments-opened=\"0\" data-image-meta=\"{&quot;aperture&quot;:&quot;0&quot;,&quot;credit&quot;:&quot;&quot;,&quot;camera&quot;:&quot;&quot;,&quot;caption&quot;:&quot;&quot;,&quot;created_timestamp&quot;:&quot;0&quot;,&quot;copyright&quot;:&quot;&quot;,&quot;focal_length&quot;:&quot;0&quot;,&quot;iso&quot;:&quot;0&quot;,&quot;shutter_speed&quot;:&quot;0&quot;,&quot;title&quot;:&quot;&quot;,&quot;orientation&quot;:&quot;0&quot;}\" data-image-title=\"Sonntag\" data-image-description=\"\" data-image-caption=\"\" data-medium-file=\"https:\/\/i0.wp.com\/hsv-ovenhausen.de\/hsv-neu\/wp-content\/uploads\/2025\/07\/Sonntag.jpg?fit=240%2C300\" data-large-file=\"https:\/\/i0.wp.com\/hsv-ovenhausen.de\/hsv-neu\/wp-content\/uploads\/2025\/07\/Sonntag.jpg?fit=700%2C875\" src=\"https:\/\/i0.wp.com\/hsv-ovenhausen.de\/hsv-neu\/wp-content\/uploads\/2025\/07\/Sonntag-240x300.jpg?resize=240%2C300&#038;ssl=1\" alt=\"\" class=\"wp-image-4442\" srcset=\"https:\/\/i0.wp.com\/hsv-ovenhausen.de\/hsv-neu\/wp-content\/uploads\/2025\/07\/Sonntag.jpg?resize=240%2C300 240w, https:\/\/i0.wp.com\/hsv-ovenhausen.de\/hsv-neu\/wp-content\/uploads\/2025\/07\/Sonntag.jpg?resize=819%2C1024 819w, https:\/\/i0.wp.com\/hsv-ovenhausen.de\/hsv-neu\/wp-content\/uploads\/2025\/07\/Sonntag.jpg?resize=768%2C960 768w, https:\/\/i0.wp.com\/hsv-ovenhausen.de\/hsv-neu\/wp-content\/uploads\/2025\/07\/Sonntag.jpg?resize=1229%2C1536 1229w, https:\/\/i0.wp.com\/hsv-ovenhausen.de\/hsv-neu\/wp-content\/uploads\/2025\/07\/Sonntag.jpg?w=1638 1638w, https:\/\/i0.wp.com\/hsv-ovenhausen.de\/hsv-neu\/wp-content\/uploads\/2025\/07\/Sonntag.jpg?w=1400 1400w\" sizes=\"auto, (max-width: 240px) 100vw, 240px\" \/><\/a><\/figure>\n<\/div>\n\n\n<p>Der gro\u00dfe historische Festumzug am Sonntag mit insgesamt \u00fcber 1.000 Teilnehmern, 14 Wagen, 13 Fu\u00dfgruppen und dem gro\u00dfem Sch\u00fctzenumzug mit 16 Gastvereinen und 8 Musikvereinen ist das Highlight des Heimatfestes. Traditionell wird dazu die Ortschaft f\u00fcr den Stra\u00dfenverkehr von 11:00 Uhr bis 20:00 Uhr gesperrt. <\/p>\n\n\n\n<p>Am Festplatz geht es nach dem Umzug weiter. Im Biergarten wird es gem\u00fctlich, der Luna Park wird ge\u00f6ffnet und im Zelt steigt die n\u00e4chste Party.<\/p>\n\n\n\n<h2 class=\"wp-block-heading\">Ortsplan<\/h2>\n\n\n\n<p>Alles Wichtige f\u00fcr Sonntag auf einem Blick. Das vollst\u00e4ndige Festprogramm von Freitag bis Montag finden Sie <a href=\"\/?page_id=4157\" data-type=\"page\" data-id=\"4157\">hier<\/a>.<\/p>\n\n\n\n<iframe loading=\"lazy\" width=\"100%\" height=\"400px\" frameborder=\"0\" allowfullscreen allow=\"geolocation\" src=\"\/\/umap.openstreetmap.de\/de\/map\/heimatfest-2025_101748?scaleControl=false&#038;miniMap=false&#038;scrollWheelZoom=false&#038;zoomControl=true&#038;editMode=disabled&#038;moreControl=true&#038;searchControl=null&#038;tilelayersControl=null&#038;embedControl=null&#038;datalayersControl=true&#038;onLoadPanel=none&#038;captionBar=false&#038;captionMenus=true\"><\/iframe><p><a href=\"\/\/umap.openstreetmap.de\/de\/map\/heimatfest-2025_101748?scaleControl=false&#038;miniMap=false&#038;scrollWheelZoom=true&#038;zoomControl=true&#038;editMode=disabled&#038;moreControl=true&#038;searchControl=null&#038;tilelayersControl=null&#038;embedControl=null&#038;datalayersControl=true&#038;onLoadPanel=none&#038;captionBar=false&#038;captionMenus=true\">Karte \u00f6ffnen<\/a><\/p>\n\n\n\n<h2 class=\"wp-block-heading\">Bustransfer<\/h2>\n\n\n\n<p>F\u00fcr den historischen Umzug wird ein kostenloser Bustransfer von der Firma Block von H\u00f6xter nach Ovenhausen angeboten. Der Busfahrer freut sich auf ein kleines Trinkgeld. <\/p>\n\n\n\n<ul class=\"wp-block-list\">\n<li>13:30 Uhr H\u00f6xter-Bahnhof<\/li>\n\n\n\n<li>13:32 Uhr H\u00f6xter-Stadthaus<\/li>\n\n\n\n<li>13:35 Uhr H\u00f6xter-Lidl<\/li>\n\n\n\n<li>13:40 Uhr L\u00fctmarsen<\/li>\n\n\n\n<li>13:50 Uhr Ovenhausen-Maderas<\/li>\n<\/ul>\n\n\n\n<p>Von Maderas bis zum Ehrenmal (Festakt und Festansprache) sind es ca. 700m und weiter zum Ortskern weitere 300m (Moderation Umzug). Auf dem Weg zum Ehrenmal und Ortskern kommt man an dem noch stehenden historischen Umzug vorbei und kann die Wagen bereits bestaunen.<\/p>\n\n\n\n<p>R\u00fcckfahrt: 18:00 Uhr Ovenhausen-Maderas<\/p>\n\n\n\n<h2 class=\"wp-block-heading\">Mit dem Auto<\/h2>\n\n\n\n<p>Es stehen aus allen Richtungen (H\u00f6xter, V\u00f6rden\/Altenbergen sowie Bosseborn) mehrere ausgewiesene Parkfl\u00e4chen zur Verf\u00fcgung (siehe Karte oben). Lediglich aus Richtung Bosseborn\/Brakel gibt es nur begrenzte Parkm\u00f6glichkeiten. Besuchern aus dieser Richtung wird empfohlen, \u00fcber Bosseborn und L\u00fctmarsen oder B\u00f6kendorf und V\u00f6rden anzureisen.<\/p>\n\n\n\n<p>F\u00fcr Menschen mit Behinderungen sind extra Parkpl\u00e4tze ausgewiesen, die n\u00e4her an der Dorfmitte liegen.<\/p>\n\n\n\n<p>W\u00e4hrend der Sperrung der Durchfahrtsstra\u00dfen in Ovenhausen (11:00\u201320:00 Uhr) sollen die Zufahrtsstra\u00dfen nicht f\u00fcrs Parken genutzt werden um die Wege f\u00fcr Feuerwehr und Polizei m\u00f6glichst frei zu halten; es stehen gen\u00fcgend Parkfl\u00e4chen auf den Wiesen bereit. Falls die Wiesen aufgrund der Wetterlage nicht nutzbar sind, werden wir dies an dieser Stelle und auf Instagram kommunizieren. <\/p>\n\n\n\n<h2 class=\"wp-block-heading\">Mit dem Fahrrad<\/h2>\n\n\n\n<p>Fahrradfahrer k\u00f6nnen die gut ausgebauten Fahrradwege aus Richtung H\u00f6xter und V\u00f6rden nutzen. Es stehen mehrere ausgewiesene Stellpl\u00e4tze zur Verf\u00fcgung &#8211; aus Richtung H\u00f6xter auch ein \u00fcberdachter Stellplatz (siehe Karte).<\/p>\n\n\n\n<h2 class=\"wp-block-heading\">Verpflegung, \u00d6rtlichkeiten und Moderation<\/h2>\n\n\n\n<p>An der Kirche wird der Sch\u00fctzenumzug und der historische Umzug moderiert. Freuen sie sich auf eine Zeitreise durch die westf\u00e4lische Dorfgeschichte passend zu den historischen Wagen und Fu\u00dfgruppen.<\/p>\n\n\n\n<p>Rund um den Dorfkern stehen vor, w\u00e4hrend und nach dem Umzug mehrere Imbisse, Getr\u00e4nkest\u00e4nde und Toilettenwagen zur Verf\u00fcgung. <\/p>\n\n\n\n<p>F\u00fcr Notf\u00e4lle stehen im Pfarrheim (gegen\u00fcber der Kirche) und am Feuerwehrger\u00e4tehaus 1. Hilfekr\u00e4fte zur Verf\u00fcgung.<\/p>\n\n\n\n<h2 class=\"wp-block-heading\">Nach dem Umzug geht&#8217;s weiter<\/h2>\n\n\n\n<p>Folgen Sie gerne den Umzug hoch zum Festplatz und lassen sie im Festzelt und im Biergarten den Tag ausklingen &#8211; Es wird Unterhaltung f\u00fcr die ganz Familie geboten.<\/p>\n\n\n\n<p>Im Zelt geht es weiter im den Musikspiel der Musikvereine und dem K\u00f6nigstanz. Dolve Vita wird uns dann bis tief in den Abend weiter auf den Beinen halten \ud83d\ude42<\/p>\n\n\n\n<p>Vor dem Festzelt k\u00f6nnen Sie es sich im Biergarten gem\u00fctlich machen. Leckeres Essen, kalte Getr\u00e4nke und Unterhaltung im Luna Park &#8211; hier ist f\u00fcr jeden etwas dabei. Neben der klassischen Schie\u00dfbude gibt es dieses Jahr auch Spannung an der Lotterie und Nervenkitzel im Fliegenden Teppich.<\/p>\n\n\n\n<p>Wir freuen uns auf Ihren Besuch.<\/p>\n","protected":false},"excerpt":{"rendered":"<p>Der gro\u00dfe historische Festumzug am Sonntag mit insgesamt \u00fcber 1.000 Teilnehmern, 14 Wagen, 13 Fu\u00dfgruppen und dem gro\u00dfem Sch\u00fctzenumzug mit 16 Gastvereinen und 8 Musikvereinen ist das Highlight des Heimatfestes. Traditionell wird dazu die Ortschaft f\u00fcr den Stra\u00dfenverkehr von 11:00&hellip; <\/p>\n","protected":false},"author":12,"featured_media":0,"parent":0,"menu_order":0,"comment_status":"closed","ping_status":"closed","template":"","meta":{"jetpack_post_was_ever_published":false,"footnotes":""},"class_list":["post-4372","page","type-page","status-publish","hentry"],"jetpack_sharing_enabled":true,"jetpack_shortlink":"https:\/\/wp.me\/P7qpVN-18w","jetpack-related-posts":[{"id":4157,"url":"\/?page_id=4157","url_meta":{"origin":4372,"position":0},"title":"Heimatfest 2025 &#8211; Festprogramm","author":"Matthias Gorzolka","date":"2. Juni 2025","format":false,"excerpt":"Liebe G\u00e4ste aus Nah und Fern, liebe Ovenh\u00e4userinnen und Ovenh\u00e4user, liebe Freunde des Heimatfestes, das Festprogramm f\u00fcr das 11. Gro\u00dfe Heimatfest in Ovenhausen! Neben dem gro\u00dfen historischen Umzug ist der Freitag Abend besonders hervor zu heben. Wir konnten tolle K\u00fcnstler engagieren und bieten zum Programm einen westf\u00e4lischen Snack an. Das\u2026","rel":"","context":"\u00c4hnlicher Beitrag","block_context":{"text":"\u00c4hnlicher Beitrag","link":""},"img":{"alt_text":"","src":"https:\/\/i0.wp.com\/hsv-ovenhausen.de\/hsv-neu\/wp-content\/uploads\/2025\/06\/Heimatfest-2025-Flyer-Seite-1.jpg?fit=987%2C1030&resize=350%2C200","width":350,"height":200,"srcset":"https:\/\/i0.wp.com\/hsv-ovenhausen.de\/hsv-neu\/wp-content\/uploads\/2025\/06\/Heimatfest-2025-Flyer-Seite-1.jpg?fit=987%2C1030&resize=350%2C200 1x, https:\/\/i0.wp.com\/hsv-ovenhausen.de\/hsv-neu\/wp-content\/uploads\/2025\/06\/Heimatfest-2025-Flyer-Seite-1.jpg?fit=987%2C1030&resize=525%2C300 1.5x, https:\/\/i0.wp.com\/hsv-ovenhausen.de\/hsv-neu\/wp-content\/uploads\/2025\/06\/Heimatfest-2025-Flyer-Seite-1.jpg?fit=987%2C1030&resize=700%2C400 2x"},"classes":[]},{"id":4435,"url":"\/?page_id=4435","url_meta":{"origin":4372,"position":1},"title":"Heimatfest 2025 &#8211; Westf\u00e4lischer Abend","author":"Matthias Gorzolka","date":"25. Juli 2025","format":false,"excerpt":"Der gro\u00dfe Galaabend als Auftaktveranstaltung des 11. Heimatfestes in Ovenhausen bietet wieder Unterhaltung der Extraklasse. Mit dem deutschlandweit bekannten Kabarettisten Bauer Heinrich Schulte-Br\u00f6mmelkamp, dem gro\u00dfartigem Variet\u00e9 \"Die Warees\u201d und den Vollblutmusikern von Blosnkepp wird ein facettenreiches und abendf\u00fcllendes Programm zum lachen, staunen und mitschwingen zusammengestellt. F\u00fcr die perfekte Einstimmung und\u2026","rel":"","context":"\u00c4hnlicher Beitrag","block_context":{"text":"\u00c4hnlicher Beitrag","link":""},"img":{"alt_text":"","src":"https:\/\/i0.wp.com\/hsv-ovenhausen.de\/hsv-neu\/wp-content\/uploads\/2025\/07\/Westfaelischer-Abend.jpg?resize=350%2C200","width":350,"height":200,"srcset":"https:\/\/i0.wp.com\/hsv-ovenhausen.de\/hsv-neu\/wp-content\/uploads\/2025\/07\/Westfaelischer-Abend.jpg?resize=350%2C200 1x, https:\/\/i0.wp.com\/hsv-ovenhausen.de\/hsv-neu\/wp-content\/uploads\/2025\/07\/Westfaelischer-Abend.jpg?resize=525%2C300 1.5x, https:\/\/i0.wp.com\/hsv-ovenhausen.de\/hsv-neu\/wp-content\/uploads\/2025\/07\/Westfaelischer-Abend.jpg?resize=700%2C400 2x, https:\/\/i0.wp.com\/hsv-ovenhausen.de\/hsv-neu\/wp-content\/uploads\/2025\/07\/Westfaelischer-Abend.jpg?resize=1050%2C600 3x, https:\/\/i0.wp.com\/hsv-ovenhausen.de\/hsv-neu\/wp-content\/uploads\/2025\/07\/Westfaelischer-Abend.jpg?resize=1400%2C800 4x"},"classes":[]},{"id":2387,"url":"\/?page_id=2387","url_meta":{"origin":4372,"position":2},"title":"2016","author":"Martin Bahr","date":"9. Oktober 2016","format":false,"excerpt":"Endlich geschafft Der HSV Ovenhausen pr\u00e4sentiert den \u201eersten deutschen Meistertitel\u201c \u00a0 Das viele Training hat sich ausgezahlt. Am Samstag, den 08.10.2016 durfte der HSV erstmals an der Deutschen Meisterschaft KK 100 Meter in Hannover teilnehmen. Qualifiziert hatten sich die Sch\u00fctzen: Ewald Hanke \u2013 Martin Bahr und Elmar Dr\u00fcke mit dem\u2026","rel":"","context":"\u00c4hnlicher Beitrag","block_context":{"text":"\u00c4hnlicher Beitrag","link":""},"img":{"alt_text":"img-20161008-wa0023","src":"https:\/\/i0.wp.com\/hsv-ovenhausen.de\/hsv-neu\/wp-content\/uploads\/2016\/10\/IMG-20161008-WA0023-300x225.jpg?resize=350%2C200","width":350,"height":200,"srcset":"https:\/\/i0.wp.com\/hsv-ovenhausen.de\/hsv-neu\/wp-content\/uploads\/2016\/10\/IMG-20161008-WA0023-300x225.jpg?resize=350%2C200 1x, https:\/\/i0.wp.com\/hsv-ovenhausen.de\/hsv-neu\/wp-content\/uploads\/2016\/10\/IMG-20161008-WA0023-300x225.jpg?resize=525%2C300 1.5x"},"classes":[]},{"id":2594,"url":"\/?page_id=2594","url_meta":{"origin":4372,"position":3},"title":"2016","author":"Martin Bahr","date":"10. Januar 2017","format":false,"excerpt":"Am Vormittag des 16 Oktober wurde zum dritten Part der Deutschen Meisterschaften 2016 gestartet. Es ging nach Dortmund zur DM LG 10 Meter - qualifiziert hatte sich die Truppe durch die Bronzemedaille bei den Landesmeisterschaften. Auch das war, wie berichtet ein ganz gro\u00dfe Erfolg der HSV Sch\u00fctzen. Aber schon w\u00e4hrend\u2026","rel":"","context":"\u00c4hnlicher Beitrag","block_context":{"text":"\u00c4hnlicher Beitrag","link":""},"img":{"alt_text":"","src":"https:\/\/i0.wp.com\/hsv-ovenhausen.de\/hsv-neu\/wp-content\/uploads\/2017\/01\/Projekt04-300x212.jpg?resize=350%2C200","width":350,"height":200,"srcset":"https:\/\/i0.wp.com\/hsv-ovenhausen.de\/hsv-neu\/wp-content\/uploads\/2017\/01\/Projekt04-300x212.jpg?resize=350%2C200 1x, https:\/\/i0.wp.com\/hsv-ovenhausen.de\/hsv-neu\/wp-content\/uploads\/2017\/01\/Projekt04-300x212.jpg?resize=525%2C300 1.5x"},"classes":[]},{"id":2272,"url":"\/?page_id=2272","url_meta":{"origin":4372,"position":4},"title":"2016 KK Senioren A 100 Meter","author":"Martin Bahr","date":"4. Juli 2016","format":false,"excerpt":"Landesmeister ist der HSV Ovenhausen in der Disziplin KK \u2013 100 Meter Langsam wird es unheimlich um den HSV Ovenhausen \u2013 beim dritten Start der diesj\u00e4hrigen Landesmeisterschaften der Senioren A, dieses mal in Hamm, in der Disziplin KK-100 Meter wurde wieder gesiegt. Die Sch\u00fctzen Ewald Hanke, Martin Bahr und Elmar\u2026","rel":"","context":"\u00c4hnlicher Beitrag","block_context":{"text":"\u00c4hnlicher Beitrag","link":""},"img":{"alt_text":"IMG-20160703-WA0015_1467624075304","src":"https:\/\/i0.wp.com\/hsv-ovenhausen.de\/hsv-neu\/wp-content\/uploads\/2016\/07\/IMG-20160703-WA0015_1467624075304-300x169.jpg?resize=350%2C200","width":350,"height":200,"srcset":"https:\/\/i0.wp.com\/hsv-ovenhausen.de\/hsv-neu\/wp-content\/uploads\/2016\/07\/IMG-20160703-WA0015_1467624075304-300x169.jpg?resize=350%2C200 1x, https:\/\/i0.wp.com\/hsv-ovenhausen.de\/hsv-neu\/wp-content\/uploads\/2016\/07\/IMG-20160703-WA0015_1467624075304-300x169.jpg?resize=525%2C300 1.5x"},"classes":[]},{"id":2381,"url":"\/?page_id=2381","url_meta":{"origin":4372,"position":5},"title":"2016","author":"Martin Bahr","date":"9. Oktober 2016","format":false,"excerpt":"Martin Bahr erringt bei den Deutschen Meisterschaften KK 50 Meter in Hannover die Bronzemedaille und die Mannschaft des HSV Ovenhausen belegt Platz 4. Der HSV Ovenhausen sorgt bei den Deutschen Meisterschaften KK 50 Meter in Hannover f\u00fcr eine kleine Sensation. Erstmals konnte sich die Mannschaft des HSV f\u00fcr die DM\u2026","rel":"","context":"\u00c4hnlicher Beitrag","block_context":{"text":"\u00c4hnlicher Beitrag","link":""},"img":{"alt_text":"img-20161006-wa0062","src":"https:\/\/i0.wp.com\/hsv-ovenhausen.de\/hsv-neu\/wp-content\/uploads\/2016\/10\/IMG-20161006-WA0062-225x300.jpg?resize=350%2C200","width":350,"height":200},"classes":[]}],"_links":{"self":[{"href":"\/index.php?rest_route=\/wp\/v2\/pages\/4372","targetHints":{"allow":["GET"]}}],"collection":[{"href":"\/index.php?rest_route=\/wp\/v2\/pages"}],"about":[{"href":"\/index.php?rest_route=\/wp\/v2\/types\/page"}],"author":[{"embeddable":true,"href":"\/index.php?rest_route=\/wp\/v2\/users\/12"}],"replies":[{"embeddable":true,"href":"\/index.php?rest_route=%2Fwp%2Fv2%2Fcomments&post=4372"}],"version-history":[{"count":40,"href":"\/index.php?rest_route=\/wp\/v2\/pages\/4372\/revisions"}],"predecessor-version":[{"id":4449,"href":"\/index.php?rest_route=\/wp\/v2\/pages\/4372\/revisions\/4449"}],"wp:attachment":[{"href":"\/index.php?rest_route=%2Fwp%2Fv2%2Fmedia&parent=4372"}],"curies":[{"name":"wp","href":"https:\/\/api.w.org\/{rel}","templated":true}]}}