{"id":4435,"date":"2025-07-25T10:09:10","date_gmt":"2025-07-25T08:09:10","guid":{"rendered":"\/?page_id=4435"},"modified":"2025-07-25T10:11:18","modified_gmt":"2025-07-25T08:11:18","slug":"heimatfest-2025-westfaelischer-abend","status":"publish","type":"page","link":"\/?page_id=4435","title":{"rendered":"Heimatfest 2025 &#8211; Westf\u00e4lischer Abend"},"content":{"rendered":"<div class=\"wp-block-image\">\n<figure class=\"alignright size-medium\"><a href=\"https:\/\/i0.wp.com\/hsv-ovenhausen.de\/hsv-neu\/wp-content\/uploads\/2025\/07\/Westfaelischer-Abend.jpg?ssl=1\"><img data-recalc-dims=\"1\" loading=\"lazy\" decoding=\"async\" width=\"240\" height=\"300\" data-attachment-id=\"4437\" data-permalink=\"\/?attachment_id=4437\" data-orig-file=\"https:\/\/i0.wp.com\/hsv-ovenhausen.de\/hsv-neu\/wp-content\/uploads\/2025\/07\/Westfaelischer-Abend.jpg?fit=1638%2C2048\" data-orig-size=\"1638,2048\" data-comments-opened=\"0\" data-image-meta=\"{&quot;aperture&quot;:&quot;0&quot;,&quot;credit&quot;:&quot;&quot;,&quot;camera&quot;:&quot;&quot;,&quot;caption&quot;:&quot;&quot;,&quot;created_timestamp&quot;:&quot;0&quot;,&quot;copyright&quot;:&quot;&quot;,&quot;focal_length&quot;:&quot;0&quot;,&quot;iso&quot;:&quot;0&quot;,&quot;shutter_speed&quot;:&quot;0&quot;,&quot;title&quot;:&quot;&quot;,&quot;orientation&quot;:&quot;0&quot;}\" data-image-title=\"Westf\u00e4lischer Abend\" data-image-description=\"\" data-image-caption=\"\" data-medium-file=\"https:\/\/i0.wp.com\/hsv-ovenhausen.de\/hsv-neu\/wp-content\/uploads\/2025\/07\/Westfaelischer-Abend.jpg?fit=240%2C300\" data-large-file=\"https:\/\/i0.wp.com\/hsv-ovenhausen.de\/hsv-neu\/wp-content\/uploads\/2025\/07\/Westfaelischer-Abend.jpg?fit=700%2C875\" src=\"https:\/\/i0.wp.com\/hsv-ovenhausen.de\/hsv-neu\/wp-content\/uploads\/2025\/07\/Westfaelischer-Abend-240x300.jpg?resize=240%2C300&#038;ssl=1\" alt=\"\" class=\"wp-image-4437\" srcset=\"https:\/\/i0.wp.com\/hsv-ovenhausen.de\/hsv-neu\/wp-content\/uploads\/2025\/07\/Westfaelischer-Abend.jpg?resize=240%2C300 240w, https:\/\/i0.wp.com\/hsv-ovenhausen.de\/hsv-neu\/wp-content\/uploads\/2025\/07\/Westfaelischer-Abend.jpg?resize=819%2C1024 819w, https:\/\/i0.wp.com\/hsv-ovenhausen.de\/hsv-neu\/wp-content\/uploads\/2025\/07\/Westfaelischer-Abend.jpg?resize=768%2C960 768w, https:\/\/i0.wp.com\/hsv-ovenhausen.de\/hsv-neu\/wp-content\/uploads\/2025\/07\/Westfaelischer-Abend.jpg?resize=1229%2C1536 1229w, https:\/\/i0.wp.com\/hsv-ovenhausen.de\/hsv-neu\/wp-content\/uploads\/2025\/07\/Westfaelischer-Abend.jpg?w=1638 1638w, https:\/\/i0.wp.com\/hsv-ovenhausen.de\/hsv-neu\/wp-content\/uploads\/2025\/07\/Westfaelischer-Abend.jpg?w=1400 1400w\" sizes=\"auto, (max-width: 240px) 100vw, 240px\" \/><\/a><\/figure>\n<\/div>\n\n\n<p>Der gro\u00dfe Galaabend als Auftaktveranstaltung des 11. Heimatfestes in Ovenhausen bietet wieder Unterhaltung der Extraklasse.<\/p>\n\n\n\n<p>Mit dem deutschlandweit bekannten Kabarettisten Bauer Heinrich Schulte-Br\u00f6mmelkamp, dem gro\u00dfartigem Variet\u00e9 &#8222;Die Warees\u201d und den Vollblutmusikern von Blosnkepp wird ein facettenreiches und abendf\u00fcllendes Programm zum lachen, staunen und mitschwingen zusammengestellt.<\/p>\n\n\n\n<p>F\u00fcr die perfekte Einstimmung und den kleinen Abendhunger wird ein Westf\u00e4lischer Imbiss aus leckeren, regionalen Produkten angeboten (auch als vegetarische Alternative). Der Imbiss kann aus organisatorischen Gr\u00fcnden nur im Vorverkauf erworben werden.<\/p>\n\n\n\n<p><strong>Hinweise und Kartenverkauf<\/strong><\/p>\n\n\n\n<p>F\u00fcr die Veranstaltung gilt freie Platzwahl. Das Zelt ist ab 18:00 Uhr ge\u00f6ffnet. Der Imbiss wird ab ca. 18:45 Uhr gereicht. Programmstart ist 19:30 Uhr. <\/p>\n\n\n\n<p>Der Kartenvorverkauf ist beendet.<\/p>\n\n\n\n<p>An der Abendkasse sind Tickets f\u00fcr 12\u20ac erh\u00e4ltlich.<\/p>\n\n\n\n<p>Alle weiteren Informationen zum Heimatfest finden Sie <a href=\"\/\" data-type=\"page\" data-id=\"4150\">hier<\/a>.<\/p>\n\n\n\n<p><\/p>\n\n\n\n<p>Wir freuen uns auf Ihren Besuch.<\/p>\n","protected":false},"excerpt":{"rendered":"<p>Der gro\u00dfe Galaabend als Auftaktveranstaltung des 11. Heimatfestes in Ovenhausen bietet wieder Unterhaltung der Extraklasse. Mit dem deutschlandweit bekannten Kabarettisten Bauer Heinrich Schulte-Br\u00f6mmelkamp, dem gro\u00dfartigem Variet\u00e9 &#8222;Die Warees\u201d und den Vollblutmusikern von Blosnkepp wird ein facettenreiches und abendf\u00fcllendes Programm zum&hellip; <\/p>\n","protected":false},"author":12,"featured_media":0,"parent":0,"menu_order":0,"comment_status":"closed","ping_status":"closed","template":"","meta":{"jetpack_post_was_ever_published":false,"footnotes":""},"class_list":["post-4435","page","type-page","status-publish","hentry"],"jetpack_sharing_enabled":true,"jetpack_shortlink":"https:\/\/wp.me\/P7qpVN-19x","jetpack-related-posts":[{"id":4147,"url":"\/?page_id=4147","url_meta":{"origin":4435,"position":0},"title":"Heimatfest 2025 &#8211; Kartenvorverkauf und Preise","author":"Matthias Gorzolka","date":"1. Juli 2025","format":false,"excerpt":"Vorverkaufsstellen Karten k\u00f6nnen Vorort und Online (f\u00fcr Freitag und Samstag) erworben werden: Backerei Wiegers in Ovenhausen (Google Maps) B\u00e4ckerei Engel in H\u00f6xter (Pfennigbreite) (Google Maps) B\u00e4ckerei Engel in H\u00f6xter (Brenkh\u00e4user Stra\u00dfe) (Google Maps) Eventim Preise Fr, 25.07.2025 - Westf\u00e4lischer Abend - Vorverkauf: 10\u20ac und optional Westf\u00e4lischer Snack: 6\u20ac - Abendkasse:\u2026","rel":"","context":"\u00c4hnlicher Beitrag","block_context":{"text":"\u00c4hnlicher Beitrag","link":""},"img":{"alt_text":"","src":"https:\/\/i0.wp.com\/hsv-ovenhausen.de\/hsv-neu\/wp-content\/uploads\/2025\/07\/PLAKAT_Heimatfest_2025_A2_Ansicht-scaled.jpg?resize=350%2C200","width":350,"height":200,"srcset":"https:\/\/i0.wp.com\/hsv-ovenhausen.de\/hsv-neu\/wp-content\/uploads\/2025\/07\/PLAKAT_Heimatfest_2025_A2_Ansicht-scaled.jpg?resize=350%2C200 1x, https:\/\/i0.wp.com\/hsv-ovenhausen.de\/hsv-neu\/wp-content\/uploads\/2025\/07\/PLAKAT_Heimatfest_2025_A2_Ansicht-scaled.jpg?resize=525%2C300 1.5x, https:\/\/i0.wp.com\/hsv-ovenhausen.de\/hsv-neu\/wp-content\/uploads\/2025\/07\/PLAKAT_Heimatfest_2025_A2_Ansicht-scaled.jpg?resize=700%2C400 2x, https:\/\/i0.wp.com\/hsv-ovenhausen.de\/hsv-neu\/wp-content\/uploads\/2025\/07\/PLAKAT_Heimatfest_2025_A2_Ansicht-scaled.jpg?resize=1050%2C600 3x, https:\/\/i0.wp.com\/hsv-ovenhausen.de\/hsv-neu\/wp-content\/uploads\/2025\/07\/PLAKAT_Heimatfest_2025_A2_Ansicht-scaled.jpg?resize=1400%2C800 4x"},"classes":[]},{"id":4150,"url":"\/?page_id=4150","url_meta":{"origin":4435,"position":1},"title":"Heimatfest 2025","author":"Matthias Gorzolka","date":"1. Juli 2025","format":false,"excerpt":"Liebe G\u00e4ste aus Nah und Fern, liebe Ovenh\u00e4userinnen und Ovenh\u00e4user sowie Freundinnen und Freunde des Sch\u00fctzenwesens,der Heimat- und Sch\u00fctzenverein Ovenhausen freut sich, Sie alle zum 11. Gro\u00dfen Heimatfest in Ovenhausen begr\u00fc\u00dfen zu d\u00fcrfen. Alle zehn Jahre feiern wir unsere Heimat, das Dorf und das Sch\u00fctzenwesen mit einem gro\u00dfen Fest der\u2026","rel":"","context":"\u00c4hnlicher Beitrag","block_context":{"text":"\u00c4hnlicher Beitrag","link":""},"img":{"alt_text":"","src":"https:\/\/i0.wp.com\/hsv-ovenhausen.de\/hsv-neu\/wp-content\/uploads\/2025\/07\/PLAKAT_Heimatfest_2025_A2_Ansicht-scaled.jpg?resize=350%2C200","width":350,"height":200,"srcset":"https:\/\/i0.wp.com\/hsv-ovenhausen.de\/hsv-neu\/wp-content\/uploads\/2025\/07\/PLAKAT_Heimatfest_2025_A2_Ansicht-scaled.jpg?resize=350%2C200 1x, https:\/\/i0.wp.com\/hsv-ovenhausen.de\/hsv-neu\/wp-content\/uploads\/2025\/07\/PLAKAT_Heimatfest_2025_A2_Ansicht-scaled.jpg?resize=525%2C300 1.5x, https:\/\/i0.wp.com\/hsv-ovenhausen.de\/hsv-neu\/wp-content\/uploads\/2025\/07\/PLAKAT_Heimatfest_2025_A2_Ansicht-scaled.jpg?resize=700%2C400 2x, https:\/\/i0.wp.com\/hsv-ovenhausen.de\/hsv-neu\/wp-content\/uploads\/2025\/07\/PLAKAT_Heimatfest_2025_A2_Ansicht-scaled.jpg?resize=1050%2C600 3x, https:\/\/i0.wp.com\/hsv-ovenhausen.de\/hsv-neu\/wp-content\/uploads\/2025\/07\/PLAKAT_Heimatfest_2025_A2_Ansicht-scaled.jpg?resize=1400%2C800 4x"},"classes":[]},{"id":4372,"url":"\/?page_id=4372","url_meta":{"origin":4435,"position":2},"title":"Historischer Festumzug &#8211; Alles auf einen Blick","author":"Matthias Gorzolka","date":"22. Juli 2025","format":false,"excerpt":"Der gro\u00dfe historische Festumzug am Sonntag mit insgesamt \u00fcber 1.000 Teilnehmern, 14 Wagen, 13 Fu\u00dfgruppen und dem gro\u00dfem Sch\u00fctzenumzug mit 16 Gastvereinen und 8 Musikvereinen ist das Highlight des Heimatfestes. Traditionell wird dazu die Ortschaft f\u00fcr den Stra\u00dfenverkehr von 11:00 Uhr bis 20:00 Uhr gesperrt. Am Festplatz geht es nach\u2026","rel":"","context":"\u00c4hnlicher Beitrag","block_context":{"text":"\u00c4hnlicher Beitrag","link":""},"img":{"alt_text":"","src":"https:\/\/i0.wp.com\/hsv-ovenhausen.de\/hsv-neu\/wp-content\/uploads\/2025\/07\/Sonntag.jpg?resize=350%2C200","width":350,"height":200,"srcset":"https:\/\/i0.wp.com\/hsv-ovenhausen.de\/hsv-neu\/wp-content\/uploads\/2025\/07\/Sonntag.jpg?resize=350%2C200 1x, https:\/\/i0.wp.com\/hsv-ovenhausen.de\/hsv-neu\/wp-content\/uploads\/2025\/07\/Sonntag.jpg?resize=525%2C300 1.5x, https:\/\/i0.wp.com\/hsv-ovenhausen.de\/hsv-neu\/wp-content\/uploads\/2025\/07\/Sonntag.jpg?resize=700%2C400 2x, https:\/\/i0.wp.com\/hsv-ovenhausen.de\/hsv-neu\/wp-content\/uploads\/2025\/07\/Sonntag.jpg?resize=1050%2C600 3x, https:\/\/i0.wp.com\/hsv-ovenhausen.de\/hsv-neu\/wp-content\/uploads\/2025\/07\/Sonntag.jpg?resize=1400%2C800 4x"},"classes":[]},{"id":2776,"url":"\/?page_id=2776","url_meta":{"origin":4435,"position":3},"title":"Datenschutzerkl\u00e4rung","author":"Sebastian Werpup","date":"14. Juni 2018","format":false,"excerpt":"Wer wir sind: Der Heimat- und Sch\u00fctzenverein Ovenhausen von 1575 e.V. \u00a0 Kommentare Wenn Besucher Kommentare auf der Website schreiben, sammeln wir die Daten, die im Kommentar-Formular angezeigt werden, au\u00dferdem die IP-Adresse des Besuchers und den User-Agent-String (damit wird der Browser identifiziert), um die Erkennung von Spam zu unterst\u00fctzen. Aus\u2026","rel":"","context":"\u00c4hnlicher Beitrag","block_context":{"text":"\u00c4hnlicher Beitrag","link":""},"img":{"alt_text":"","src":"","width":0,"height":0},"classes":[]},{"id":2,"url":"\/?page_id=2","url_meta":{"origin":4435,"position":4},"title":"Vermietung Sch\u00fctzenhaus","author":"Sebastian Werpup","date":"7. April 2014","format":false,"excerpt":"Die Vermietungen werden von Herrn Josef K\u00f6ster verwaltet. Mit ihm haben Sie einen kompetenten Ansprechpartner in allen Fragen rund um den Schie\u00dfstand und die Vermietung. F\u00fcr die erste Kontaktaufnahme bitten wir sie eine Anfrage an folgende E-Mail Adresse zu senden: schiessstandovenhausen@hsv-ovenhausen.de Herr K\u00f6ster wird sich dann mit Ihnen in Verbindung\u2026","rel":"","context":"\u00c4hnlicher Beitrag","block_context":{"text":"\u00c4hnlicher Beitrag","link":""},"img":{"alt_text":"Sch\u00fctzenhaus Blick vom Parkplatz","src":"https:\/\/i0.wp.com\/hsv-ovenhausen.de\/hsv-neu\/wp-content\/uploads\/2021\/01\/Schiessstand_010.jpg?resize=350%2C200","width":350,"height":200,"srcset":"https:\/\/i0.wp.com\/hsv-ovenhausen.de\/hsv-neu\/wp-content\/uploads\/2021\/01\/Schiessstand_010.jpg?resize=350%2C200 1x, https:\/\/i0.wp.com\/hsv-ovenhausen.de\/hsv-neu\/wp-content\/uploads\/2021\/01\/Schiessstand_010.jpg?resize=525%2C300 1.5x, https:\/\/i0.wp.com\/hsv-ovenhausen.de\/hsv-neu\/wp-content\/uploads\/2021\/01\/Schiessstand_010.jpg?resize=700%2C400 2x"},"classes":[]},{"id":29,"url":"\/?page_id=29","url_meta":{"origin":4435,"position":5},"title":"Schie\u00dfsport (alte Seite)","author":"Martin Bahr","date":"12. August 2014","format":false,"excerpt":"Spitzenreiter in der Leistungsklasse - HSV holt Top-Platzierungen und Titel Ob Luftgewehr oder Kleinkaliber \u2013 die Sportsch\u00fctzen des HSV Ovenhausen sind im Kreis H\u00f6xter die treffsichersten. Sogar auf Bundesebene hat es f\u00fcr einen Sportler im Oktober Grund zum Jubeln gegeben. Bei der Deutschen Meisterschaft in Hannover landete Ewald Hanke mit\u2026","rel":"","context":"\u00c4hnlicher Beitrag","block_context":{"text":"\u00c4hnlicher Beitrag","link":""},"img":{"alt_text":"Mit Kleinkaliber und Luftgewehr auf Titeljagd. Das sind die f\u00fcnf Sch\u00fctzen (von links): Ewald Hanke, Bernward Mutter, Martin Bahr, J\u00fcrgen Todt und Markus B\u00f6melburg. Der HSV Ovenhausen belegt in der Leistungsklasse Rang eins. Foto: Oliver Temme","src":"https:\/\/i0.wp.com\/test.hsv-ovenhausen.de\/hsv-neu\/wp-content\/uploads\/2014\/08\/Schiessgruppe.jpg?resize=350%2C200","width":350,"height":200},"classes":[]}],"_links":{"self":[{"href":"\/index.php?rest_route=\/wp\/v2\/pages\/4435","targetHints":{"allow":["GET"]}}],"collection":[{"href":"\/index.php?rest_route=\/wp\/v2\/pages"}],"about":[{"href":"\/index.php?rest_route=\/wp\/v2\/types\/page"}],"author":[{"embeddable":true,"href":"\/index.php?rest_route=\/wp\/v2\/users\/12"}],"replies":[{"embeddable":true,"href":"\/index.php?rest_route=%2Fwp%2Fv2%2Fcomments&post=4435"}],"version-history":[{"count":3,"href":"\/index.php?rest_route=\/wp\/v2\/pages\/4435\/revisions"}],"predecessor-version":[{"id":4439,"href":"\/index.php?rest_route=\/wp\/v2\/pages\/4435\/revisions\/4439"}],"wp:attachment":[{"href":"\/index.php?rest_route=%2Fwp%2Fv2%2Fmedia&parent=4435"}],"curies":[{"name":"wp","href":"https:\/\/api.w.org\/{rel}","templated":true}]}}